{"id":230061,"date":"2024-08-28T22:52:37","date_gmt":"2024-08-28T20:52:37","guid":{"rendered":"https:\/\/www.collection.galerie-gerdes.com\/?post_type=product&#038;p=230061"},"modified":"2024-09-04T13:50:51","modified_gmt":"2024-09-04T11:50:51","slug":"stillleben-1954-gemaelde-aquarell-von-hugo-stadelmaier","status":"publish","type":"product","link":"https:\/\/collection.galerie-gerdes.com\/el\/p\/stillleben-1954-gemaelde-aquarell-von-hugo-stadelmaier\/","title":{"rendered":"Stillleben, 1954 | Gem\u00e4lde\/Aquarell von Hugo Stadelmaier"},"content":{"rendered":"<p>Hugo Stadelmaier (14. Juli 1901 in Schw\u00e4bisch Gm\u00fcnd \u2013 31. Mai 1979 ebenda) war ein schw\u00e4bischer Maler und Grafiker. Von 1921 bis 1923 studierte er an der Kunstakademie Stuttgart unter Christian Landenberger, Alexander Eckener und Christian Speyer. Anschlie\u00dfend setzte er seine Ausbildung von 1925 bis 1928 an den Vereinigten Staatsschulen f\u00fcr freie und angewandte Kunst in Berlin-Charlottenburg fort, wo er bei Erich Wolfsfeld und Fritz Klimsch lernte.<\/p>\n<p>Zwischen 1928 und 1930 unternahm Stadelmaier eine Studienreise nach Spanien. 1927 war er auf der Jubil\u00e4umsausstellung des W\u00fcrttembergischen Kunstvereins vertreten und 1934 nahm er an der Ausstellung \u201eS\u00fcddeutsche Kunst in M\u00fcnchen\u201c in der Neuen Pinakothek teil. Er war in Schw\u00e4bisch Gm\u00fcnd t\u00e4tig und arbeitete bis 1966 auch als Kunsterzieher. Weitere Studienreisen f\u00fchrten ihn nach Holland und Frankreich. Stadelmaier schuf Illustrationen zu \u201eDer Geiger von Gm\u00fcnd\u201c von Justinus Kerner (1923, T\u00fcbingen).<\/p>\n","protected":false},"excerpt":{"rendered":"<p>Hugo Stadelmaier (1901-1979)<br \/>\nPP stockfleckig, sollte neu gerahmt werden, ggf. ist das Blatt auch betroffen.<\/p>\n","protected":false},"featured_media":231631,"template":"","meta":{"site-sidebar-layout":"default","site-content-layout":"","ast-site-content-layout":"default","site-content-style":"default","site-sidebar-style":"default","ast-global-header-display":"","ast-banner-title-visibility":"","ast-main-header-display":"","ast-hfb-above-header-display":"","ast-hfb-below-header-display":"","ast-hfb-mobile-header-display":"","site-post-title":"","ast-breadcrumbs-content":"","ast-featured-img":"","footer-sml-layout":"","ast-disable-related-posts":"","theme-transparent-header-meta":"default","adv-header-id-meta":"","stick-header-meta":"","header-above-stick-meta":"","header-main-stick-meta":"","header-below-stick-meta":"","astra-migrate-meta-layouts":"set","ast-page-background-enabled":"default","ast-page-background-meta":{"desktop":{"background-color":"var(--ast-global-color-4)","background-image":"","background-repeat":"repeat","background-position":"center center","background-size":"auto","background-attachment":"scroll","background-type":"","background-media":"","overlay-type":"","overlay-color":"","overlay-opacity":"","overlay-gradient":""},"tablet":{"background-color":"","background-image":"","background-repeat":"repeat","background-position":"center center","background-size":"auto","background-attachment":"scroll","background-type":"","background-media":"","overlay-type":"","overlay-color":"","overlay-opacity":"","overlay-gradient":""},"mobile":{"background-color":"","background-image":"","background-repeat":"repeat","background-position":"center center","background-size":"auto","background-attachment":"scroll","background-type":"","background-media":"","overlay-type":"","overlay-color":"","overlay-opacity":"","overlay-gradient":""}},"ast-content-background-meta":{"desktop":{"background-color":"var(--ast-global-color-5)","background-image":"","background-repeat":"repeat","background-position":"center center","background-size":"auto","background-attachment":"scroll","background-type":"","background-media":"","overlay-type":"","overlay-color":"","overlay-opacity":"","overlay-gradient":""},"tablet":{"background-color":"var(--ast-global-color-5)","background-image":"","background-repeat":"repeat","background-position":"center center","background-size":"auto","background-attachment":"scroll","background-type":"","background-media":"","overlay-type":"","overlay-color":"","overlay-opacity":"","overlay-gradient":""},"mobile":{"background-color":"var(--ast-global-color-5)","background-image":"","background-repeat":"repeat","background-position":"center center","background-size":"auto","background-attachment":"scroll","background-type":"","background-media":"","overlay-type":"","overlay-color":"","overlay-opacity":"","overlay-gradient":""}}},"product_brand":[],"product_cat":[14365],"product_tag":[],"class_list":{"0":"post-230061","1":"product","2":"type-product","3":"status-publish","4":"has-post-thumbnail","6":"product_cat-hugo-stadelmaier","7":"desktop-align-center","8":"tablet-align-left","9":"mobile-align-left","11":"first","12":"instock","13":"taxable","14":"shipping-taxable","15":"product-type-simple"},"_links":{"self":[{"href":"https:\/\/collection.galerie-gerdes.com\/el\/wp-json\/wp\/v2\/product\/230061","targetHints":{"allow":["GET"]}}],"collection":[{"href":"https:\/\/collection.galerie-gerdes.com\/el\/wp-json\/wp\/v2\/product"}],"about":[{"href":"https:\/\/collection.galerie-gerdes.com\/el\/wp-json\/wp\/v2\/types\/product"}],"wp:featuredmedia":[{"embeddable":true,"href":"https:\/\/collection.galerie-gerdes.com\/el\/wp-json\/wp\/v2\/media\/231631"}],"wp:attachment":[{"href":"https:\/\/collection.galerie-gerdes.com\/el\/wp-json\/wp\/v2\/media?parent=230061"}],"wp:term":[{"taxonomy":"product_brand","embeddable":true,"href":"https:\/\/collection.galerie-gerdes.com\/el\/wp-json\/wp\/v2\/product_brand?post=230061"},{"taxonomy":"product_cat","embeddable":true,"href":"https:\/\/collection.galerie-gerdes.com\/el\/wp-json\/wp\/v2\/product_cat?post=230061"},{"taxonomy":"product_tag","embeddable":true,"href":"https:\/\/collection.galerie-gerdes.com\/el\/wp-json\/wp\/v2\/product_tag?post=230061"}],"curies":[{"name":"wp","href":"https:\/\/api.w.org\/{rel}","templated":true}]}}