{"id":244697,"date":"2024-10-04T13:48:08","date_gmt":"2024-10-04T11:48:08","guid":{"rendered":"https:\/\/www.collection.galerie-gerdes.com\/?post_type=product&#038;p=244697"},"modified":"2024-10-20T10:56:46","modified_gmt":"2024-10-20T08:56:46","slug":"trauriger-mann-mit-suppe-federzeichnung-von-gustav-traub-meggendorfer-blaetter-muenchen","status":"publish","type":"product","link":"https:\/\/collection.galerie-gerdes.com\/el\/p\/trauriger-mann-mit-suppe-federzeichnung-von-gustav-traub-meggendorfer-blaetter-muenchen\/","title":{"rendered":"Trauriger Mann mit Suppe | Federzeichnung von Gustav Traub, Meggendorfer Bl\u00e4tter M\u00fcnchen"},"content":{"rendered":"<div class=\"woocommerce-tabs wc-tabs-wrapper\">\n<div id=\"tab-description\" class=\"woocommerce-Tabs-panel woocommerce-Tabs-panel--description panel entry-content wc-tab\" role=\"tabpanel\" aria-labelledby=\"tab-title-description\">\n<p>Gustav Traub, geboren am 23. Dezember 1885 in Lahr\/Schwarzwald und verstorben am 16. Mai 1955 in St. M\u00e4rgen, war ein renommierter deutscher Maler und Grafiker.<\/p>\n<p>Bereits im Alter von zw\u00f6lf Jahren malte Gustav Traub die Burgheimer Kirche mit Wasserfarben und erlernte sp\u00e4ter das Handwerk des Malermeisters. Nach seinem Studium an der Kunstgewerbeschule Karlsruhe verbrachte er zwei Jahre in Paris, bevor er nach M\u00fcnchen zog. Dort erweiterte er sein Repertoire um Landschaftsbilder aus Oberbayern und schuf R\u00f6telzeichnungen sowie zahlreiche Buchillustrationen. \u00dcber sieben Jahre hinweg, von 1912 bis 1920, war er f\u00fcr die Meggendorfer-Bl\u00e4tter t\u00e4tig und lieferte mindestens 493 Illustrationen. Ab etwa 1918 bis zum Jahr 1943 arbeitete er f\u00fcr die Fliegenden Bl\u00e4tter. Dar\u00fcber hinaus gestaltete er die Mappenwerke zu Gottfried Kellers \u201cSieben Legenden\u201d (1920) und \u201cStille Zeiten\u201d (1921), sowie die Illustrationen f\u00fcr den Gedichtband \u201cTu\u2019 ab den Staub der Stra\u00dfe\u201d von Stefan Peuchel.<\/p>\n<p>Traub nahm an Ausstellungen im M\u00fcnchner Glaspalast teil und pr\u00e4sentierte zwanzig Landschaftsbilder auf der Gro\u00dfen Deutschen Kunstausstellung von 1937 bis 1944. Im Jahr 1939 wurde ihm an Hitlers Geburtstag der Professorentitel verliehen, nachdem Hitler einige seiner Werke nach einer Ausstellung im Haus der deutschen Kunst erworben hatte. In Lahr fand im selben Jahr eine umfassende Ausstellung von Traubs bisherigen Arbeiten statt. Er engagierte sich als Schriftf\u00fchrer im Bund zeichnender K\u00fcnstler und war Mitglied der M\u00fcnchner K\u00fcnstlergenossenschaft.<\/p>\n<p>W\u00e4hrend eines Urlaubs im Sommer 1940 im Hotel Goldene Krone in St. M\u00e4rgen lernte er den Schwarzwaldmaler Karl Hauptmann kennen. Nachdem er und seine Frau ihr gesamtes Hab und Gut in M\u00fcnchen verloren hatten, richtete er 1941 ein Atelier in St. M\u00e4rgen ein. Dort, in seinem Atelier im Dachgeschoss der Wagensteigstra\u00dfe 4, verstarb er am 16. Mai 1955. Seine letzte Ruhest\u00e4tte fand er in Kempten.<\/p>\n<p>W\u00e4hrend seiner Zeit im Hochschwarzwald malte Traub oft auf Pressspanplatten, da sie damals leicht verf\u00fcgbar waren. Er war auch ein Musikliebhaber und bet\u00e4tigte sich als Schriftsteller, indem er Anekdoten aus seiner Jugend verfasste. Seine Arbeit als Grafiker wurde stilistisch von seinem Freund Ferdinand Staeger beeinflusst.<\/p>\n<\/div>\n<\/div>\n","protected":false},"excerpt":{"rendered":"<p>Gustav Traub (1885-1955)<\/p>\n","protected":false},"featured_media":244818,"template":"","meta":{"site-sidebar-layout":"default","site-content-layout":"","ast-site-content-layout":"default","site-content-style":"default","site-sidebar-style":"default","ast-global-header-display":"","ast-banner-title-visibility":"","ast-main-header-display":"","ast-hfb-above-header-display":"","ast-hfb-below-header-display":"","ast-hfb-mobile-header-display":"","site-post-title":"","ast-breadcrumbs-content":"","ast-featured-img":"","footer-sml-layout":"","ast-disable-related-posts":"","theme-transparent-header-meta":"default","adv-header-id-meta":"","stick-header-meta":"","header-above-stick-meta":"","header-main-stick-meta":"","header-below-stick-meta":"","astra-migrate-meta-layouts":"set","ast-page-background-enabled":"default","ast-page-background-meta":{"desktop":{"background-color":"var(--ast-global-color-4)","background-image":"","background-repeat":"repeat","background-position":"center center","background-size":"auto","background-attachment":"scroll","background-type":"","background-media":"","overlay-type":"","overlay-color":"","overlay-opacity":"","overlay-gradient":""},"tablet":{"background-color":"","background-image":"","background-repeat":"repeat","background-position":"center center","background-size":"auto","background-attachment":"scroll","background-type":"","background-media":"","overlay-type":"","overlay-color":"","overlay-opacity":"","overlay-gradient":""},"mobile":{"background-color":"","background-image":"","background-repeat":"repeat","background-position":"center center","background-size":"auto","background-attachment":"scroll","background-type":"","background-media":"","overlay-type":"","overlay-color":"","overlay-opacity":"","overlay-gradient":""}},"ast-content-background-meta":{"desktop":{"background-color":"var(--ast-global-color-5)","background-image":"","background-repeat":"repeat","background-position":"center center","background-size":"auto","background-attachment":"scroll","background-type":"","background-media":"","overlay-type":"","overlay-color":"","overlay-opacity":"","overlay-gradient":""},"tablet":{"background-color":"var(--ast-global-color-5)","background-image":"","background-repeat":"repeat","background-position":"center center","background-size":"auto","background-attachment":"scroll","background-type":"","background-media":"","overlay-type":"","overlay-color":"","overlay-opacity":"","overlay-gradient":""},"mobile":{"background-color":"var(--ast-global-color-5)","background-image":"","background-repeat":"repeat","background-position":"center center","background-size":"auto","background-attachment":"scroll","background-type":"","background-media":"","overlay-type":"","overlay-color":"","overlay-opacity":"","overlay-gradient":""}}},"product_brand":[],"product_cat":[52,265,25,179,329,424,268,266],"product_tag":[],"class_list":{"0":"post-244697","1":"product","2":"type-product","3":"status-publish","4":"has-post-thumbnail","6":"product_cat-20th-century","7":"product_cat-aquarell","8":"product_cat-deutsch","9":"product_cat-gemaelde","10":"product_cat-gustav-traub","11":"product_cat-karikaturen","12":"product_cat-mischtechnik","13":"product_cat-zeichnung","14":"desktop-align-center","15":"tablet-align-left","16":"mobile-align-left","18":"first","19":"instock","20":"taxable","21":"shipping-taxable","22":"product-type-simple"},"_links":{"self":[{"href":"https:\/\/collection.galerie-gerdes.com\/el\/wp-json\/wp\/v2\/product\/244697","targetHints":{"allow":["GET"]}}],"collection":[{"href":"https:\/\/collection.galerie-gerdes.com\/el\/wp-json\/wp\/v2\/product"}],"about":[{"href":"https:\/\/collection.galerie-gerdes.com\/el\/wp-json\/wp\/v2\/types\/product"}],"wp:featuredmedia":[{"embeddable":true,"href":"https:\/\/collection.galerie-gerdes.com\/el\/wp-json\/wp\/v2\/media\/244818"}],"wp:attachment":[{"href":"https:\/\/collection.galerie-gerdes.com\/el\/wp-json\/wp\/v2\/media?parent=244697"}],"wp:term":[{"taxonomy":"product_brand","embeddable":true,"href":"https:\/\/collection.galerie-gerdes.com\/el\/wp-json\/wp\/v2\/product_brand?post=244697"},{"taxonomy":"product_cat","embeddable":true,"href":"https:\/\/collection.galerie-gerdes.com\/el\/wp-json\/wp\/v2\/product_cat?post=244697"},{"taxonomy":"product_tag","embeddable":true,"href":"https:\/\/collection.galerie-gerdes.com\/el\/wp-json\/wp\/v2\/product_tag?post=244697"}],"curies":[{"name":"wp","href":"https:\/\/api.w.org\/{rel}","templated":true}]}}