{"id":258653,"date":"2024-10-31T20:30:06","date_gmt":"2024-10-31T19:30:06","guid":{"rendered":"https:\/\/www.collection.galerie-gerdes.com\/?post_type=product&#038;p=258653"},"modified":"2024-11-20T22:09:04","modified_gmt":"2024-11-20T21:09:04","slug":"werbe-ikone-2020-zeichnung-von-ulrich-thul","status":"publish","type":"product","link":"https:\/\/collection.galerie-gerdes.com\/el\/p\/werbe-ikone-2020-zeichnung-von-ulrich-thul\/","title":{"rendered":"Werbe-Ikone, 2020 | Zeichnung von Ulrich Thul"},"content":{"rendered":"<p>Ulrich Thul, 1959 in Schweich bei Trier geboren, lebt und arbeitet der K\u00fcnstler heute in Mannheim und Ludwigshafen. Seit 1975 besch\u00e4ftigt er sich intensiv mit k\u00fcnstlerischen \u00dcbungen, Studien und Experimenten und stellt seine Werke seit 1978 regelm\u00e4\u00dfig aus. Nach einem Studium der Sozialarbeit an der Fachhochschule Ludwigshafen\/Rhein von 1979 bis 1982 schloss er von 1987 bis 1993 ein weiteres Studium in P\u00e4dagogik an der Johann-Wolfgang-Goethe-Universit\u00e4t in Frankfurt am Main an. Parallel dazu absolvierte er zwischen 1990 und 1993 Studien an der Europ\u00e4ischen Akademie f\u00fcr Bildende Kunst in Trier, wo er von renommierten K\u00fcnstlern wie Harald Fuchs aus K\u00f6ln, Simon Kramer aus Amsterdam und Ulf Rungenhagen aus D\u00fcsseldorf unterrichtet wurde. Seit 1997 ist er Mitglied der deutsch-russischen K\u00fcnstlergruppe \u201eQuattrologe\u201c.<\/p>\n","protected":false},"excerpt":{"rendered":"<p>Ulrich Thul (1959)<\/p>\n","protected":false},"featured_media":259586,"template":"","meta":{"site-sidebar-layout":"default","site-content-layout":"","ast-site-content-layout":"default","site-content-style":"default","site-sidebar-style":"default","ast-global-header-display":"","ast-banner-title-visibility":"","ast-main-header-display":"","ast-hfb-above-header-display":"","ast-hfb-below-header-display":"","ast-hfb-mobile-header-display":"","site-post-title":"","ast-breadcrumbs-content":"","ast-featured-img":"","footer-sml-layout":"","ast-disable-related-posts":"","theme-transparent-header-meta":"default","adv-header-id-meta":"","stick-header-meta":"","header-above-stick-meta":"","header-main-stick-meta":"","header-below-stick-meta":"","astra-migrate-meta-layouts":"set","ast-page-background-enabled":"default","ast-page-background-meta":{"desktop":{"background-color":"var(--ast-global-color-4)","background-image":"","background-repeat":"repeat","background-position":"center center","background-size":"auto","background-attachment":"scroll","background-type":"","background-media":"","overlay-type":"","overlay-color":"","overlay-opacity":"","overlay-gradient":""},"tablet":{"background-color":"","background-image":"","background-repeat":"repeat","background-position":"center center","background-size":"auto","background-attachment":"scroll","background-type":"","background-media":"","overlay-type":"","overlay-color":"","overlay-opacity":"","overlay-gradient":""},"mobile":{"background-color":"","background-image":"","background-repeat":"repeat","background-position":"center center","background-size":"auto","background-attachment":"scroll","background-type":"","background-media":"","overlay-type":"","overlay-color":"","overlay-opacity":"","overlay-gradient":""}},"ast-content-background-meta":{"desktop":{"background-color":"var(--ast-global-color-5)","background-image":"","background-repeat":"repeat","background-position":"center center","background-size":"auto","background-attachment":"scroll","background-type":"","background-media":"","overlay-type":"","overlay-color":"","overlay-opacity":"","overlay-gradient":""},"tablet":{"background-color":"var(--ast-global-color-5)","background-image":"","background-repeat":"repeat","background-position":"center center","background-size":"auto","background-attachment":"scroll","background-type":"","background-media":"","overlay-type":"","overlay-color":"","overlay-opacity":"","overlay-gradient":""},"mobile":{"background-color":"var(--ast-global-color-5)","background-image":"","background-repeat":"repeat","background-position":"center center","background-size":"auto","background-attachment":"scroll","background-type":"","background-media":"","overlay-type":"","overlay-color":"","overlay-opacity":"","overlay-gradient":""}}},"product_brand":[],"product_cat":[56,25,420,424,14650,266],"product_tag":[],"class_list":{"0":"post-258653","1":"product","2":"type-product","3":"status-publish","4":"has-post-thumbnail","6":"product_cat-21th-century","7":"product_cat-deutsch","8":"product_cat-figuren","9":"product_cat-karikaturen","10":"product_cat-ulrich-thul","11":"product_cat-zeichnung","12":"desktop-align-center","13":"tablet-align-left","14":"mobile-align-left","16":"first","17":"instock","18":"taxable","19":"shipping-taxable","20":"product-type-simple"},"_links":{"self":[{"href":"https:\/\/collection.galerie-gerdes.com\/el\/wp-json\/wp\/v2\/product\/258653","targetHints":{"allow":["GET"]}}],"collection":[{"href":"https:\/\/collection.galerie-gerdes.com\/el\/wp-json\/wp\/v2\/product"}],"about":[{"href":"https:\/\/collection.galerie-gerdes.com\/el\/wp-json\/wp\/v2\/types\/product"}],"wp:featuredmedia":[{"embeddable":true,"href":"https:\/\/collection.galerie-gerdes.com\/el\/wp-json\/wp\/v2\/media\/259586"}],"wp:attachment":[{"href":"https:\/\/collection.galerie-gerdes.com\/el\/wp-json\/wp\/v2\/media?parent=258653"}],"wp:term":[{"taxonomy":"product_brand","embeddable":true,"href":"https:\/\/collection.galerie-gerdes.com\/el\/wp-json\/wp\/v2\/product_brand?post=258653"},{"taxonomy":"product_cat","embeddable":true,"href":"https:\/\/collection.galerie-gerdes.com\/el\/wp-json\/wp\/v2\/product_cat?post=258653"},{"taxonomy":"product_tag","embeddable":true,"href":"https:\/\/collection.galerie-gerdes.com\/el\/wp-json\/wp\/v2\/product_tag?post=258653"}],"curies":[{"name":"wp","href":"https:\/\/api.w.org\/{rel}","templated":true}]}}