{"id":300694,"date":"2024-12-29T23:21:04","date_gmt":"2024-12-29T22:21:04","guid":{"rendered":"https:\/\/www.collection.galerie-gerdes.com\/?post_type=product&#038;p=300694"},"modified":"2025-01-06T22:05:14","modified_gmt":"2025-01-06T21:05:14","slug":"dorfstrasse-im-winter-gemaelde-von-philipp-karl-seitz","status":"publish","type":"product","link":"https:\/\/collection.galerie-gerdes.com\/el\/p\/dorfstrasse-im-winter-gemaelde-von-philipp-karl-seitz\/","title":{"rendered":"Dorfstra\u00dfe im Winter, Sachsenwald | Gem\u00e4lde von Philipp Karl Seitz"},"content":{"rendered":"<p><strong>Philipp Karl Seitz<\/strong> (* 1901 in N\u00fcrnberg; \u2020 1982 in Hamburg) war ein deutscher Maler, Zeichner, Grafiker und Gebrauchsgraphiker, der mit seinem vielseitigen Schaffen insbesondere im Bereich der Werbegraphik und sp\u00e4ter der Malerei bekannt wurde.<\/p>\n<p>Seitz begann seine k\u00fcnstlerische Ausbildung 1918 an der N\u00fcrnberger Kunstschule als Malsch\u00fcler bei Hermann Gradl. Obwohl er sich im Malerischen weitgehend autodidaktisch weiterentwickelte, legte er durch ein Studium der Gebrauchsgraphik bei Max K\u00f6rner ab 1920 den Grundstein f\u00fcr seine Karriere als Werbegraphiker. Bereits 1922 arbeitete Seitz als freischaffender Werbegraphiker, bevor er 1928 nach Hamburg \u00fcbersiedelte, wo er seine berufliche T\u00e4tigkeit fortsetzte.<\/p>\n<p>Ab 1960 widmete sich Seitz verst\u00e4rkt der Malerei, die er neben seiner T\u00e4tigkeit als Grafiker intensivierte. 1965 entschloss er sich, ausschlie\u00dflich k\u00fcnstlerisch freischaffend zu arbeiten und lie\u00df sich in Hamburg-Ohlstedt nieder. Ab 1969 verbrachte er einige Jahre in der L\u00fcneburger Heide, wo er ebenfalls k\u00fcnstlerisch t\u00e4tig war. 1974 kehrte er nach Hamburg zur\u00fcck, das bis zu seinem Tod sein Lebensmittelpunkt blieb.<\/p>\n<p>Philipp Karl Seitz war Mitglied im Bund Deutscher Graphiker und wurde f\u00fcr sein Schaffen, das die Grenzen zwischen angewandter und freier Kunst \u00fcberwand, gesch\u00e4tzt. Seine Werke spiegeln eine klare Formensprache und seine Pr\u00e4zision als Zeichner und Grafiker wider.<\/p>\n","protected":false},"excerpt":{"rendered":"<p>Philipp Karl Seitz (1901-1982)<\/p>\n","protected":false},"featured_media":303644,"template":"","meta":{"site-sidebar-layout":"default","site-content-layout":"","ast-site-content-layout":"default","site-content-style":"default","site-sidebar-style":"default","ast-global-header-display":"","ast-banner-title-visibility":"","ast-main-header-display":"","ast-hfb-above-header-display":"","ast-hfb-below-header-display":"","ast-hfb-mobile-header-display":"","site-post-title":"","ast-breadcrumbs-content":"","ast-featured-img":"","footer-sml-layout":"","ast-disable-related-posts":"","theme-transparent-header-meta":"default","adv-header-id-meta":"","stick-header-meta":"","header-above-stick-meta":"","header-main-stick-meta":"","header-below-stick-meta":"","astra-migrate-meta-layouts":"set","ast-page-background-enabled":"default","ast-page-background-meta":{"desktop":{"background-color":"var(--ast-global-color-4)","background-image":"","background-repeat":"repeat","background-position":"center center","background-size":"auto","background-attachment":"scroll","background-type":"","background-media":"","overlay-type":"","overlay-color":"","overlay-opacity":"","overlay-gradient":""},"tablet":{"background-color":"","background-image":"","background-repeat":"repeat","background-position":"center center","background-size":"auto","background-attachment":"scroll","background-type":"","background-media":"","overlay-type":"","overlay-color":"","overlay-opacity":"","overlay-gradient":""},"mobile":{"background-color":"","background-image":"","background-repeat":"repeat","background-position":"center center","background-size":"auto","background-attachment":"scroll","background-type":"","background-media":"","overlay-type":"","overlay-color":"","overlay-opacity":"","overlay-gradient":""}},"ast-content-background-meta":{"desktop":{"background-color":"var(--ast-global-color-5)","background-image":"","background-repeat":"repeat","background-position":"center center","background-size":"auto","background-attachment":"scroll","background-type":"","background-media":"","overlay-type":"","overlay-color":"","overlay-opacity":"","overlay-gradient":""},"tablet":{"background-color":"var(--ast-global-color-5)","background-image":"","background-repeat":"repeat","background-position":"center center","background-size":"auto","background-attachment":"scroll","background-type":"","background-media":"","overlay-type":"","overlay-color":"","overlay-opacity":"","overlay-gradient":""},"mobile":{"background-color":"var(--ast-global-color-5)","background-image":"","background-repeat":"repeat","background-position":"center center","background-size":"auto","background-attachment":"scroll","background-type":"","background-media":"","overlay-type":"","overlay-color":"","overlay-opacity":"","overlay-gradient":""}}},"product_brand":[],"product_cat":[14729],"product_tag":[],"class_list":{"0":"post-300694","1":"product","2":"type-product","3":"status-publish","4":"has-post-thumbnail","6":"product_cat-philipp-karl-seitz","7":"desktop-align-center","8":"tablet-align-left","9":"mobile-align-left","11":"first","12":"instock","13":"taxable","14":"shipping-taxable","15":"product-type-simple"},"_links":{"self":[{"href":"https:\/\/collection.galerie-gerdes.com\/el\/wp-json\/wp\/v2\/product\/300694","targetHints":{"allow":["GET"]}}],"collection":[{"href":"https:\/\/collection.galerie-gerdes.com\/el\/wp-json\/wp\/v2\/product"}],"about":[{"href":"https:\/\/collection.galerie-gerdes.com\/el\/wp-json\/wp\/v2\/types\/product"}],"wp:featuredmedia":[{"embeddable":true,"href":"https:\/\/collection.galerie-gerdes.com\/el\/wp-json\/wp\/v2\/media\/303644"}],"wp:attachment":[{"href":"https:\/\/collection.galerie-gerdes.com\/el\/wp-json\/wp\/v2\/media?parent=300694"}],"wp:term":[{"taxonomy":"product_brand","embeddable":true,"href":"https:\/\/collection.galerie-gerdes.com\/el\/wp-json\/wp\/v2\/product_brand?post=300694"},{"taxonomy":"product_cat","embeddable":true,"href":"https:\/\/collection.galerie-gerdes.com\/el\/wp-json\/wp\/v2\/product_cat?post=300694"},{"taxonomy":"product_tag","embeddable":true,"href":"https:\/\/collection.galerie-gerdes.com\/el\/wp-json\/wp\/v2\/product_tag?post=300694"}],"curies":[{"name":"wp","href":"https:\/\/api.w.org\/{rel}","templated":true}]}}