{"id":443240,"date":"2026-02-14T17:08:25","date_gmt":"2026-02-14T16:08:25","guid":{"rendered":"https:\/\/collection.galerie-gerdes.com\/?post_type=product&#038;p=443240"},"modified":"2026-03-06T17:37:42","modified_gmt":"2026-03-06T16:37:42","slug":"madonna-mit-kind-1932-mischtechnik-von-heinrich-windelschmidt","status":"publish","type":"product","link":"https:\/\/collection.galerie-gerdes.com\/el\/p\/madonna-mit-kind-1932-mischtechnik-von-heinrich-windelschmidt\/","title":{"rendered":"Madonna mit Kind, 1932 | Mischtechnik von Heinrich Windelschmidt"},"content":{"rendered":"<p data-start=\"0\" data-end=\"172\"><strong data-start=\"0\" data-end=\"35\">Matthias Heinrich Windelschmidt<\/strong> (*9. September 1884 in K\u00f6ln; \u2020 5. Januar 1963 ebenda) war ein deutscher Maler, der vor allem dem Kirchenexpressionismus zugeordnet wird.<\/p>\n<p data-start=\"174\" data-end=\"743\">Windelschmidt stand in famili\u00e4rer Verbindung zu dem ebenfalls kirchenk\u00fcnstlerisch t\u00e4tigen Maler Peter Hecker, dessen Schwester er geheiratet hatte. Sein k\u00fcnstlerischer Schwerpunkt lag auf der Ausgestaltung sakraler R\u00e4ume. Als besonders bedeutend gilt ein Triumphbogen in der Pfarrkirche St. Petrus Canisius in Alzenbach an der Sieg, der zu den wenigen erhaltenen Arbeiten des K\u00fcnstlers z\u00e4hlt. Das Werk zeigt Gottvater im oberen Bereich des Bogens. Die Gemeinde entschied sich sp\u00e4ter f\u00fcr den Erhalt der Malerei; lediglich die Inschrift wurde sprachlich leicht ver\u00e4ndert.<\/p>\n<p data-start=\"745\" data-end=\"966\">Weitere kirchliche Ausstattungen schuf Windelschmidt unter anderem f\u00fcr Gottesh\u00e4user in Rheine und K\u00f6ln sowie f\u00fcr weitere Gemeinden im Rheinland. Ein Gro\u00dfteil dieser Arbeiten ist jedoch im Laufe der Zeit verloren gegangen.<\/p>\n<p data-start=\"968\" data-end=\"1071\">F\u00fcr sein k\u00fcnstlerisches Wirken wurde er von Papst Johannes XXIII. mit dem Silvesterorden ausgezeichnet.<\/p>\n<p data-start=\"1073\" data-end=\"1203\" data-is-last-node=\"\" data-is-only-node=\"\">Windelschmidt verbrachte sein gesamtes Leben in K\u00f6ln und verstarb dort im Alter von 78 Jahren in seiner Wohnung im Stadtteil S\u00fclz.<\/p>\n","protected":false},"excerpt":{"rendered":"<p>Heinrich Windelschmidt (1884-1963)<\/p>\n","protected":false},"featured_media":445707,"template":"","meta":{"site-sidebar-layout":"default","site-content-layout":"","ast-site-content-layout":"default","site-content-style":"default","site-sidebar-style":"default","ast-global-header-display":"","ast-banner-title-visibility":"","ast-main-header-display":"","ast-hfb-above-header-display":"","ast-hfb-below-header-display":"","ast-hfb-mobile-header-display":"","site-post-title":"","ast-breadcrumbs-content":"","ast-featured-img":"","footer-sml-layout":"","ast-disable-related-posts":"","theme-transparent-header-meta":"default","adv-header-id-meta":"","stick-header-meta":"","header-above-stick-meta":"","header-main-stick-meta":"","header-below-stick-meta":"","astra-migrate-meta-layouts":"set","ast-page-background-enabled":"default","ast-page-background-meta":{"desktop":{"background-color":"var(--ast-global-color-4)","background-image":"","background-repeat":"repeat","background-position":"center center","background-size":"auto","background-attachment":"scroll","background-type":"","background-media":"","overlay-type":"","overlay-color":"","overlay-opacity":"","overlay-gradient":""},"tablet":{"background-color":"","background-image":"","background-repeat":"repeat","background-position":"center center","background-size":"auto","background-attachment":"scroll","background-type":"","background-media":"","overlay-type":"","overlay-color":"","overlay-opacity":"","overlay-gradient":""},"mobile":{"background-color":"","background-image":"","background-repeat":"repeat","background-position":"center center","background-size":"auto","background-attachment":"scroll","background-type":"","background-media":"","overlay-type":"","overlay-color":"","overlay-opacity":"","overlay-gradient":""}},"ast-content-background-meta":{"desktop":{"background-color":"var(--ast-global-color-5)","background-image":"","background-repeat":"repeat","background-position":"center center","background-size":"auto","background-attachment":"scroll","background-type":"","background-media":"","overlay-type":"","overlay-color":"","overlay-opacity":"","overlay-gradient":""},"tablet":{"background-color":"var(--ast-global-color-5)","background-image":"","background-repeat":"repeat","background-position":"center center","background-size":"auto","background-attachment":"scroll","background-type":"","background-media":"","overlay-type":"","overlay-color":"","overlay-opacity":"","overlay-gradient":""},"mobile":{"background-color":"var(--ast-global-color-5)","background-image":"","background-repeat":"repeat","background-position":"center center","background-size":"auto","background-attachment":"scroll","background-type":"","background-media":"","overlay-type":"","overlay-color":"","overlay-opacity":"","overlay-gradient":""}}},"product_brand":[],"product_cat":[15384],"product_tag":[],"class_list":{"0":"post-443240","1":"product","2":"type-product","3":"status-publish","4":"has-post-thumbnail","6":"product_cat-heinrich-windelschmidt","7":"desktop-align-center","8":"tablet-align-left","9":"mobile-align-left","11":"first","12":"instock","13":"taxable","14":"shipping-taxable","15":"product-type-simple"},"_links":{"self":[{"href":"https:\/\/collection.galerie-gerdes.com\/el\/wp-json\/wp\/v2\/product\/443240","targetHints":{"allow":["GET"]}}],"collection":[{"href":"https:\/\/collection.galerie-gerdes.com\/el\/wp-json\/wp\/v2\/product"}],"about":[{"href":"https:\/\/collection.galerie-gerdes.com\/el\/wp-json\/wp\/v2\/types\/product"}],"wp:featuredmedia":[{"embeddable":true,"href":"https:\/\/collection.galerie-gerdes.com\/el\/wp-json\/wp\/v2\/media\/445707"}],"wp:attachment":[{"href":"https:\/\/collection.galerie-gerdes.com\/el\/wp-json\/wp\/v2\/media?parent=443240"}],"wp:term":[{"taxonomy":"product_brand","embeddable":true,"href":"https:\/\/collection.galerie-gerdes.com\/el\/wp-json\/wp\/v2\/product_brand?post=443240"},{"taxonomy":"product_cat","embeddable":true,"href":"https:\/\/collection.galerie-gerdes.com\/el\/wp-json\/wp\/v2\/product_cat?post=443240"},{"taxonomy":"product_tag","embeddable":true,"href":"https:\/\/collection.galerie-gerdes.com\/el\/wp-json\/wp\/v2\/product_tag?post=443240"}],"curies":[{"name":"wp","href":"https:\/\/api.w.org\/{rel}","templated":true}]}}