{"id":451,"date":"2023-12-25T19:19:50","date_gmt":"2023-12-25T18:19:50","guid":{"rendered":"https:\/\/collection.galerie-gerdes.com\/?post_type=product&#038;p=451"},"modified":"2024-05-21T13:06:43","modified_gmt":"2024-05-21T11:06:43","slug":"vilem-stroeminger","status":"publish","type":"product","link":"https:\/\/collection.galerie-gerdes.com\/el\/p\/vilem-stroeminger\/","title":{"rendered":"Osteurop\u00e4ische Winterlandschaft mit Burg und Person, Vil\u00e9m Str\u00f6minger, \u00d6lgem\u00e4lde, gerahmt, antik"},"content":{"rendered":"<p>Vil\u00e9m Str\u00f6minger wurde am 9. Juni 1845 in Prag geboren und verstarb am 27. Juni 1901 in Prag-Vinohrady. Er war ein tschechischer Landschaftsmaler.<\/p>\n<p>Als \u00e4ltestes von vier Kindern wurde Vil\u00e9m in die Familie des Portr\u00e4t- und Historienmalers Jakub Str\u00f6minger (*1816 in Josefov) und seiner Frau Terezie, geb. Le\u0161\u00e1kov\u00e1 (Le\u017e\u00e1kov\u00e1), hineingeboren. Die Familie lebte im Prager Stadtteil Nov\u00e9 M\u011bsto in der \u0160t\u011bp\u00e1nsk\u00e1 Stra\u00dfe Nr. 352\/II. Vil\u00e9m wurde in der St. Stephanskirche getauft, und sein Patenonkel war der Fabrikarbeiter Wilhelm Preiss. Es ist anzunehmen, dass Vil\u00e9m bei seinem Vater in die Lehre ging und m\u00f6glicherweise weiter von seinem sp\u00e4teren Schwiegervater Anton\u00edn Gareis dem \u00c4lteren ausgebildet wurde. Auch sein j\u00fcngerer Bruder Jaroslav Str\u00f6minger (geb. 1862) war Maler und wurde auf seinem Polizeiantrag als akademischer Portr\u00e4tmaler bezeichnet.<\/p>\n<p>Im Jahr 1868 taucht Wilhelm bei der Taufe seiner ersten Tochter in Sm\u00edchov auf. Dort heiratete er am 29. Juli 1869 Johanna Gareis (10. M\u00e4rz 1845 Prag &#8211; nach 1901), die Tochter des Malers Anton\u00edn Jan Gareis aus Nusle. Aus dieser Ehe gingen vier Kinder hervor: Maria (1868-1951), Terezia (*1872), Eleonora (*1875) und Vil\u00e9m (*1870), der sp\u00e4ter Maschinenbauingenieur wurde. Bis 1900 lebte die Familie in Vr\u0161ovice, einem Vorort von Prag, und zog dann nach Vinohrady.<\/p>\n<p>Str\u00f6minger war ein vielseitiger Maler mit einem breiten Spektrum an Ausdrucksformen von der Romantik bis zum Realismus. Seine Landschaftsmalerei war stark von fr\u00fcheren Generationen beeinflusst, darunter August Bed\u0159ich Piepenhagen, Josef Mat\u011bj Navr\u00e1til und Hugo Ullik. Seine Gem\u00e4lde, haupts\u00e4chlich \u00d6lgem\u00e4lde, zeigen oft eine klassische Komposition aus drei Ebenen (Vordergrund, Umgebung, Hintergrund) mit einer kleinen Postkutsche im Vordergrund. W\u00e4hrend die wenigsten gro\u00dfformatigen und mittelgro\u00dfen Gem\u00e4lde erhalten sind, gibt es zahlreiche kleinformatige Gem\u00e4lde. H\u00e4ufig dominieren Schlossarchitekturen oder Stadtt\u00fcrme seine Landschaften. Die Signatur &#8220;V. Str\u00f6minger&#8221; ist meist in Majuskeln geschrieben, oft nur mit einem einfachen &#8220;V&#8221;. Ein Gro\u00dfteil seiner Gem\u00e4lde ist weder signiert noch datiert, und es wird spekuliert, ob einige Werke m\u00f6glicherweise von Str\u00f6mingers Vater oder seiner Frau stammen.<\/p>\n<p>Die wertvollste Sammlung von acht gro\u00dfformatigen, meist signierten Gem\u00e4lden Str\u00f6mingers befindet sich im Besitz des Museums der Hauptstadt Prag. Sie enth\u00e4lt einzigartige Ansichten von nicht erhaltenen Teilen der Stadtarchitektur aus Sm\u00edchov, Libe\u0148 oder Vr\u0161ovice sowie einen einzigartigen Blick auf die Kettenbr\u00fccke unter der Burg in D\u011b\u010d\u00edn.<\/p>\n","protected":false},"excerpt":{"rendered":"<p>Vil\u00e9m Str\u00f6minger (1845-1901)<br \/>\nKleines Loch oberhalb der Person. Sollte gereinigt werden<\/p>\n","protected":false},"featured_media":457,"template":"","meta":{"site-sidebar-layout":"default","site-content-layout":"","ast-site-content-layout":"default","site-content-style":"default","site-sidebar-style":"default","ast-global-header-display":"","ast-banner-title-visibility":"","ast-main-header-display":"","ast-hfb-above-header-display":"","ast-hfb-below-header-display":"","ast-hfb-mobile-header-display":"","site-post-title":"","ast-breadcrumbs-content":"","ast-featured-img":"","footer-sml-layout":"","ast-disable-related-posts":"","theme-transparent-header-meta":"default","adv-header-id-meta":"","stick-header-meta":"","header-above-stick-meta":"","header-main-stick-meta":"","header-below-stick-meta":"","astra-migrate-meta-layouts":"set","ast-page-background-enabled":"default","ast-page-background-meta":{"desktop":{"background-color":"var(--ast-global-color-4)","background-image":"","background-repeat":"repeat","background-position":"center center","background-size":"auto","background-attachment":"scroll","background-type":"","background-media":"","overlay-type":"","overlay-color":"","overlay-opacity":"","overlay-gradient":""},"tablet":{"background-color":"","background-image":"","background-repeat":"repeat","background-position":"center center","background-size":"auto","background-attachment":"scroll","background-type":"","background-media":"","overlay-type":"","overlay-color":"","overlay-opacity":"","overlay-gradient":""},"mobile":{"background-color":"","background-image":"","background-repeat":"repeat","background-position":"center center","background-size":"auto","background-attachment":"scroll","background-type":"","background-media":"","overlay-type":"","overlay-color":"","overlay-opacity":"","overlay-gradient":""}},"ast-content-background-meta":{"desktop":{"background-color":"var(--ast-global-color-5)","background-image":"","background-repeat":"repeat","background-position":"center center","background-size":"auto","background-attachment":"scroll","background-type":"","background-media":"","overlay-type":"","overlay-color":"","overlay-opacity":"","overlay-gradient":""},"tablet":{"background-color":"var(--ast-global-color-5)","background-image":"","background-repeat":"repeat","background-position":"center center","background-size":"auto","background-attachment":"scroll","background-type":"","background-media":"","overlay-type":"","overlay-color":"","overlay-opacity":"","overlay-gradient":""},"mobile":{"background-color":"var(--ast-global-color-5)","background-image":"","background-repeat":"repeat","background-position":"center center","background-size":"auto","background-attachment":"scroll","background-type":"","background-media":"","overlay-type":"","overlay-color":"","overlay-opacity":"","overlay-gradient":""}}},"product_brand":[],"product_cat":[53,179,409,160,159],"product_tag":[364,362,363,74,361,365],"class_list":{"0":"post-451","1":"product","2":"type-product","3":"status-publish","4":"has-post-thumbnail","6":"product_cat-19th-century","7":"product_cat-gemaelde","8":"product_cat-landschaft","9":"product_cat-tschechisch","10":"product_cat-vilem-stroeminger","11":"product_tag-art","12":"product_tag-gemalde","13":"product_tag-kunst","14":"product_tag-painting","15":"product_tag-peintures","16":"product_tag-pittura","17":"desktop-align-center","18":"tablet-align-left","19":"mobile-align-left","21":"first","22":"instock","23":"taxable","24":"shipping-taxable","25":"product-type-simple"},"_links":{"self":[{"href":"https:\/\/collection.galerie-gerdes.com\/el\/wp-json\/wp\/v2\/product\/451","targetHints":{"allow":["GET"]}}],"collection":[{"href":"https:\/\/collection.galerie-gerdes.com\/el\/wp-json\/wp\/v2\/product"}],"about":[{"href":"https:\/\/collection.galerie-gerdes.com\/el\/wp-json\/wp\/v2\/types\/product"}],"wp:featuredmedia":[{"embeddable":true,"href":"https:\/\/collection.galerie-gerdes.com\/el\/wp-json\/wp\/v2\/media\/457"}],"wp:attachment":[{"href":"https:\/\/collection.galerie-gerdes.com\/el\/wp-json\/wp\/v2\/media?parent=451"}],"wp:term":[{"taxonomy":"product_brand","embeddable":true,"href":"https:\/\/collection.galerie-gerdes.com\/el\/wp-json\/wp\/v2\/product_brand?post=451"},{"taxonomy":"product_cat","embeddable":true,"href":"https:\/\/collection.galerie-gerdes.com\/el\/wp-json\/wp\/v2\/product_cat?post=451"},{"taxonomy":"product_tag","embeddable":true,"href":"https:\/\/collection.galerie-gerdes.com\/el\/wp-json\/wp\/v2\/product_tag?post=451"}],"curies":[{"name":"wp","href":"https:\/\/api.w.org\/{rel}","templated":true}]}}