{"id":472,"date":"2023-12-26T11:55:08","date_gmt":"2023-12-26T10:55:08","guid":{"rendered":"https:\/\/collection.galerie-gerdes.com\/?post_type=product&#038;p=472"},"modified":"2024-10-31T10:45:58","modified_gmt":"2024-10-31T09:45:58","slug":"grainauer-bauernhaus-oberammergau-otto-ackermann-pasegg-oelgemaelde-auf-leinwand","status":"publish","type":"product","link":"https:\/\/collection.galerie-gerdes.com\/el\/p\/grainauer-bauernhaus-oberammergau-otto-ackermann-pasegg-oelgemaelde-auf-leinwand\/","title":{"rendered":"Grainauer Bauernhaus, Oberammergau | Otto Ackermann-Pasegg, \u00d6lgem\u00e4lde auf Leinwand"},"content":{"rendered":"<p>Otto Georg Karl Ackermann, zun\u00e4chst bekannt als Ackermann-Pasing, war ein deutscher Landschaftsmaler, Illustrator und Radierer (geboren 1882 in Plauen, gestorben 1959 in Krailling). Er begann seine Ausbildung als Radiersch\u00fcler bei Carl Theodor Meyer in Basel und studierte sp\u00e4ter an der Akademie Leipzig. Dort arbeitete er mit Andreas Curt Striegler und Dre\u00dfler zusammen und wurde in seinem k\u00fcnstlerischen Schaffen von Heinrich von Z\u00fcgel und Max Liebermann beeinflusst. 1916 arbeitete Ackermann als Zeichenlehrer in Schlitz, Hessen, und war auch zeitweise als Illustrator f\u00fcr den Bergverlag Rudolf Rother in M\u00fcnchen t\u00e4tig. Ackermann war Mitglied des Deutschen K\u00fcnstlerverbands \u201edie Juryfreien\u201d in M\u00fcnchen und nahm an Ausstellungen in D\u00fcsseldorf, Berlin und F\u00fcrstenfeldbruck teil. Er war aktiv in M\u00fcnchen-Pasing, Planegg und Oberammergau.<\/p>\n","protected":false},"excerpt":{"rendered":"<p>Otto ACKERMANN-PASEGG (1882-1959)<\/p>\n","protected":false},"featured_media":473,"template":"","meta":{"site-sidebar-layout":"default","site-content-layout":"","ast-site-content-layout":"default","site-content-style":"default","site-sidebar-style":"default","ast-global-header-display":"","ast-banner-title-visibility":"","ast-main-header-display":"","ast-hfb-above-header-display":"","ast-hfb-below-header-display":"","ast-hfb-mobile-header-display":"","site-post-title":"","ast-breadcrumbs-content":"","ast-featured-img":"","footer-sml-layout":"","ast-disable-related-posts":"","theme-transparent-header-meta":"default","adv-header-id-meta":"","stick-header-meta":"","header-above-stick-meta":"","header-main-stick-meta":"","header-below-stick-meta":"","astra-migrate-meta-layouts":"set","ast-page-background-enabled":"default","ast-page-background-meta":{"desktop":{"background-color":"var(--ast-global-color-4)","background-image":"","background-repeat":"repeat","background-position":"center center","background-size":"auto","background-attachment":"scroll","background-type":"","background-media":"","overlay-type":"","overlay-color":"","overlay-opacity":"","overlay-gradient":""},"tablet":{"background-color":"","background-image":"","background-repeat":"repeat","background-position":"center center","background-size":"auto","background-attachment":"scroll","background-type":"","background-media":"","overlay-type":"","overlay-color":"","overlay-opacity":"","overlay-gradient":""},"mobile":{"background-color":"","background-image":"","background-repeat":"repeat","background-position":"center center","background-size":"auto","background-attachment":"scroll","background-type":"","background-media":"","overlay-type":"","overlay-color":"","overlay-opacity":"","overlay-gradient":""}},"ast-content-background-meta":{"desktop":{"background-color":"var(--ast-global-color-5)","background-image":"","background-repeat":"repeat","background-position":"center center","background-size":"auto","background-attachment":"scroll","background-type":"","background-media":"","overlay-type":"","overlay-color":"","overlay-opacity":"","overlay-gradient":""},"tablet":{"background-color":"var(--ast-global-color-5)","background-image":"","background-repeat":"repeat","background-position":"center center","background-size":"auto","background-attachment":"scroll","background-type":"","background-media":"","overlay-type":"","overlay-color":"","overlay-opacity":"","overlay-gradient":""},"mobile":{"background-color":"var(--ast-global-color-5)","background-image":"","background-repeat":"repeat","background-position":"center center","background-size":"auto","background-attachment":"scroll","background-type":"","background-media":"","overlay-type":"","overlay-color":"","overlay-opacity":"","overlay-gradient":""}}},"product_brand":[],"product_cat":[52,25,179,409,164],"product_tag":[364,362,363,74,361,365],"class_list":{"0":"post-472","1":"product","2":"type-product","3":"status-publish","4":"has-post-thumbnail","6":"product_cat-20th-century","7":"product_cat-deutsch","8":"product_cat-gemaelde","9":"product_cat-landschaft","10":"product_cat-otto-ackermann-pasegg","11":"product_tag-art","12":"product_tag-gemalde","13":"product_tag-kunst","14":"product_tag-painting","15":"product_tag-peintures","16":"product_tag-pittura","17":"desktop-align-center","18":"tablet-align-left","19":"mobile-align-left","21":"first","22":"instock","23":"taxable","24":"shipping-taxable","25":"product-type-simple"},"_links":{"self":[{"href":"https:\/\/collection.galerie-gerdes.com\/el\/wp-json\/wp\/v2\/product\/472","targetHints":{"allow":["GET"]}}],"collection":[{"href":"https:\/\/collection.galerie-gerdes.com\/el\/wp-json\/wp\/v2\/product"}],"about":[{"href":"https:\/\/collection.galerie-gerdes.com\/el\/wp-json\/wp\/v2\/types\/product"}],"wp:featuredmedia":[{"embeddable":true,"href":"https:\/\/collection.galerie-gerdes.com\/el\/wp-json\/wp\/v2\/media\/473"}],"wp:attachment":[{"href":"https:\/\/collection.galerie-gerdes.com\/el\/wp-json\/wp\/v2\/media?parent=472"}],"wp:term":[{"taxonomy":"product_brand","embeddable":true,"href":"https:\/\/collection.galerie-gerdes.com\/el\/wp-json\/wp\/v2\/product_brand?post=472"},{"taxonomy":"product_cat","embeddable":true,"href":"https:\/\/collection.galerie-gerdes.com\/el\/wp-json\/wp\/v2\/product_cat?post=472"},{"taxonomy":"product_tag","embeddable":true,"href":"https:\/\/collection.galerie-gerdes.com\/el\/wp-json\/wp\/v2\/product_tag?post=472"}],"curies":[{"name":"wp","href":"https:\/\/api.w.org\/{rel}","templated":true}]}}