{"id":6739,"date":"2024-05-13T22:03:37","date_gmt":"2024-05-13T20:03:37","guid":{"rendered":"https:\/\/collection.galerie-gerdes.com\/?post_type=product&#038;p=6739"},"modified":"2024-10-13T12:28:13","modified_gmt":"2024-10-13T10:28:13","slug":"wilder-wein-mit-weiter-landschaft-datiert-1947-impressionistisches-gemalde-von-franz-heinrich-gref","status":"publish","type":"product","link":"https:\/\/collection.galerie-gerdes.com\/el\/p\/wilder-wein-mit-weiter-landschaft-datiert-1947-impressionistisches-gemalde-von-franz-heinrich-gref\/","title":{"rendered":"Wilder Wein mit Landschaft, 1947 | Gem\u00e4lde von Franz Heinrich Gref"},"content":{"rendered":"<p>Franz Heinrich Gref wurde am 14. Dezember 1872 in St\u00fchlingen, Baden, geboren und verstarb am 17. September 1957 in Weilimdorf. Er war ein angesehener deutscher Maler, dessen Werke vor allem f\u00fcr ihre k\u00fcnstlerischen Gestaltungen in Kirchen und \u00f6ffentlichen Geb\u00e4uden bekannt sind.<\/p>\n<p>Sein k\u00fcnstlerisches Talent wurde fr\u00fch erkannt, und so studierte Gref an mehreren renommierten Institutionen, darunter der Akademie in M\u00fcnchen bei Christian Adam Landenberger und Moritz Weinholdt, der Kunstgewerbeschule Karlsruhe bei Ludwig Schmid-Reutte sowie der Stuttgarter Akademie bei Leopold von Kalckreuth und Robert von Haug.<\/p>\n<p>Besonders bekannt wurde Gref durch seine Zusammenarbeit mit dem Architekten Theodor Fischer, mit dem er k\u00fcnstlerische Gestaltungen f\u00fcr verschiedene Kirchen wie in Ludwigsburg-Eglosheim und Stuttgart realisierte. Er schuf Wandbilder f\u00fcr Kirchen in Neuneck und Winnenden, in der Garnisonskirche in Ulm sowie an \u00f6ffentlichen Orten wie der Markthalle in Stuttgart und den Realschulen in Kirchheim\/Teck und T\u00fcbingen.<\/p>\n<p>Ein herausragendes Werk von Gref sind seine vier gro\u00dfen Wandbilder von 1914 an der Markthalle in Stuttgart, welche B\u00e4uerinnen, Bauern und Winzer darstellen und bis heute erhalten sind. Diese Mineralfarbmalereien in Seccotechnik wurden zuletzt 2014\/15 restauriert.<\/p>\n<p>Trotz seiner Mitgliedschaft in der NSDAP von 1933 bis 1945 wurde Gref im Jahr 1952 mit dem Verdienstkreuz (Steckkreuz) der Bundesrepublik Deutschland ausgezeichnet.<\/p>\n<p>Franz Heinrich Gref verstarb im Alter von 84 Jahren in Weilimdorf.<\/p>\n","protected":false},"excerpt":{"rendered":"<p>Franz Heinrich Gref (1872-1957)<\/p>\n","protected":false},"featured_media":6741,"template":"","meta":{"site-sidebar-layout":"default","site-content-layout":"","ast-site-content-layout":"default","site-content-style":"default","site-sidebar-style":"default","ast-global-header-display":"","ast-banner-title-visibility":"","ast-main-header-display":"","ast-hfb-above-header-display":"","ast-hfb-below-header-display":"","ast-hfb-mobile-header-display":"","site-post-title":"","ast-breadcrumbs-content":"","ast-featured-img":"","footer-sml-layout":"","ast-disable-related-posts":"","theme-transparent-header-meta":"default","adv-header-id-meta":"","stick-header-meta":"","header-above-stick-meta":"","header-main-stick-meta":"","header-below-stick-meta":"","astra-migrate-meta-layouts":"set","ast-page-background-enabled":"default","ast-page-background-meta":{"desktop":{"background-color":"var(--ast-global-color-4)","background-image":"","background-repeat":"repeat","background-position":"center center","background-size":"auto","background-attachment":"scroll","background-type":"","background-media":"","overlay-type":"","overlay-color":"","overlay-opacity":"","overlay-gradient":""},"tablet":{"background-color":"","background-image":"","background-repeat":"repeat","background-position":"center center","background-size":"auto","background-attachment":"scroll","background-type":"","background-media":"","overlay-type":"","overlay-color":"","overlay-opacity":"","overlay-gradient":""},"mobile":{"background-color":"","background-image":"","background-repeat":"repeat","background-position":"center center","background-size":"auto","background-attachment":"scroll","background-type":"","background-media":"","overlay-type":"","overlay-color":"","overlay-opacity":"","overlay-gradient":""}},"ast-content-background-meta":{"desktop":{"background-color":"var(--ast-global-color-5)","background-image":"","background-repeat":"repeat","background-position":"center center","background-size":"auto","background-attachment":"scroll","background-type":"","background-media":"","overlay-type":"","overlay-color":"","overlay-opacity":"","overlay-gradient":""},"tablet":{"background-color":"var(--ast-global-color-5)","background-image":"","background-repeat":"repeat","background-position":"center center","background-size":"auto","background-attachment":"scroll","background-type":"","background-media":"","overlay-type":"","overlay-color":"","overlay-opacity":"","overlay-gradient":""},"mobile":{"background-color":"var(--ast-global-color-5)","background-image":"","background-repeat":"repeat","background-position":"center center","background-size":"auto","background-attachment":"scroll","background-type":"","background-media":"","overlay-type":"","overlay-color":"","overlay-opacity":"","overlay-gradient":""}}},"product_brand":[],"product_cat":[52,25,387,179,409,267],"product_tag":[14383,14382],"class_list":{"0":"post-6739","1":"product","2":"type-product","3":"status-publish","4":"has-post-thumbnail","6":"product_cat-20th-century","7":"product_cat-deutsch","8":"product_cat-franz-heinrich-gref","9":"product_cat-gemaelde","10":"product_cat-landschaft","11":"product_cat-oelgemaelde","12":"product_tag-sehr-gross","13":"product_tag-speditionsversand","14":"desktop-align-center","15":"tablet-align-left","16":"mobile-align-left","18":"first","19":"instock","20":"taxable","21":"shipping-taxable","22":"product-type-simple"},"_links":{"self":[{"href":"https:\/\/collection.galerie-gerdes.com\/el\/wp-json\/wp\/v2\/product\/6739","targetHints":{"allow":["GET"]}}],"collection":[{"href":"https:\/\/collection.galerie-gerdes.com\/el\/wp-json\/wp\/v2\/product"}],"about":[{"href":"https:\/\/collection.galerie-gerdes.com\/el\/wp-json\/wp\/v2\/types\/product"}],"wp:featuredmedia":[{"embeddable":true,"href":"https:\/\/collection.galerie-gerdes.com\/el\/wp-json\/wp\/v2\/media\/6741"}],"wp:attachment":[{"href":"https:\/\/collection.galerie-gerdes.com\/el\/wp-json\/wp\/v2\/media?parent=6739"}],"wp:term":[{"taxonomy":"product_brand","embeddable":true,"href":"https:\/\/collection.galerie-gerdes.com\/el\/wp-json\/wp\/v2\/product_brand?post=6739"},{"taxonomy":"product_cat","embeddable":true,"href":"https:\/\/collection.galerie-gerdes.com\/el\/wp-json\/wp\/v2\/product_cat?post=6739"},{"taxonomy":"product_tag","embeddable":true,"href":"https:\/\/collection.galerie-gerdes.com\/el\/wp-json\/wp\/v2\/product_tag?post=6739"}],"curies":[{"name":"wp","href":"https:\/\/api.w.org\/{rel}","templated":true}]}}