{"id":206639,"date":"2024-07-28T14:06:53","date_gmt":"2024-07-28T12:06:53","guid":{"rendered":"https:\/\/www.collection.galerie-gerdes.com\/?post_type=product&#038;p=206639"},"modified":"2024-08-16T22:09:29","modified_gmt":"2024-08-16T20:09:29","slug":"an-der-strassenbahn-karikatur-von-hugo-frank-meggendorfer-blaetter-muenchen","status":"publish","type":"product","link":"https:\/\/collection.galerie-gerdes.com\/en\/p\/an-der-strassenbahn-karikatur-von-hugo-frank-meggendorfer-blaetter-muenchen\/","title":{"rendered":"An der Stra\u00dfenbahn | Karikatur von Hugo Frank | Meggendorfer Bl\u00e4tter M\u00fcnchen"},"content":{"rendered":"<div class=\"flex flex-grow flex-col max-w-full\">\n<div class=\"min-h-[20px] text-message flex w-full flex-col items-end gap-2 whitespace-pre-wrap break-words [.text-message+&amp;]:mt-5 overflow-x-auto\" dir=\"auto\" data-message-author-role=\"assistant\" data-message-id=\"180da44a-3a6d-45fa-9ea5-049a3b6d3bd8\">\n<div class=\"flex w-full flex-col gap-1 empty:hidden first:pt-[3px]\">\n<div class=\"markdown prose w-full break-words dark:prose-invert dark\">\n<p>Hugo Frank wurde am 11. Januar 1892 in Stuttgart geboren und verstarb am 26. April 1963 in Gerlingen. Nach seinem Abitur am Dillmann-Gymnasium im Jahr 1909 begann er sein Studium an der Kunstgewerbeschule Stuttgart, wo er unter anderem bei Alois Kolb lernte. Zwei Jahre sp\u00e4ter zog er in verschiedene deutsche St\u00e4dte, um seine ersten beruflichen Erfahrungen zu sammeln, darunter Leipzig und das Gewerbemuseum in Kaiserslautern.<\/p>\n<p>Nach seiner R\u00fcckkehr nach Stuttgart hatte sich Frank bereits einen Namen als Plakatk\u00fcnstler, Inserat-Gestalter und Illustrator gemacht. Danach unternahm er Reisen durch Osteuropa, die nordischen L\u00e4nder, Frankreich und Italien. Die Eindr\u00fccke und Erfahrungen dieser Reisen verarbeitete er in seinen Bildern und Zeichnungen, die er oft mit eigenen Texten erg\u00e4nzte. F\u00fcr die humoristische Wochenschrift &#8220;Fliegende Bl\u00e4tter&#8221; erstellte er zahlreiche Zeichnungen und Karikaturen.<\/p>\n<p>Nach dem Ersten Weltkrieg zog Hugo Frank nach Berlin, kehrte jedoch 1932 in die N\u00e4he seiner Heimatstadt Stuttgart zur\u00fcck. Als Grafiker gestaltete er auch Briefmarken. F\u00fcr W\u00fcrttemberg entwarf er die 1916 erschienene Wappen-Sonderausgabe zur 25-j\u00e4hrigen Regentschaft K\u00f6nig Wilhelm II und vermutlich auch die Ausgabe mit dem Portr\u00e4t des K\u00f6nigs, obwohl der \u201eMichel Katalog\u201c als Entwerfer einen \u201eFranck\u201c nennt, was m\u00f6glicherweise ein Druckfehler ist. Er nahm auch am Wettbewerb um die \u201eAbschiedsserie\u201c 1920 teil und entwarf f\u00fcr das Deutsche Reich 1919 die erste Briefmarke zur Er\u00f6ffnung der Nationalversammlung in Weimar.<\/p>\n<\/div>\n<\/div>\n<\/div>\n<\/div>\n","protected":false},"excerpt":{"rendered":"<p>Hugo Frank (1892-1963)<\/p>\n","protected":false},"featured_media":207420,"template":"","meta":{"site-sidebar-layout":"default","site-content-layout":"","ast-site-content-layout":"default","site-content-style":"default","site-sidebar-style":"default","ast-global-header-display":"","ast-banner-title-visibility":"","ast-main-header-display":"","ast-hfb-above-header-display":"","ast-hfb-below-header-display":"","ast-hfb-mobile-header-display":"","site-post-title":"","ast-breadcrumbs-content":"","ast-featured-img":"","footer-sml-layout":"","ast-disable-related-posts":"","theme-transparent-header-meta":"default","adv-header-id-meta":"","stick-header-meta":"","header-above-stick-meta":"","header-main-stick-meta":"","header-below-stick-meta":"","astra-migrate-meta-layouts":"set","ast-page-background-enabled":"default","ast-page-background-meta":{"desktop":{"background-color":"var(--ast-global-color-4)","background-image":"","background-repeat":"repeat","background-position":"center center","background-size":"auto","background-attachment":"scroll","background-type":"","background-media":"","overlay-type":"","overlay-color":"","overlay-opacity":"","overlay-gradient":""},"tablet":{"background-color":"","background-image":"","background-repeat":"repeat","background-position":"center center","background-size":"auto","background-attachment":"scroll","background-type":"","background-media":"","overlay-type":"","overlay-color":"","overlay-opacity":"","overlay-gradient":""},"mobile":{"background-color":"","background-image":"","background-repeat":"repeat","background-position":"center center","background-size":"auto","background-attachment":"scroll","background-type":"","background-media":"","overlay-type":"","overlay-color":"","overlay-opacity":"","overlay-gradient":""}},"ast-content-background-meta":{"desktop":{"background-color":"var(--ast-global-color-5)","background-image":"","background-repeat":"repeat","background-position":"center center","background-size":"auto","background-attachment":"scroll","background-type":"","background-media":"","overlay-type":"","overlay-color":"","overlay-opacity":"","overlay-gradient":""},"tablet":{"background-color":"var(--ast-global-color-5)","background-image":"","background-repeat":"repeat","background-position":"center center","background-size":"auto","background-attachment":"scroll","background-type":"","background-media":"","overlay-type":"","overlay-color":"","overlay-opacity":"","overlay-gradient":""},"mobile":{"background-color":"var(--ast-global-color-5)","background-image":"","background-repeat":"repeat","background-position":"center center","background-size":"auto","background-attachment":"scroll","background-type":"","background-media":"","overlay-type":"","overlay-color":"","overlay-opacity":"","overlay-gradient":""}}},"product_brand":[],"product_cat":[52,25,179,287,424,266],"product_tag":[364,362,363,74,361,365],"class_list":{"0":"post-206639","1":"product","2":"type-product","3":"status-publish","4":"has-post-thumbnail","6":"product_cat-20th-century","7":"product_cat-deutsch","8":"product_cat-gemaelde","9":"product_cat-hugo-frank","10":"product_cat-karikaturen","11":"product_cat-zeichnung","12":"product_tag-art","13":"product_tag-gemalde","14":"product_tag-kunst","15":"product_tag-painting","16":"product_tag-peintures","17":"product_tag-pittura","18":"desktop-align-center","19":"tablet-align-left","20":"mobile-align-left","22":"first","23":"instock","24":"taxable","25":"shipping-taxable","26":"product-type-simple"},"_links":{"self":[{"href":"https:\/\/collection.galerie-gerdes.com\/en\/wp-json\/wp\/v2\/product\/206639","targetHints":{"allow":["GET"]}}],"collection":[{"href":"https:\/\/collection.galerie-gerdes.com\/en\/wp-json\/wp\/v2\/product"}],"about":[{"href":"https:\/\/collection.galerie-gerdes.com\/en\/wp-json\/wp\/v2\/types\/product"}],"wp:featuredmedia":[{"embeddable":true,"href":"https:\/\/collection.galerie-gerdes.com\/en\/wp-json\/wp\/v2\/media\/207420"}],"wp:attachment":[{"href":"https:\/\/collection.galerie-gerdes.com\/en\/wp-json\/wp\/v2\/media?parent=206639"}],"wp:term":[{"taxonomy":"product_brand","embeddable":true,"href":"https:\/\/collection.galerie-gerdes.com\/en\/wp-json\/wp\/v2\/product_brand?post=206639"},{"taxonomy":"product_cat","embeddable":true,"href":"https:\/\/collection.galerie-gerdes.com\/en\/wp-json\/wp\/v2\/product_cat?post=206639"},{"taxonomy":"product_tag","embeddable":true,"href":"https:\/\/collection.galerie-gerdes.com\/en\/wp-json\/wp\/v2\/product_tag?post=206639"}],"curies":[{"name":"wp","href":"https:\/\/api.w.org\/{rel}","templated":true}]}}