{"id":309056,"date":"2023-12-16T22:46:00","date_gmt":"2023-12-16T21:46:00","guid":{"rendered":"https:\/\/collection.galerie-gerdes.com\/produkt\/village-music-drawing-adolf-muenzer-man-with-tuba\/"},"modified":"2023-12-16T22:46:00","modified_gmt":"2023-12-16T21:46:00","slug":"village-music-drawing-adolf-muenzer-man-with-tuba","status":"publish","type":"product","link":"https:\/\/collection.galerie-gerdes.com\/en\/p\/village-music-drawing-adolf-muenzer-man-with-tuba\/","title":{"rendered":"&#8220;Village music&#8221;, drawing, Adolf M\u00fcnzer, man with tuba"},"content":{"rendered":"<p>Born in Ple\u00df, Upper Silesia, he spent his childhood in Breslau after the early death of his father in 1876, where he attended the Matthias-Gymnasium and began training with the decorative painter Georg Heintze in 1886. He later continued his education at the School of Arts and Crafts in Breslau and was taught by teachers such as Heinrich Irmann, Paul Schobelt and Albrecht Br\u00e4uer.  <\/p>\n<p>In 1894, M\u00fcnzer began his studies at the Academy of Fine Arts in Munich, where he was taught by renowned artists such as Karl Raupp and Otto Seitz. During his military service, he joined the painting class of Paul Hoecker, who was intensively involved in open-air painting. M\u00fcnzer was even given his own master studio here in 1896.  <\/p>\n<p>In 1898, he was one of two prize winners in Ludwig Stollwerck&#8217;s first competition for designs for Stollwerck collector&#8217;s pictures, with prize money of 1000 marks. From 1899, M\u00fcnzer exhibited his works in the Munich Glaspalast as a member of the Scholle artists&#8217; group. This also led to his collaboration with the Munich weekly magazine &#8220;Jugend&#8221; and the satirical magazine &#8220;Simplicissimus.&#8221;  <\/p>\n<p>During a stay in Paris from 1900 to 1902, he consolidated his artistic development. In 1903, he met Marie Therese Dree\u00dfen, n\u00e9e von Vestenhof, whom he married a year after a spectacular scandal. This scandal led to the divorce of Mrs. Dree\u00dfen and her husband.   <\/p>\n<p>In 1909, M\u00fcnzer became head of a painting class at the D\u00fcsseldorf Art Academy, where he taught until 1932. During this time, he also created murals and ceiling paintings for the D\u00fcsseldorf district government. During the First World War, he served as a war painter at the front in 1915 and volunteered in 1917, but did not see action.  <\/p>\n<p>In 1938, the M\u00fcnzer family moved to Holzhausen am Ammersee. M\u00fcnzer&#8217;s works were exhibited in various renowned museums and collections, including the Neue Pinakothek in Munich, the Wallraf-Richartz-Museum in Cologne, the St\u00e4dtisches Kunstmuseum D\u00fcsseldorf and the collection of the Kunstverein Basel. <\/p>\n<p>Between 1938 and 1944, M\u00fcnzer actively participated in the Great German Art Exhibitions initiated by the National Socialists in Munich&#8217;s House of German Art and even sold a work to Adolf Hitler. In 1950, he exhibited thirty paintings at the Munich Artists&#8217; Cooperative. In 1944, M\u00fcnzer was included in the list of those pardoned by the Reich Ministry for Popular Enlightenment and Propaganda.  <\/p>\n<p>M\u00fcnzer&#8217;s narrative style was evident in his graphics, particularly in his fairy tale illustrations for the Scholz publishing house in Mainz. He was also a member of the Deutscher K\u00fcnstlerbund. <\/p>\n","protected":false},"excerpt":{"rendered":"<p>Adolf M\u00fcnzer (1870-1953)<br \/>\nSigns of age, see photos<\/p>\n","protected":false},"featured_media":7675,"template":"","meta":{"site-sidebar-layout":"default","site-content-layout":"","ast-site-content-layout":"default","site-content-style":"default","site-sidebar-style":"default","ast-global-header-display":"","ast-banner-title-visibility":"","ast-main-header-display":"","ast-hfb-above-header-display":"","ast-hfb-below-header-display":"","ast-hfb-mobile-header-display":"","site-post-title":"","ast-breadcrumbs-content":"","ast-featured-img":"","footer-sml-layout":"","ast-disable-related-posts":"","theme-transparent-header-meta":"default","adv-header-id-meta":"","stick-header-meta":"","header-above-stick-meta":"","header-main-stick-meta":"","header-below-stick-meta":"","astra-migrate-meta-layouts":"default","ast-page-background-enabled":"default","ast-page-background-meta":{"desktop":{"background-color":"var(--ast-global-color-4)","background-image":"","background-repeat":"repeat","background-position":"center center","background-size":"auto","background-attachment":"scroll","background-type":"","background-media":"","overlay-type":"","overlay-color":"","overlay-opacity":"","overlay-gradient":""},"tablet":{"background-color":"","background-image":"","background-repeat":"repeat","background-position":"center center","background-size":"auto","background-attachment":"scroll","background-type":"","background-media":"","overlay-type":"","overlay-color":"","overlay-opacity":"","overlay-gradient":""},"mobile":{"background-color":"","background-image":"","background-repeat":"repeat","background-position":"center center","background-size":"auto","background-attachment":"scroll","background-type":"","background-media":"","overlay-type":"","overlay-color":"","overlay-opacity":"","overlay-gradient":""}},"ast-content-background-meta":{"desktop":{"background-color":"var(--ast-global-color-5)","background-image":"","background-repeat":"repeat","background-position":"center center","background-size":"auto","background-attachment":"scroll","background-type":"","background-media":"","overlay-type":"","overlay-color":"","overlay-opacity":"","overlay-gradient":""},"tablet":{"background-color":"var(--ast-global-color-5)","background-image":"","background-repeat":"repeat","background-position":"center center","background-size":"auto","background-attachment":"scroll","background-type":"","background-media":"","overlay-type":"","overlay-color":"","overlay-opacity":"","overlay-gradient":""},"mobile":{"background-color":"var(--ast-global-color-5)","background-image":"","background-repeat":"repeat","background-position":"center center","background-size":"auto","background-attachment":"scroll","background-type":"","background-media":"","overlay-type":"","overlay-color":"","overlay-opacity":"","overlay-gradient":""}}},"product_brand":[],"product_cat":[713,575],"product_tag":[14906,1461,14910,1462,14908,1463,1464,1465,1466],"class_list":{"0":"post-309056","1":"product","2":"type-product","3":"status-publish","4":"has-post-thumbnail","6":"product_cat-german-en","7":"product_cat-painting-en","8":"product_tag-adolf-muenzer-en","9":"product_tag-art-en","10":"product_tag-drawing-en","11":"product_tag-gemalde-en","12":"product_tag-german-en","13":"product_tag-kunst-en","14":"product_tag-painting-en","15":"product_tag-peintures-en","16":"product_tag-pittura-en","17":"desktop-align-center","18":"tablet-align-left","19":"mobile-align-left","21":"first","22":"instock","23":"taxable","24":"shipping-taxable","25":"product-type-simple"},"_links":{"self":[{"href":"https:\/\/collection.galerie-gerdes.com\/en\/wp-json\/wp\/v2\/product\/309056","targetHints":{"allow":["GET"]}}],"collection":[{"href":"https:\/\/collection.galerie-gerdes.com\/en\/wp-json\/wp\/v2\/product"}],"about":[{"href":"https:\/\/collection.galerie-gerdes.com\/en\/wp-json\/wp\/v2\/types\/product"}],"wp:featuredmedia":[{"embeddable":true,"href":"https:\/\/collection.galerie-gerdes.com\/en\/wp-json\/wp\/v2\/media\/7675"}],"wp:attachment":[{"href":"https:\/\/collection.galerie-gerdes.com\/en\/wp-json\/wp\/v2\/media?parent=309056"}],"wp:term":[{"taxonomy":"product_brand","embeddable":true,"href":"https:\/\/collection.galerie-gerdes.com\/en\/wp-json\/wp\/v2\/product_brand?post=309056"},{"taxonomy":"product_cat","embeddable":true,"href":"https:\/\/collection.galerie-gerdes.com\/en\/wp-json\/wp\/v2\/product_cat?post=309056"},{"taxonomy":"product_tag","embeddable":true,"href":"https:\/\/collection.galerie-gerdes.com\/en\/wp-json\/wp\/v2\/product_tag?post=309056"}],"curies":[{"name":"wp","href":"https:\/\/api.w.org\/{rel}","templated":true}]}}