{"id":323947,"date":"2025-08-04T17:02:42","date_gmt":"2025-08-04T15:02:42","guid":{"rendered":"https:\/\/collection.galerie-gerdes.com\/?post_type=product&#038;p=323947"},"modified":"2025-08-04T17:02:42","modified_gmt":"2025-08-04T15:02:42","slug":"alcazar-datiert-1948-aquarell-von-walter-krebs","status":"publish","type":"product","link":"https:\/\/collection.galerie-gerdes.com\/en\/p\/alcazar-datiert-1948-aquarell-von-walter-krebs\/","title":{"rendered":"Alcazar datiert, 1948 | Aquarell von Walter Krebs"},"content":{"rendered":"<p>Walter Krebs (geboren am 17. M\u00e4rz 1900 in Starrkirch-Wil, gestorben am 10. April 1965 in Bern) war ein Schweizer Maler, der im 20. Jahrhundert wirkte.<\/p>\n<p>Sein k\u00fcnstlerisches Schaffen konzentrierte sich auf die Darstellung von Landschaften \u2013 insbesondere Berglandschaften \u2013 sowie auf Genreszenen, Portr\u00e4ts und Marinemalerei. Als vielseitiger Bildmaler verstand er es, unterschiedliche Themen und Motive mit einem ausgepr\u00e4gten Sinn f\u00fcr Atmosph\u00e4re und Komposition umzusetzen.<\/p>\n<p>Krebs geh\u00f6rte zu jener Generation von K\u00fcnstlern, die die Schweizer Landschaft mit einem frischen Blick einfingen und dabei traditionelle Motive mit einer individuellen Handschrift verbanden. Seine Werke zeigen eine gro\u00dfe Bandbreite an Stimmungen \u2013 von ruhig und besinnlich bis lebendig und bewegt.<\/p>\n<p>Er lebte und arbeitete \u00fcberwiegend in der Schweiz und hinterlie\u00df ein k\u00fcnstlerisches \u0152uvre, das bis heute in verschiedenen privaten und \u00f6ffentlichen Sammlungen gesch\u00e4tzt wird. Walter Krebs verstarb 1965 in Bern.<\/p>\n","protected":false},"excerpt":{"rendered":"<p>Walter Krebs (1900-1965)<\/p>\n","protected":false},"featured_media":324759,"template":"","meta":{"site-sidebar-layout":"default","site-content-layout":"","ast-site-content-layout":"default","site-content-style":"default","site-sidebar-style":"default","ast-global-header-display":"","ast-banner-title-visibility":"","ast-main-header-display":"","ast-hfb-above-header-display":"","ast-hfb-below-header-display":"","ast-hfb-mobile-header-display":"","site-post-title":"","ast-breadcrumbs-content":"","ast-featured-img":"","footer-sml-layout":"","ast-disable-related-posts":"","theme-transparent-header-meta":"default","adv-header-id-meta":"","stick-header-meta":"","header-above-stick-meta":"","header-main-stick-meta":"","header-below-stick-meta":"","astra-migrate-meta-layouts":"set","ast-page-background-enabled":"default","ast-page-background-meta":{"desktop":{"background-color":"var(--ast-global-color-4)","background-image":"","background-repeat":"repeat","background-position":"center center","background-size":"auto","background-attachment":"scroll","background-type":"","background-media":"","overlay-type":"","overlay-color":"","overlay-opacity":"","overlay-gradient":""},"tablet":{"background-color":"","background-image":"","background-repeat":"repeat","background-position":"center center","background-size":"auto","background-attachment":"scroll","background-type":"","background-media":"","overlay-type":"","overlay-color":"","overlay-opacity":"","overlay-gradient":""},"mobile":{"background-color":"","background-image":"","background-repeat":"repeat","background-position":"center center","background-size":"auto","background-attachment":"scroll","background-type":"","background-media":"","overlay-type":"","overlay-color":"","overlay-opacity":"","overlay-gradient":""}},"ast-content-background-meta":{"desktop":{"background-color":"var(--ast-global-color-5)","background-image":"","background-repeat":"repeat","background-position":"center center","background-size":"auto","background-attachment":"scroll","background-type":"","background-media":"","overlay-type":"","overlay-color":"","overlay-opacity":"","overlay-gradient":""},"tablet":{"background-color":"var(--ast-global-color-5)","background-image":"","background-repeat":"repeat","background-position":"center center","background-size":"auto","background-attachment":"scroll","background-type":"","background-media":"","overlay-type":"","overlay-color":"","overlay-opacity":"","overlay-gradient":""},"mobile":{"background-color":"var(--ast-global-color-5)","background-image":"","background-repeat":"repeat","background-position":"center center","background-size":"auto","background-attachment":"scroll","background-type":"","background-media":"","overlay-type":"","overlay-color":"","overlay-opacity":"","overlay-gradient":""}}},"product_brand":[],"product_cat":[15255],"product_tag":[],"class_list":{"0":"post-323947","1":"product","2":"type-product","3":"status-publish","4":"has-post-thumbnail","6":"product_cat-walter-krebs","7":"desktop-align-center","8":"tablet-align-left","9":"mobile-align-left","11":"first","12":"instock","13":"taxable","14":"shipping-taxable","15":"product-type-simple"},"_links":{"self":[{"href":"https:\/\/collection.galerie-gerdes.com\/en\/wp-json\/wp\/v2\/product\/323947","targetHints":{"allow":["GET"]}}],"collection":[{"href":"https:\/\/collection.galerie-gerdes.com\/en\/wp-json\/wp\/v2\/product"}],"about":[{"href":"https:\/\/collection.galerie-gerdes.com\/en\/wp-json\/wp\/v2\/types\/product"}],"wp:featuredmedia":[{"embeddable":true,"href":"https:\/\/collection.galerie-gerdes.com\/en\/wp-json\/wp\/v2\/media\/324759"}],"wp:attachment":[{"href":"https:\/\/collection.galerie-gerdes.com\/en\/wp-json\/wp\/v2\/media?parent=323947"}],"wp:term":[{"taxonomy":"product_brand","embeddable":true,"href":"https:\/\/collection.galerie-gerdes.com\/en\/wp-json\/wp\/v2\/product_brand?post=323947"},{"taxonomy":"product_cat","embeddable":true,"href":"https:\/\/collection.galerie-gerdes.com\/en\/wp-json\/wp\/v2\/product_cat?post=323947"},{"taxonomy":"product_tag","embeddable":true,"href":"https:\/\/collection.galerie-gerdes.com\/en\/wp-json\/wp\/v2\/product_tag?post=323947"}],"curies":[{"name":"wp","href":"https:\/\/api.w.org\/{rel}","templated":true}]}}