{"id":5916,"date":"2024-04-29T11:40:30","date_gmt":"2024-04-29T09:40:30","guid":{"rendered":"https:\/\/collection.galerie-gerdes.com\/?post_type=product&#038;p=5916"},"modified":"2024-04-29T11:52:10","modified_gmt":"2024-04-29T09:52:10","slug":"frauenportrait-1943-aquarell-von-jan-mudroch","status":"publish","type":"product","link":"https:\/\/collection.galerie-gerdes.com\/en\/p\/frauenportrait-1943-aquarell-von-jan-mudroch\/","title":{"rendered":"Frauenportrait 1943, Aquarell von J\u00e1n MUDROCH"},"content":{"rendered":"<p>J\u00e1n Mudroch (Senice, 28. M\u00e4rz 1909 &#8211; Bratislava, 4. Februar 1968) war ein slowakischer Maler und Lehrer. Er ist einer der wichtigsten K\u00fcnstler der slowakischen Moderne.<\/p>\n<p>Zwischen 1931 und 1937 studierte er an der Akademie der Bildenden K\u00fcnste in Prag. Als Student lernte er dort die wichtigsten Vertreter der Generation von 1909 kennen. Im Jahr 1937 kehrte er in die Slowakei zur\u00fcck. Er unterrichtete an der Schule f\u00fcr Kunst und Handwerk. Er geh\u00f6rte zu den slowakischen K\u00fcnstlern, die auf die Schrecken des Spanischen B\u00fcrgerkriegs reagierten. 1939 wurde er Dozent an der Fakult\u00e4t f\u00fcr Zeichnen der Slowakischen Technischen Universit\u00e4t in Bratislava. Im Jahr 1941 musste er jedoch wegen seiner antifaschistischen Haltung seine Lehrt\u00e4tigkeit einstellen und wurde aus dem slowakischen K\u00fcnstlerverband ausgeschlossen. W\u00e4hrend des Zweiten Weltkriegs wurde er wegen seiner unverbl\u00fcmten Antikriegshaltung h\u00e4ufig k\u00fcnstlerisch und menschlich kritisiert. Im Jahr 1946 wurde er zum Professor an der Abteilung f\u00fcr Zeichnen und Malerei der SV\u0160T und sp\u00e4ter an der P\u00e4dagogischen Fakult\u00e4t der Slowakischen Universit\u00e4t ernannt. Im Jahr 1950 wurde er zum Rektor der neu gegr\u00fcndeten Akademie der Sch\u00f6nen K\u00fcnste in Bratislava ernannt. Er war auch an der Gr\u00fcndung der Slowakischen Nationalgalerie beteiligt.<\/p>\n<p>Er beteiligte sich an der Gr\u00fcndung von Fachzeitschriften und surrealistischen Anthologien (Traum und Wirklichkeit). Er malte haupts\u00e4chlich in \u00d6l auf Leinwand. Er konzentrierte sich vor allem auf figurative Malerei und Stillleben, wobei er Metaphern und Symbole verwendete. Vor dem Krieg malte er sozial engagierte und d\u00fcstere Bilder (Der ermordete Dichter, Die Katastrophe) und l\u00e4ndliche Themen (Die Kuh). Seine Meisterwerke stammen aus der Zeit des Zweiten Weltkriegs (Das Ungl\u00fcck). Nach dem Krieg zeichnete er sich durch einen Stil des poetischen Realismus aus (Mutter mit Kind auf dem R\u00fccken, Mutterschaft, Liegendes M\u00e4dchen).<\/p>\n<p>1963 wurde ihm der Titel eines verdienten K\u00fcnstlers verliehen und 1968 wurde er zum Nationalen K\u00fcnstler ernannt.<\/p>\n","protected":false},"excerpt":{"rendered":"<p>J\u00e1n MUDROCH (1909-1968)<br \/>\nRestaurierungsbed\u00fcrdtig.<\/p>\n","protected":false},"featured_media":5917,"template":"","meta":{"site-sidebar-layout":"default","site-content-layout":"","ast-site-content-layout":"default","site-content-style":"default","site-sidebar-style":"default","ast-global-header-display":"","ast-banner-title-visibility":"","ast-main-header-display":"","ast-hfb-above-header-display":"","ast-hfb-below-header-display":"","ast-hfb-mobile-header-display":"","site-post-title":"","ast-breadcrumbs-content":"","ast-featured-img":"","footer-sml-layout":"","ast-disable-related-posts":"","theme-transparent-header-meta":"default","adv-header-id-meta":"","stick-header-meta":"","header-above-stick-meta":"","header-main-stick-meta":"","header-below-stick-meta":"","astra-migrate-meta-layouts":"set","ast-page-background-enabled":"default","ast-page-background-meta":{"desktop":{"background-color":"var(--ast-global-color-4)","background-image":"","background-repeat":"repeat","background-position":"center center","background-size":"auto","background-attachment":"scroll","background-type":"","background-media":"","overlay-type":"","overlay-color":"","overlay-opacity":"","overlay-gradient":""},"tablet":{"background-color":"","background-image":"","background-repeat":"repeat","background-position":"center center","background-size":"auto","background-attachment":"scroll","background-type":"","background-media":"","overlay-type":"","overlay-color":"","overlay-opacity":"","overlay-gradient":""},"mobile":{"background-color":"","background-image":"","background-repeat":"repeat","background-position":"center center","background-size":"auto","background-attachment":"scroll","background-type":"","background-media":"","overlay-type":"","overlay-color":"","overlay-opacity":"","overlay-gradient":""}},"ast-content-background-meta":{"desktop":{"background-color":"var(--ast-global-color-5)","background-image":"","background-repeat":"repeat","background-position":"center center","background-size":"auto","background-attachment":"scroll","background-type":"","background-media":"","overlay-type":"","overlay-color":"","overlay-opacity":"","overlay-gradient":""},"tablet":{"background-color":"var(--ast-global-color-5)","background-image":"","background-repeat":"repeat","background-position":"center center","background-size":"auto","background-attachment":"scroll","background-type":"","background-media":"","overlay-type":"","overlay-color":"","overlay-opacity":"","overlay-gradient":""},"mobile":{"background-color":"var(--ast-global-color-5)","background-image":"","background-repeat":"repeat","background-position":"center center","background-size":"auto","background-attachment":"scroll","background-type":"","background-media":"","overlay-type":"","overlay-color":"","overlay-opacity":"","overlay-gradient":""}}},"product_brand":[],"product_cat":[52,265,179,368,370],"product_tag":[],"class_list":{"0":"post-5916","1":"product","2":"type-product","3":"status-publish","4":"has-post-thumbnail","6":"product_cat-20th-century","7":"product_cat-aquarell","8":"product_cat-gemaelde","9":"product_cat-jan-mudroch","10":"product_cat-slowakisch","11":"desktop-align-center","12":"tablet-align-left","13":"mobile-align-left","15":"first","16":"instock","17":"taxable","18":"shipping-taxable","19":"product-type-simple"},"_links":{"self":[{"href":"https:\/\/collection.galerie-gerdes.com\/en\/wp-json\/wp\/v2\/product\/5916","targetHints":{"allow":["GET"]}}],"collection":[{"href":"https:\/\/collection.galerie-gerdes.com\/en\/wp-json\/wp\/v2\/product"}],"about":[{"href":"https:\/\/collection.galerie-gerdes.com\/en\/wp-json\/wp\/v2\/types\/product"}],"wp:featuredmedia":[{"embeddable":true,"href":"https:\/\/collection.galerie-gerdes.com\/en\/wp-json\/wp\/v2\/media\/5917"}],"wp:attachment":[{"href":"https:\/\/collection.galerie-gerdes.com\/en\/wp-json\/wp\/v2\/media?parent=5916"}],"wp:term":[{"taxonomy":"product_brand","embeddable":true,"href":"https:\/\/collection.galerie-gerdes.com\/en\/wp-json\/wp\/v2\/product_brand?post=5916"},{"taxonomy":"product_cat","embeddable":true,"href":"https:\/\/collection.galerie-gerdes.com\/en\/wp-json\/wp\/v2\/product_cat?post=5916"},{"taxonomy":"product_tag","embeddable":true,"href":"https:\/\/collection.galerie-gerdes.com\/en\/wp-json\/wp\/v2\/product_tag?post=5916"}],"curies":[{"name":"wp","href":"https:\/\/api.w.org\/{rel}","templated":true}]}}