{"id":237811,"date":"2024-09-14T21:41:35","date_gmt":"2024-09-14T19:41:35","guid":{"rendered":"https:\/\/www.collection.galerie-gerdes.com\/?post_type=product&#038;p=237811"},"modified":"2024-09-24T13:50:10","modified_gmt":"2024-09-24T11:50:10","slug":"gemaelde-huette-in-alpenlandschaft-signiert-philipp-graf","status":"publish","type":"product","link":"https:\/\/collection.galerie-gerdes.com\/es\/p\/gemaelde-huette-in-alpenlandschaft-signiert-philipp-graf\/","title":{"rendered":"Alpenlandschaft mit H\u00fctten | Kleines Gem\u00e4lde von Philipp Graf"},"content":{"rendered":"<p>Anton Philipp Graf (* 23. September 1874 in W\u00fcrzburg; \u2020 26. M\u00e4rz 1947 in Prien am Chiemsee) war ein deutscher Maler, der sich vor allem auf Landschaftsmalerei spezialisierte. Nach einer ersten Ausbildung an der Zeichenschule des Polytechnischen Zentralvereins in W\u00fcrzburg studierte er ab 1894 an der Akademie der Bildenden K\u00fcnste M\u00fcnchen bei Gustav Rien\u00e4cker und Fritz M\u00fcller-Landeck.<\/p>\n<p>Graf war Mitglied des Reichsverbands Bildender K\u00fcnstler Deutschlands und in der Zeit des Nationalsozialismus Mitglied der Reichskammer der bildenden K\u00fcnste, was f\u00fcr K\u00fcnstler in dieser Zeit verpflichtend war. In den Jahren 1939, 1941 und 1942 nahm er mit drei Landschaftsbildern an den Erg\u00e4nzungsausstellungen zur Gro\u00dfen Deutschen Kunstausstellung teil.<\/p>\n","protected":false},"excerpt":{"rendered":"<p>Anton Philipp Graf (1874 &#8211; 1947)<\/p>\n","protected":false},"featured_media":238863,"template":"","meta":{"site-sidebar-layout":"default","site-content-layout":"","ast-site-content-layout":"default","site-content-style":"default","site-sidebar-style":"default","ast-global-header-display":"","ast-banner-title-visibility":"","ast-main-header-display":"","ast-hfb-above-header-display":"","ast-hfb-below-header-display":"","ast-hfb-mobile-header-display":"","site-post-title":"","ast-breadcrumbs-content":"","ast-featured-img":"","footer-sml-layout":"","ast-disable-related-posts":"","theme-transparent-header-meta":"default","adv-header-id-meta":"","stick-header-meta":"","header-above-stick-meta":"","header-main-stick-meta":"","header-below-stick-meta":"","astra-migrate-meta-layouts":"set","ast-page-background-enabled":"default","ast-page-background-meta":{"desktop":{"background-color":"var(--ast-global-color-4)","background-image":"","background-repeat":"repeat","background-position":"center center","background-size":"auto","background-attachment":"scroll","background-type":"","background-media":"","overlay-type":"","overlay-color":"","overlay-opacity":"","overlay-gradient":""},"tablet":{"background-color":"","background-image":"","background-repeat":"repeat","background-position":"center center","background-size":"auto","background-attachment":"scroll","background-type":"","background-media":"","overlay-type":"","overlay-color":"","overlay-opacity":"","overlay-gradient":""},"mobile":{"background-color":"","background-image":"","background-repeat":"repeat","background-position":"center center","background-size":"auto","background-attachment":"scroll","background-type":"","background-media":"","overlay-type":"","overlay-color":"","overlay-opacity":"","overlay-gradient":""}},"ast-content-background-meta":{"desktop":{"background-color":"var(--ast-global-color-5)","background-image":"","background-repeat":"repeat","background-position":"center center","background-size":"auto","background-attachment":"scroll","background-type":"","background-media":"","overlay-type":"","overlay-color":"","overlay-opacity":"","overlay-gradient":""},"tablet":{"background-color":"var(--ast-global-color-5)","background-image":"","background-repeat":"repeat","background-position":"center center","background-size":"auto","background-attachment":"scroll","background-type":"","background-media":"","overlay-type":"","overlay-color":"","overlay-opacity":"","overlay-gradient":""},"mobile":{"background-color":"var(--ast-global-color-5)","background-image":"","background-repeat":"repeat","background-position":"center center","background-size":"auto","background-attachment":"scroll","background-type":"","background-media":"","overlay-type":"","overlay-color":"","overlay-opacity":"","overlay-gradient":""}}},"product_brand":[],"product_cat":[52,14380,25,409,267],"product_tag":[],"class_list":{"0":"post-237811","1":"product","2":"type-product","3":"status-publish","4":"has-post-thumbnail","6":"product_cat-20th-century","7":"product_cat-anton-philipp-graf","8":"product_cat-deutsch","9":"product_cat-landschaft","10":"product_cat-oelgemaelde","11":"desktop-align-center","12":"tablet-align-left","13":"mobile-align-left","15":"first","16":"instock","17":"taxable","18":"shipping-taxable","19":"product-type-simple"},"_links":{"self":[{"href":"https:\/\/collection.galerie-gerdes.com\/es\/wp-json\/wp\/v2\/product\/237811","targetHints":{"allow":["GET"]}}],"collection":[{"href":"https:\/\/collection.galerie-gerdes.com\/es\/wp-json\/wp\/v2\/product"}],"about":[{"href":"https:\/\/collection.galerie-gerdes.com\/es\/wp-json\/wp\/v2\/types\/product"}],"wp:featuredmedia":[{"embeddable":true,"href":"https:\/\/collection.galerie-gerdes.com\/es\/wp-json\/wp\/v2\/media\/238863"}],"wp:attachment":[{"href":"https:\/\/collection.galerie-gerdes.com\/es\/wp-json\/wp\/v2\/media?parent=237811"}],"wp:term":[{"taxonomy":"product_brand","embeddable":true,"href":"https:\/\/collection.galerie-gerdes.com\/es\/wp-json\/wp\/v2\/product_brand?post=237811"},{"taxonomy":"product_cat","embeddable":true,"href":"https:\/\/collection.galerie-gerdes.com\/es\/wp-json\/wp\/v2\/product_cat?post=237811"},{"taxonomy":"product_tag","embeddable":true,"href":"https:\/\/collection.galerie-gerdes.com\/es\/wp-json\/wp\/v2\/product_tag?post=237811"}],"curies":[{"name":"wp","href":"https:\/\/api.w.org\/{rel}","templated":true}]}}