{"id":251544,"date":"2024-10-23T20:53:09","date_gmt":"2024-10-23T18:53:09","guid":{"rendered":"https:\/\/www.collection.galerie-gerdes.com\/?post_type=product&#038;p=251544"},"modified":"2024-10-29T17:42:30","modified_gmt":"2024-10-29T16:42:30","slug":"jaeger-wanderer-1956-viii-karikatur-gemaelde-von-georg-achtelstetter","status":"publish","type":"product","link":"https:\/\/collection.galerie-gerdes.com\/es\/p\/jaeger-wanderer-1956-viii-karikatur-gemaelde-von-georg-achtelstetter\/","title":{"rendered":"J\u00e4ger \/ Wanderer, 1956 (VIII) | Karikatur\/ Gem\u00e4lde von Georg Achtelstetter"},"content":{"rendered":"<p>Georg Achtelstetter (* 5. Mai 1883 in Augsburg; \u2020 13. M\u00e4rz 1973 in Cham) war ein deutscher Maler und Schriftsteller, der vor allem f\u00fcr seine Landschaftsmotive und Wandbilder bekannt wurde. Achtelstetter verbrachte 20 Jahre seines Lebens in N\u00fcrnberg und stellte 1938 bei der Gro\u00dfen Deutschen Kunstausstellung aus, wo sein Aquarell \u201eDer bayrische Wald\u201c von Wilhelm Frick erworben wurde. Nach dem Zweiten Weltkrieg zog er 1947 nach Cham in der Oberpfalz, das zu seiner Wahlheimat wurde und den Hintergrund vieler seiner Werke bot, die \u00fcber die Region hinaus Anerkennung fanden.<\/p>\n<p>Besonders bekannt sind seine Aquarelle, \u00d6lgem\u00e4lde und gro\u00dfformatigen Wandbilder, darunter das Motiv des Hl. Jakob an der Stadtpfarrkirche St. Jakob in Cham und die Darstellung der Pandurenreiter f\u00fcr das Festspiel \u201eTrenck der Pandur\u201c in Waldm\u00fcnchen. Landschaftsbilder, die den Landkreis Cham zeigen, pr\u00e4gen ebenfalls sein Werk. Teile seines k\u00fcnstlerischen Nachlasses werden im Deutschen Kunstarchiv des Germanischen Nationalmuseums in N\u00fcrnberg aufbewahrt.<\/p>\n","protected":false},"excerpt":{"rendered":"<p>Georg Achtelstetter (1883-1973)<\/p>\n","protected":false},"featured_media":251876,"template":"","meta":{"site-sidebar-layout":"default","site-content-layout":"","ast-site-content-layout":"default","site-content-style":"default","site-sidebar-style":"default","ast-global-header-display":"","ast-banner-title-visibility":"","ast-main-header-display":"","ast-hfb-above-header-display":"","ast-hfb-below-header-display":"","ast-hfb-mobile-header-display":"","site-post-title":"","ast-breadcrumbs-content":"","ast-featured-img":"","footer-sml-layout":"","ast-disable-related-posts":"","theme-transparent-header-meta":"default","adv-header-id-meta":"","stick-header-meta":"","header-above-stick-meta":"","header-main-stick-meta":"","header-below-stick-meta":"","astra-migrate-meta-layouts":"set","ast-page-background-enabled":"default","ast-page-background-meta":{"desktop":{"background-color":"var(--ast-global-color-4)","background-image":"","background-repeat":"repeat","background-position":"center center","background-size":"auto","background-attachment":"scroll","background-type":"","background-media":"","overlay-type":"","overlay-color":"","overlay-opacity":"","overlay-gradient":""},"tablet":{"background-color":"","background-image":"","background-repeat":"repeat","background-position":"center center","background-size":"auto","background-attachment":"scroll","background-type":"","background-media":"","overlay-type":"","overlay-color":"","overlay-opacity":"","overlay-gradient":""},"mobile":{"background-color":"","background-image":"","background-repeat":"repeat","background-position":"center center","background-size":"auto","background-attachment":"scroll","background-type":"","background-media":"","overlay-type":"","overlay-color":"","overlay-opacity":"","overlay-gradient":""}},"ast-content-background-meta":{"desktop":{"background-color":"var(--ast-global-color-5)","background-image":"","background-repeat":"repeat","background-position":"center center","background-size":"auto","background-attachment":"scroll","background-type":"","background-media":"","overlay-type":"","overlay-color":"","overlay-opacity":"","overlay-gradient":""},"tablet":{"background-color":"var(--ast-global-color-5)","background-image":"","background-repeat":"repeat","background-position":"center center","background-size":"auto","background-attachment":"scroll","background-type":"","background-media":"","overlay-type":"","overlay-color":"","overlay-opacity":"","overlay-gradient":""},"mobile":{"background-color":"var(--ast-global-color-5)","background-image":"","background-repeat":"repeat","background-position":"center center","background-size":"auto","background-attachment":"scroll","background-type":"","background-media":"","overlay-type":"","overlay-color":"","overlay-opacity":"","overlay-gradient":""}}},"product_brand":[],"product_cat":[52,265,25,420,179,14406,424,409],"product_tag":[],"class_list":{"0":"post-251544","1":"product","2":"type-product","3":"status-publish","4":"has-post-thumbnail","6":"product_cat-20th-century","7":"product_cat-aquarell","8":"product_cat-deutsch","9":"product_cat-figuren","10":"product_cat-gemaelde","11":"product_cat-georg-achtelstetter","12":"product_cat-karikaturen","13":"product_cat-landschaft","14":"desktop-align-center","15":"tablet-align-left","16":"mobile-align-left","18":"first","19":"instock","20":"taxable","21":"shipping-taxable","22":"product-type-simple"},"_links":{"self":[{"href":"https:\/\/collection.galerie-gerdes.com\/es\/wp-json\/wp\/v2\/product\/251544","targetHints":{"allow":["GET"]}}],"collection":[{"href":"https:\/\/collection.galerie-gerdes.com\/es\/wp-json\/wp\/v2\/product"}],"about":[{"href":"https:\/\/collection.galerie-gerdes.com\/es\/wp-json\/wp\/v2\/types\/product"}],"wp:featuredmedia":[{"embeddable":true,"href":"https:\/\/collection.galerie-gerdes.com\/es\/wp-json\/wp\/v2\/media\/251876"}],"wp:attachment":[{"href":"https:\/\/collection.galerie-gerdes.com\/es\/wp-json\/wp\/v2\/media?parent=251544"}],"wp:term":[{"taxonomy":"product_brand","embeddable":true,"href":"https:\/\/collection.galerie-gerdes.com\/es\/wp-json\/wp\/v2\/product_brand?post=251544"},{"taxonomy":"product_cat","embeddable":true,"href":"https:\/\/collection.galerie-gerdes.com\/es\/wp-json\/wp\/v2\/product_cat?post=251544"},{"taxonomy":"product_tag","embeddable":true,"href":"https:\/\/collection.galerie-gerdes.com\/es\/wp-json\/wp\/v2\/product_tag?post=251544"}],"curies":[{"name":"wp","href":"https:\/\/api.w.org\/{rel}","templated":true}]}}