{"id":266181,"date":"2024-11-09T13:25:25","date_gmt":"2024-11-09T12:25:25","guid":{"rendered":"https:\/\/www.collection.galerie-gerdes.com\/?post_type=product&#038;p=266181"},"modified":"2024-12-18T16:46:18","modified_gmt":"2024-12-18T15:46:18","slug":"gemaelde-von-albert-kley-geislingen","status":"publish","type":"product","link":"https:\/\/collection.galerie-gerdes.com\/es\/p\/gemaelde-von-albert-kley-geislingen\/","title":{"rendered":"Stadtansicht, Zeichnung | Gem\u00e4lde von Albert Kley | Geislingen"},"content":{"rendered":"<div class=\"flex-shrink-0 flex flex-col relative items-end\">\n<div>\n<div class=\"pt-0\">\n<div class=\"gizmo-bot-avatar flex h-8 w-8 items-center justify-center overflow-hidden rounded-full\">\n<div class=\"relative p-1 rounded-sm flex items-center justify-center bg-token-main-surface-primary text-token-text-primary h-8 w-8\"><span style=\"font-size: 16px;\">Albert Kley (*3. Februar 1907 in Schelklingen-Gundershofen; \u202030. April 2000 in Geislingen an der Steige) war ein deutscher Gymnasiallehrer, Maler, P\u00e4dagoge und Oberstudiendirektor. Von 1945 bis 1972 leitete er das Gymnasium in Geislingen an der Steige. Schon 1930 trat Kley der Ulmer K\u00fcnstlergilde bei, wo er sich aktiv in der Kunstszene engagierte. In der Zeit des Nationalsozialismus wurde er jedoch als \u00abentarteter\u00bb K\u00fcnstler eingestuft. Neben seiner T\u00e4tigkeit als Lehrer und Direktor verfolgte Kley stets seine Leidenschaft f\u00fcr die Malerei und Kunst und wirkte als K\u00fcnstler in der Region Geislingen.<\/span><\/div>\n<\/div>\n<\/div>\n<\/div>\n<\/div>\n","protected":false},"excerpt":{"rendered":"<p><span style=\"font-size: 16px;\">Albert Kley (1907 &#8211; 2000) <\/span><\/p>\n","protected":false},"featured_media":266197,"template":"","meta":{"site-sidebar-layout":"default","site-content-layout":"","ast-site-content-layout":"default","site-content-style":"default","site-sidebar-style":"default","ast-global-header-display":"","ast-banner-title-visibility":"","ast-main-header-display":"","ast-hfb-above-header-display":"","ast-hfb-below-header-display":"","ast-hfb-mobile-header-display":"","site-post-title":"","ast-breadcrumbs-content":"","ast-featured-img":"","footer-sml-layout":"","ast-disable-related-posts":"","theme-transparent-header-meta":"default","adv-header-id-meta":"","stick-header-meta":"","header-above-stick-meta":"","header-main-stick-meta":"","header-below-stick-meta":"","astra-migrate-meta-layouts":"set","ast-page-background-enabled":"default","ast-page-background-meta":{"desktop":{"background-color":"var(--ast-global-color-4)","background-image":"","background-repeat":"repeat","background-position":"center center","background-size":"auto","background-attachment":"scroll","background-type":"","background-media":"","overlay-type":"","overlay-color":"","overlay-opacity":"","overlay-gradient":""},"tablet":{"background-color":"","background-image":"","background-repeat":"repeat","background-position":"center center","background-size":"auto","background-attachment":"scroll","background-type":"","background-media":"","overlay-type":"","overlay-color":"","overlay-opacity":"","overlay-gradient":""},"mobile":{"background-color":"","background-image":"","background-repeat":"repeat","background-position":"center center","background-size":"auto","background-attachment":"scroll","background-type":"","background-media":"","overlay-type":"","overlay-color":"","overlay-opacity":"","overlay-gradient":""}},"ast-content-background-meta":{"desktop":{"background-color":"var(--ast-global-color-5)","background-image":"","background-repeat":"repeat","background-position":"center center","background-size":"auto","background-attachment":"scroll","background-type":"","background-media":"","overlay-type":"","overlay-color":"","overlay-opacity":"","overlay-gradient":""},"tablet":{"background-color":"var(--ast-global-color-5)","background-image":"","background-repeat":"repeat","background-position":"center center","background-size":"auto","background-attachment":"scroll","background-type":"","background-media":"","overlay-type":"","overlay-color":"","overlay-opacity":"","overlay-gradient":""},"mobile":{"background-color":"var(--ast-global-color-5)","background-image":"","background-repeat":"repeat","background-position":"center center","background-size":"auto","background-attachment":"scroll","background-type":"","background-media":"","overlay-type":"","overlay-color":"","overlay-opacity":"","overlay-gradient":""}}},"product_brand":[],"product_cat":[52,14659,265,25,179],"product_tag":[],"class_list":{"0":"post-266181","1":"product","2":"type-product","3":"status-publish","4":"has-post-thumbnail","6":"product_cat-20th-century","7":"product_cat-albert-kley","8":"product_cat-aquarell","9":"product_cat-deutsch","10":"product_cat-gemaelde","11":"desktop-align-center","12":"tablet-align-left","13":"mobile-align-left","15":"first","16":"instock","17":"taxable","18":"shipping-taxable","19":"product-type-simple"},"_links":{"self":[{"href":"https:\/\/collection.galerie-gerdes.com\/es\/wp-json\/wp\/v2\/product\/266181","targetHints":{"allow":["GET"]}}],"collection":[{"href":"https:\/\/collection.galerie-gerdes.com\/es\/wp-json\/wp\/v2\/product"}],"about":[{"href":"https:\/\/collection.galerie-gerdes.com\/es\/wp-json\/wp\/v2\/types\/product"}],"wp:featuredmedia":[{"embeddable":true,"href":"https:\/\/collection.galerie-gerdes.com\/es\/wp-json\/wp\/v2\/media\/266197"}],"wp:attachment":[{"href":"https:\/\/collection.galerie-gerdes.com\/es\/wp-json\/wp\/v2\/media?parent=266181"}],"wp:term":[{"taxonomy":"product_brand","embeddable":true,"href":"https:\/\/collection.galerie-gerdes.com\/es\/wp-json\/wp\/v2\/product_brand?post=266181"},{"taxonomy":"product_cat","embeddable":true,"href":"https:\/\/collection.galerie-gerdes.com\/es\/wp-json\/wp\/v2\/product_cat?post=266181"},{"taxonomy":"product_tag","embeddable":true,"href":"https:\/\/collection.galerie-gerdes.com\/es\/wp-json\/wp\/v2\/product_tag?post=266181"}],"curies":[{"name":"wp","href":"https:\/\/api.w.org\/{rel}","templated":true}]}}