{"id":309055,"date":"2023-12-16T22:46:00","date_gmt":"2023-12-16T21:46:00","guid":{"rendered":"https:\/\/collection.galerie-gerdes.com\/produkt\/musica-de-pueblo-dibujo-adolf-muenzer-hombre-con-tuba\/"},"modified":"2023-12-16T22:46:00","modified_gmt":"2023-12-16T21:46:00","slug":"musica-de-pueblo-dibujo-adolf-muenzer-hombre-con-tuba","status":"publish","type":"product","link":"https:\/\/collection.galerie-gerdes.com\/es\/p\/musica-de-pueblo-dibujo-adolf-muenzer-hombre-con-tuba\/","title":{"rendered":"\u00abM\u00fasica de pueblo\u00bb, dibujo, Adolf M\u00fcnzer, hombre con tuba"},"content":{"rendered":"<p>Nacido en Ple\u00df, Alta Silesia, pas\u00f3 su infancia en Breslavia tras la temprana muerte de su padre en 1876, donde asisti\u00f3 al Matthias-Gymnasium y comenz\u00f3 su formaci\u00f3n con el pintor decorativo Georg Heintze en 1886. M\u00e1s tarde continu\u00f3 su formaci\u00f3n en la Escuela de Artes y Oficios de Breslau y recibi\u00f3 clases de maestros como Heinrich Irmann, Paul Schobelt y Albrecht Br\u00e4uer.  <\/p>\n<p>En 1894, M\u00fcnzer inici\u00f3 sus estudios en la Academia de Bellas Artes de M\u00fanich, donde recibi\u00f3 clases de artistas de renombre como Karl Raupp y Otto Seitz. Durante su servicio militar, se uni\u00f3 a la clase de pintura de Paul Hoecker, que se centraba intensamente en la pintura al aire libre. M\u00fcnzer incluso recibi\u00f3 aqu\u00ed su propio estudio maestro en 1896.  <\/p>\n<p>En 1898, fue uno de los dos ganadores del primer concurso de Ludwig Stollwerck sobre dise\u00f1os para cuadros de coleccionista de Stollwerck, con un premio en met\u00e1lico de 1.000 marcos. A partir de 1899, M\u00fcnzer expuso sus obras en el Glaspalast de M\u00fanich como miembro del grupo de artistas Scholle. Tambi\u00e9n colabor\u00f3 en el semanario muniqu\u00e9s \u00abJugend\u00bb y en la revista sat\u00edrica \u00abSimplicissimus\u00bb.  <\/p>\n<p>Consolid\u00f3 su desarrollo art\u00edstico durante una estancia en Par\u00eds de 1900 a 1902. En 1903 conoci\u00f3 a Marie Therese Dree\u00dfen, de soltera von Vestenhof, con quien se cas\u00f3 un a\u00f1o despu\u00e9s de un espectacular esc\u00e1ndalo. Este esc\u00e1ndalo provoc\u00f3 el divorcio de la Sra. Dree\u00dfen y su marido.   <\/p>\n<p>En 1909, M\u00fcnzer se convirti\u00f3 en director de una clase de pintura en la Academia de Arte de D\u00fcsseldorf, donde ense\u00f1\u00f3 hasta 1932. Durante este tiempo, tambi\u00e9n cre\u00f3 murales y pinturas de techo para el gobierno del distrito de D\u00fcsseldorf. Durante la Primera Guerra Mundial, sirvi\u00f3 como pintor de guerra en el frente en 1915 y fue voluntario en 1917, pero no entr\u00f3 en acci\u00f3n.  <\/p>\n<p>En 1938, la familia M\u00fcnzer se traslad\u00f3 a Holzhausen am Ammersee. Las obras de M\u00fcnzer se expusieron en varios museos y colecciones de renombre, como la Neue Pinakothek de M\u00fanich, el Wallraf-Richartz-Museum de Colonia, el St\u00e4dtisches Kunstmuseum de D\u00fcsseldorf y la colecci\u00f3n del Kunstverein de Basilea. <\/p>\n<p>Entre 1938 y 1944, M\u00fcnzer particip\u00f3 activamente en las Grandes Exposiciones de Arte Alem\u00e1n iniciadas por los nacionalsocialistas en la Casa del Arte Alem\u00e1n de M\u00fanich e incluso vendi\u00f3 una obra a Adolf Hitler. En 1950, expuso treinta cuadros en la Cooperativa de Artistas de M\u00fanich. M\u00fcnzer fue incluido en la lista de homenajeados por el Ministerio de Ilustraci\u00f3n Popular y Propaganda del Reich en 1944.  <\/p>\n<p>El estilo narrativo de M\u00fcnzer era evidente en sus gr\u00e1ficos, sobre todo en sus ilustraciones de cuentos de hadas para la editorial Scholz de Maguncia. Tambi\u00e9n fue miembro de la Deutscher K\u00fcnstlerbund. <\/p>\n","protected":false},"excerpt":{"rendered":"<p>Adolf M\u00fcnzer (1870-1953)<br \/>\nSignos de envejecimiento, ver fotos<\/p>\n","protected":false},"featured_media":7693,"template":"","meta":{"site-sidebar-layout":"default","site-content-layout":"","ast-site-content-layout":"default","site-content-style":"default","site-sidebar-style":"default","ast-global-header-display":"","ast-banner-title-visibility":"","ast-main-header-display":"","ast-hfb-above-header-display":"","ast-hfb-below-header-display":"","ast-hfb-mobile-header-display":"","site-post-title":"","ast-breadcrumbs-content":"","ast-featured-img":"","footer-sml-layout":"","ast-disable-related-posts":"","theme-transparent-header-meta":"default","adv-header-id-meta":"","stick-header-meta":"","header-above-stick-meta":"","header-main-stick-meta":"","header-below-stick-meta":"","astra-migrate-meta-layouts":"default","ast-page-background-enabled":"default","ast-page-background-meta":{"desktop":{"background-color":"var(--ast-global-color-4)","background-image":"","background-repeat":"repeat","background-position":"center center","background-size":"auto","background-attachment":"scroll","background-type":"","background-media":"","overlay-type":"","overlay-color":"","overlay-opacity":"","overlay-gradient":""},"tablet":{"background-color":"","background-image":"","background-repeat":"repeat","background-position":"center center","background-size":"auto","background-attachment":"scroll","background-type":"","background-media":"","overlay-type":"","overlay-color":"","overlay-opacity":"","overlay-gradient":""},"mobile":{"background-color":"","background-image":"","background-repeat":"repeat","background-position":"center center","background-size":"auto","background-attachment":"scroll","background-type":"","background-media":"","overlay-type":"","overlay-color":"","overlay-opacity":"","overlay-gradient":""}},"ast-content-background-meta":{"desktop":{"background-color":"var(--ast-global-color-5)","background-image":"","background-repeat":"repeat","background-position":"center center","background-size":"auto","background-attachment":"scroll","background-type":"","background-media":"","overlay-type":"","overlay-color":"","overlay-opacity":"","overlay-gradient":""},"tablet":{"background-color":"var(--ast-global-color-5)","background-image":"","background-repeat":"repeat","background-position":"center center","background-size":"auto","background-attachment":"scroll","background-type":"","background-media":"","overlay-type":"","overlay-color":"","overlay-opacity":"","overlay-gradient":""},"mobile":{"background-color":"var(--ast-global-color-5)","background-image":"","background-repeat":"repeat","background-position":"center center","background-size":"auto","background-attachment":"scroll","background-type":"","background-media":"","overlay-type":"","overlay-color":"","overlay-opacity":"","overlay-gradient":""}}},"product_brand":[],"product_cat":[749,683],"product_tag":[14901,14903,1605,14904,1606,1607,1608,1609,1610],"class_list":{"0":"post-309055","1":"product","2":"type-product","3":"status-publish","4":"has-post-thumbnail","6":"product_cat-german-es","7":"product_cat-painting-es","8":"product_tag-adolf-muenzer-es","9":"product_tag-aleman","10":"product_tag-art-es","11":"product_tag-dibujo","12":"product_tag-gemalde-es","13":"product_tag-kunst-es","14":"product_tag-painting-es","15":"product_tag-peintures-es","16":"product_tag-pittura-es","17":"desktop-align-center","18":"tablet-align-left","19":"mobile-align-left","21":"first","22":"instock","23":"taxable","24":"shipping-taxable","25":"product-type-simple"},"_links":{"self":[{"href":"https:\/\/collection.galerie-gerdes.com\/es\/wp-json\/wp\/v2\/product\/309055","targetHints":{"allow":["GET"]}}],"collection":[{"href":"https:\/\/collection.galerie-gerdes.com\/es\/wp-json\/wp\/v2\/product"}],"about":[{"href":"https:\/\/collection.galerie-gerdes.com\/es\/wp-json\/wp\/v2\/types\/product"}],"wp:featuredmedia":[{"embeddable":true,"href":"https:\/\/collection.galerie-gerdes.com\/es\/wp-json\/wp\/v2\/media\/7693"}],"wp:attachment":[{"href":"https:\/\/collection.galerie-gerdes.com\/es\/wp-json\/wp\/v2\/media?parent=309055"}],"wp:term":[{"taxonomy":"product_brand","embeddable":true,"href":"https:\/\/collection.galerie-gerdes.com\/es\/wp-json\/wp\/v2\/product_brand?post=309055"},{"taxonomy":"product_cat","embeddable":true,"href":"https:\/\/collection.galerie-gerdes.com\/es\/wp-json\/wp\/v2\/product_cat?post=309055"},{"taxonomy":"product_tag","embeddable":true,"href":"https:\/\/collection.galerie-gerdes.com\/es\/wp-json\/wp\/v2\/product_tag?post=309055"}],"curies":[{"name":"wp","href":"https:\/\/api.w.org\/{rel}","templated":true}]}}