{"id":309095,"date":"2023-12-16T16:23:37","date_gmt":"2023-12-16T15:23:37","guid":{"rendered":"https:\/\/collection.galerie-gerdes.com\/produkt\/paisaje-danes-casa-junto-al-lago-cuadro-de-achton-friis\/"},"modified":"2023-12-16T16:23:37","modified_gmt":"2023-12-16T15:23:37","slug":"paisaje-danes-casa-junto-al-lago-cuadro-de-achton-friis","status":"publish","type":"product","link":"https:\/\/collection.galerie-gerdes.com\/es\/p\/paisaje-danes-casa-junto-al-lago-cuadro-de-achton-friis\/","title":{"rendered":"Paisaje dan\u00e9s, casa junto al lago, cuadro de Achton Friis"},"content":{"rendered":"<p>Achton Johannes Friis (1871-1939) fue un conocido pintor e ilustrador. Naci\u00f3 el 5 de septiembre de 1871 en Trustrup, Lyngby Sogn, condado de Randers, y muri\u00f3 el 17 de diciembre de 1939 en Copenhague. Su madre, Maren F. Fries, era hija de un granjero y se cas\u00f3 con la violinista Martha Elster en Copenhague el 15 de diciembre de 1909. Martha naci\u00f3 en la misma ciudad el 17 de septiembre de 1879 y muri\u00f3 en Frederiksberg el 28 de febrero de 1966. Era hija del capit\u00e1n Chr. Gregers E. y de Lovise Augusta Petersen, que eran ricos.    <\/p>\n<p>Achton Friis era un hombre vers\u00e1til que combinaba las cualidades de un granjero con un porte aristocr\u00e1tico. Esta mezcla \u00fanica le permiti\u00f3 llevar una vida abnegada y excepcionalmente significativa, a pesar de que no estaba extraordinariamente dotado para ning\u00fan campo en particular. Durante la expedici\u00f3n danesa con Mylius-Erichsen, descubri\u00f3 su talento como escritor y artista visual, profundamente conmovido por los paisajes de la costa noreste de Groenlandia. Cre\u00f3 una serie de v\u00edvidos e impresionantes cuadros de paisajes, as\u00ed como retratos grabados y pintados de, entre otros, su amigo J\u00f8rgen Br\u00f8nlund. Estas obras se reprodujeron en los libros de Mylius-Erichsen sobre Groenlandia.    <\/p>\n<p>Adem\u00e1s de sus contribuciones art\u00edsticas, Friis tambi\u00e9n escribi\u00f3 e ilustr\u00f3 relatos de viajes, como en su libro \u00abCazador \u00c1rtico\u00bb. Su verdadero don, sin embargo, era captar la belleza diversa de Dinamarca a trav\u00e9s de los ojos de un artista. Sus obras \u00abLas islas de los daneses  <\/p>\n","protected":false},"excerpt":{"rendered":"<p>Achton Johannes Friis (1871-1939)<br \/>\nP\u00e9rdidas individuales de color, ara\u00f1azos, abolladuras<\/p>\n","protected":false},"featured_media":7666,"template":"","meta":{"site-sidebar-layout":"default","site-content-layout":"","ast-site-content-layout":"default","site-content-style":"default","site-sidebar-style":"default","ast-global-header-display":"","ast-banner-title-visibility":"","ast-main-header-display":"","ast-hfb-above-header-display":"","ast-hfb-below-header-display":"","ast-hfb-mobile-header-display":"","site-post-title":"","ast-breadcrumbs-content":"","ast-featured-img":"","footer-sml-layout":"","ast-disable-related-posts":"","theme-transparent-header-meta":"default","adv-header-id-meta":"","stick-header-meta":"","header-above-stick-meta":"","header-main-stick-meta":"","header-below-stick-meta":"","astra-migrate-meta-layouts":"default","ast-page-background-enabled":"default","ast-page-background-meta":{"desktop":{"background-color":"var(--ast-global-color-4)","background-image":"","background-repeat":"repeat","background-position":"center center","background-size":"auto","background-attachment":"scroll","background-type":"","background-media":"","overlay-type":"","overlay-color":"","overlay-opacity":"","overlay-gradient":""},"tablet":{"background-color":"","background-image":"","background-repeat":"repeat","background-position":"center center","background-size":"auto","background-attachment":"scroll","background-type":"","background-media":"","overlay-type":"","overlay-color":"","overlay-opacity":"","overlay-gradient":""},"mobile":{"background-color":"","background-image":"","background-repeat":"repeat","background-position":"center center","background-size":"auto","background-attachment":"scroll","background-type":"","background-media":"","overlay-type":"","overlay-color":"","overlay-opacity":"","overlay-gradient":""}},"ast-content-background-meta":{"desktop":{"background-color":"var(--ast-global-color-5)","background-image":"","background-repeat":"repeat","background-position":"center center","background-size":"auto","background-attachment":"scroll","background-type":"","background-media":"","overlay-type":"","overlay-color":"","overlay-opacity":"","overlay-gradient":""},"tablet":{"background-color":"var(--ast-global-color-5)","background-image":"","background-repeat":"repeat","background-position":"center center","background-size":"auto","background-attachment":"scroll","background-type":"","background-media":"","overlay-type":"","overlay-color":"","overlay-opacity":"","overlay-gradient":""},"mobile":{"background-color":"var(--ast-global-color-5)","background-image":"","background-repeat":"repeat","background-position":"center center","background-size":"auto","background-attachment":"scroll","background-type":"","background-media":"","overlay-type":"","overlay-color":"","overlay-opacity":"","overlay-gradient":""}}},"product_brand":[],"product_cat":[2729,681,683],"product_tag":[1605,15016,1606,1607,15018,1608,15015,1609,15017,1610],"class_list":{"0":"post-309095","1":"product","2":"type-product","3":"status-publish","4":"has-post-thumbnail","6":"product_cat-danish-es","7":"product_cat-landschaft-es","8":"product_cat-painting-es","9":"product_tag-art-es","10":"product_tag-danes","11":"product_tag-gemalde-es","12":"product_tag-kunst-es","13":"product_tag-lona","14":"product_tag-painting-es","15":"product_tag-paisaje","16":"product_tag-peintures-es","17":"product_tag-pintura-al-oleo","18":"product_tag-pittura-es","19":"desktop-align-center","20":"tablet-align-left","21":"mobile-align-left","23":"first","24":"instock","25":"taxable","26":"shipping-taxable","27":"product-type-simple"},"_links":{"self":[{"href":"https:\/\/collection.galerie-gerdes.com\/es\/wp-json\/wp\/v2\/product\/309095","targetHints":{"allow":["GET"]}}],"collection":[{"href":"https:\/\/collection.galerie-gerdes.com\/es\/wp-json\/wp\/v2\/product"}],"about":[{"href":"https:\/\/collection.galerie-gerdes.com\/es\/wp-json\/wp\/v2\/types\/product"}],"wp:featuredmedia":[{"embeddable":true,"href":"https:\/\/collection.galerie-gerdes.com\/es\/wp-json\/wp\/v2\/media\/7666"}],"wp:attachment":[{"href":"https:\/\/collection.galerie-gerdes.com\/es\/wp-json\/wp\/v2\/media?parent=309095"}],"wp:term":[{"taxonomy":"product_brand","embeddable":true,"href":"https:\/\/collection.galerie-gerdes.com\/es\/wp-json\/wp\/v2\/product_brand?post=309095"},{"taxonomy":"product_cat","embeddable":true,"href":"https:\/\/collection.galerie-gerdes.com\/es\/wp-json\/wp\/v2\/product_cat?post=309095"},{"taxonomy":"product_tag","embeddable":true,"href":"https:\/\/collection.galerie-gerdes.com\/es\/wp-json\/wp\/v2\/product_tag?post=309095"}],"curies":[{"name":"wp","href":"https:\/\/api.w.org\/{rel}","templated":true}]}}