{"id":309104,"date":"2023-12-16T16:14:59","date_gmt":"2023-12-16T15:14:59","guid":{"rendered":"https:\/\/collection.galerie-gerdes.com\/produkt\/paisaje-invernal-cuadro-de-willy-link\/"},"modified":"2023-12-16T16:14:59","modified_gmt":"2023-12-16T15:14:59","slug":"paisaje-invernal-cuadro-de-willy-link","status":"publish","type":"product","link":"https:\/\/collection.galerie-gerdes.com\/es\/p\/paisaje-invernal-cuadro-de-willy-link\/","title":{"rendered":"Paisaje invernal, cuadro de Willy Link"},"content":{"rendered":"<p>Wilhelm (Willy) Link, nacido el 13 de octubre de 1877 en Karlsruhe y fallecido el 14 de mayo de 1959 en Pforzheim, fue un polifac\u00e9tico artista alem\u00e1n que trabaj\u00f3 en los campos de la pintura, el arte gr\u00e1fico y la escultura.  <\/p>\n<p>Su formaci\u00f3n art\u00edstica tuvo lugar de 1897 a 1903 en la Kunstgewerbeschule Karlsruhe y en la Kunstakademie Karlsruhe, donde aprendi\u00f3 bajo la direcci\u00f3n de Victor Weishaupt y Wilhelm Tr\u00fcbner.<\/p>\n<p>De 1913 a 1938, trabaj\u00f3 como profesor de dibujo y modelado en la escuela de orfebrer\u00eda de Pforzheim. Conocido por su pasi\u00f3n por modelar caballos, recibi\u00f3 el apodo de \u00abPferdles-Link\u00bb. <\/p>\n<p>En 1926, Wilhelm Link particip\u00f3 en la exposici\u00f3n de la Secesi\u00f3n de Stuttgart con su cuadro \u00abZehn Majoliken\u00bb. Tambi\u00e9n expuso en solitario en Pforzheim a lo largo de su carrera, en 1957 y 1982. <\/p>\n","protected":false},"excerpt":{"rendered":"<p>Wilhelm (Willy) Link (1877-1959)<br \/>\nDebe limpiarse.<\/p>\n","protected":false},"featured_media":7639,"template":"","meta":{"site-sidebar-layout":"default","site-content-layout":"","ast-site-content-layout":"default","site-content-style":"default","site-sidebar-style":"default","ast-global-header-display":"","ast-banner-title-visibility":"","ast-main-header-display":"","ast-hfb-above-header-display":"","ast-hfb-below-header-display":"","ast-hfb-mobile-header-display":"","site-post-title":"","ast-breadcrumbs-content":"","ast-featured-img":"","footer-sml-layout":"","ast-disable-related-posts":"","theme-transparent-header-meta":"default","adv-header-id-meta":"","stick-header-meta":"","header-above-stick-meta":"","header-main-stick-meta":"","header-below-stick-meta":"","astra-migrate-meta-layouts":"default","ast-page-background-enabled":"default","ast-page-background-meta":{"desktop":{"background-color":"var(--ast-global-color-4)","background-image":"","background-repeat":"repeat","background-position":"center center","background-size":"auto","background-attachment":"scroll","background-type":"","background-media":"","overlay-type":"","overlay-color":"","overlay-opacity":"","overlay-gradient":""},"tablet":{"background-color":"","background-image":"","background-repeat":"repeat","background-position":"center center","background-size":"auto","background-attachment":"scroll","background-type":"","background-media":"","overlay-type":"","overlay-color":"","overlay-opacity":"","overlay-gradient":""},"mobile":{"background-color":"","background-image":"","background-repeat":"repeat","background-position":"center center","background-size":"auto","background-attachment":"scroll","background-type":"","background-media":"","overlay-type":"","overlay-color":"","overlay-opacity":"","overlay-gradient":""}},"ast-content-background-meta":{"desktop":{"background-color":"var(--ast-global-color-5)","background-image":"","background-repeat":"repeat","background-position":"center center","background-size":"auto","background-attachment":"scroll","background-type":"","background-media":"","overlay-type":"","overlay-color":"","overlay-opacity":"","overlay-gradient":""},"tablet":{"background-color":"var(--ast-global-color-5)","background-image":"","background-repeat":"repeat","background-position":"center center","background-size":"auto","background-attachment":"scroll","background-type":"","background-media":"","overlay-type":"","overlay-color":"","overlay-opacity":"","overlay-gradient":""},"mobile":{"background-color":"var(--ast-global-color-5)","background-image":"","background-repeat":"repeat","background-position":"center center","background-size":"auto","background-attachment":"scroll","background-type":"","background-media":"","overlay-type":"","overlay-color":"","overlay-opacity":"","overlay-gradient":""}}},"product_brand":[],"product_cat":[749,681,683],"product_tag":[1605,15051,1606,15053,1607,15060,1608,15056,1609,15058,1610],"class_list":{"0":"post-309104","1":"product","2":"type-product","3":"status-publish","4":"has-post-thumbnail","6":"product_cat-german-es","7":"product_cat-landschaft-es","8":"product_cat-painting-es","9":"product_tag-art-es","10":"product_tag-enlace-wilhelm","11":"product_tag-gemalde-es","12":"product_tag-invierno","13":"product_tag-kunst-es","14":"product_tag-lienzo","15":"product_tag-painting-es","16":"product_tag-paisaje-es","17":"product_tag-peintures-es","18":"product_tag-pintura-al-oleo-es","19":"product_tag-pittura-es","20":"desktop-align-center","21":"tablet-align-left","22":"mobile-align-left","24":"first","25":"instock","26":"taxable","27":"shipping-taxable","28":"product-type-simple"},"_links":{"self":[{"href":"https:\/\/collection.galerie-gerdes.com\/es\/wp-json\/wp\/v2\/product\/309104","targetHints":{"allow":["GET"]}}],"collection":[{"href":"https:\/\/collection.galerie-gerdes.com\/es\/wp-json\/wp\/v2\/product"}],"about":[{"href":"https:\/\/collection.galerie-gerdes.com\/es\/wp-json\/wp\/v2\/types\/product"}],"wp:featuredmedia":[{"embeddable":true,"href":"https:\/\/collection.galerie-gerdes.com\/es\/wp-json\/wp\/v2\/media\/7639"}],"wp:attachment":[{"href":"https:\/\/collection.galerie-gerdes.com\/es\/wp-json\/wp\/v2\/media?parent=309104"}],"wp:term":[{"taxonomy":"product_brand","embeddable":true,"href":"https:\/\/collection.galerie-gerdes.com\/es\/wp-json\/wp\/v2\/product_brand?post=309104"},{"taxonomy":"product_cat","embeddable":true,"href":"https:\/\/collection.galerie-gerdes.com\/es\/wp-json\/wp\/v2\/product_cat?post=309104"},{"taxonomy":"product_tag","embeddable":true,"href":"https:\/\/collection.galerie-gerdes.com\/es\/wp-json\/wp\/v2\/product_tag?post=309104"}],"curies":[{"name":"wp","href":"https:\/\/api.w.org\/{rel}","templated":true}]}}