{"id":325992,"date":"2025-09-23T13:37:02","date_gmt":"2025-09-23T11:37:02","guid":{"rendered":"https:\/\/collection.galerie-gerdes.com\/?post_type=product&#038;p=325992"},"modified":"2025-09-23T13:44:16","modified_gmt":"2025-09-23T11:44:16","slug":"maerchen-von-gerola-foehrenbach-scheerenschnitt-von-werner-hahmann-1974-1-von-4","status":"publish","type":"product","link":"https:\/\/collection.galerie-gerdes.com\/es\/p\/maerchen-von-gerola-foehrenbach-scheerenschnitt-von-werner-hahmann-1974-1-von-4\/","title":{"rendered":"M\u00e4rchen von Gerola F\u00f6hrenbach | Scheerenschnitt von Werner Hahmann, 1974 | 1 von 4"},"content":{"rendered":"<p data-start=\"106\" data-end=\"369\"><strong>M\u00e4rchen: Der in einem Strauch verzauberte Prinz<\/strong><\/p>\n<p data-start=\"106\" data-end=\"369\"><strong data-start=\"106\" data-end=\"130\">Werner Franz Hahmann<\/strong> (*1. Dezember 1883 in Chemnitz; \u202015. September 1977 in Berlin) war ein deutscher Maler, Grafiker und Architekt, der vor allem durch seine Radierungen sowie seine Karikaturen f\u00fcr die satirische Zeitschrift <em data-start=\"336\" data-end=\"352\">Kladderadatsch<\/em> bekannt wurde.<\/p>\n<p data-start=\"371\" data-end=\"860\">Seine Ausbildung begann er mit einem Architekturstudium an der Gewerbeakademie in Chemnitz, bevor er an den Kunstakademien in Dresden, M\u00fcnchen und Paris Malerei und Grafik studierte. W\u00e4hrend dieser Zeit trat er dem Corps Thuringia in Dresden bei. Hahmanns k\u00fcnstlerisches Werk war stark vom Pariser Leben inspiriert, das er in seinen fr\u00fchen Radierungen und Zeichnungen festhielt. Sp\u00e4ter widmete er sich zunehmend Szenen aus dem gesellschaftlichen Alltag Berlins und der deutschen Politik.<\/p>\n<p data-start=\"862\" data-end=\"1157\">Seine Arbeiten wurden auf zahlreichen Ausstellungen gezeigt, darunter die Chemnitzer Kunstausstellungen in den Jahren 1910, 1912 und 1918, die Dresdner Aquarellausstellung von 1913, eine graphische Ausstellung in Hamburg im selben Jahr sowie die Leipziger Ausstellung f\u00fcr das Buchgewerbe 1914.<\/p>\n<p data-start=\"1159\" data-end=\"1582\">Ab 1914 war Hahmann fester Mitarbeiter des <em data-start=\"1202\" data-end=\"1218\">Kladderadatsch<\/em>. Zudem ver\u00f6ffentlichte er Karikaturen in der <em data-start=\"1264\" data-end=\"1289\">Magdeburgischen Zeitung<\/em>, die auch eine Sammlung seiner Arbeiten herausgab. Neben seiner freien k\u00fcnstlerischen T\u00e4tigkeit war er in Berlin als Privatdozent t\u00e4tig und sp\u00e4ter Professor an der Technischen Hochschule. Dar\u00fcber hinaus schuf er Illustrationen f\u00fcr B\u00fccher, darunter f\u00fcr einen M\u00e4rchenband von Thea von Harbou.<\/p>\n","protected":false},"excerpt":{"rendered":"<p>Werner Franz Hahmann (1883 &#8211; 1977)<\/p>\n","protected":false},"featured_media":326029,"template":"","meta":{"site-sidebar-layout":"default","site-content-layout":"","ast-site-content-layout":"default","site-content-style":"default","site-sidebar-style":"default","ast-global-header-display":"","ast-banner-title-visibility":"","ast-main-header-display":"","ast-hfb-above-header-display":"","ast-hfb-below-header-display":"","ast-hfb-mobile-header-display":"","site-post-title":"","ast-breadcrumbs-content":"","ast-featured-img":"","footer-sml-layout":"","ast-disable-related-posts":"","theme-transparent-header-meta":"default","adv-header-id-meta":"","stick-header-meta":"","header-above-stick-meta":"","header-main-stick-meta":"","header-below-stick-meta":"","astra-migrate-meta-layouts":"set","ast-page-background-enabled":"default","ast-page-background-meta":{"desktop":{"background-color":"var(--ast-global-color-4)","background-image":"","background-repeat":"repeat","background-position":"center center","background-size":"auto","background-attachment":"scroll","background-type":"","background-media":"","overlay-type":"","overlay-color":"","overlay-opacity":"","overlay-gradient":""},"tablet":{"background-color":"","background-image":"","background-repeat":"repeat","background-position":"center center","background-size":"auto","background-attachment":"scroll","background-type":"","background-media":"","overlay-type":"","overlay-color":"","overlay-opacity":"","overlay-gradient":""},"mobile":{"background-color":"","background-image":"","background-repeat":"repeat","background-position":"center center","background-size":"auto","background-attachment":"scroll","background-type":"","background-media":"","overlay-type":"","overlay-color":"","overlay-opacity":"","overlay-gradient":""}},"ast-content-background-meta":{"desktop":{"background-color":"var(--ast-global-color-5)","background-image":"","background-repeat":"repeat","background-position":"center center","background-size":"auto","background-attachment":"scroll","background-type":"","background-media":"","overlay-type":"","overlay-color":"","overlay-opacity":"","overlay-gradient":""},"tablet":{"background-color":"var(--ast-global-color-5)","background-image":"","background-repeat":"repeat","background-position":"center center","background-size":"auto","background-attachment":"scroll","background-type":"","background-media":"","overlay-type":"","overlay-color":"","overlay-opacity":"","overlay-gradient":""},"mobile":{"background-color":"var(--ast-global-color-5)","background-image":"","background-repeat":"repeat","background-position":"center center","background-size":"auto","background-attachment":"scroll","background-type":"","background-media":"","overlay-type":"","overlay-color":"","overlay-opacity":"","overlay-gradient":""}}},"product_brand":[],"product_cat":[15269],"product_tag":[],"class_list":{"0":"post-325992","1":"product","2":"type-product","3":"status-publish","4":"has-post-thumbnail","6":"product_cat-werner-hahmann","7":"desktop-align-center","8":"tablet-align-left","9":"mobile-align-left","11":"first","12":"instock","13":"taxable","14":"shipping-taxable","15":"product-type-simple"},"_links":{"self":[{"href":"https:\/\/collection.galerie-gerdes.com\/es\/wp-json\/wp\/v2\/product\/325992","targetHints":{"allow":["GET"]}}],"collection":[{"href":"https:\/\/collection.galerie-gerdes.com\/es\/wp-json\/wp\/v2\/product"}],"about":[{"href":"https:\/\/collection.galerie-gerdes.com\/es\/wp-json\/wp\/v2\/types\/product"}],"wp:featuredmedia":[{"embeddable":true,"href":"https:\/\/collection.galerie-gerdes.com\/es\/wp-json\/wp\/v2\/media\/326029"}],"wp:attachment":[{"href":"https:\/\/collection.galerie-gerdes.com\/es\/wp-json\/wp\/v2\/media?parent=325992"}],"wp:term":[{"taxonomy":"product_brand","embeddable":true,"href":"https:\/\/collection.galerie-gerdes.com\/es\/wp-json\/wp\/v2\/product_brand?post=325992"},{"taxonomy":"product_cat","embeddable":true,"href":"https:\/\/collection.galerie-gerdes.com\/es\/wp-json\/wp\/v2\/product_cat?post=325992"},{"taxonomy":"product_tag","embeddable":true,"href":"https:\/\/collection.galerie-gerdes.com\/es\/wp-json\/wp\/v2\/product_tag?post=325992"}],"curies":[{"name":"wp","href":"https:\/\/api.w.org\/{rel}","templated":true}]}}