{"id":7065,"date":"2024-05-20T00:25:11","date_gmt":"2024-05-19T22:25:11","guid":{"rendered":"https:\/\/collection.galerie-gerdes.com\/?post_type=product&#038;p=7065"},"modified":"2024-05-20T00:25:13","modified_gmt":"2024-05-19T22:25:13","slug":"frau-beim-haare-binden-gemaelde-von-johann-bernhard-schmelzer","status":"publish","type":"product","link":"https:\/\/collection.galerie-gerdes.com\/es\/p\/frau-beim-haare-binden-gemaelde-von-johann-bernhard-schmelzer\/","title":{"rendered":"Frau beim Haare binden | Gem\u00e4lde von Johann Bernhard Schmelzer"},"content":{"rendered":"<p>Johann Bernhard Schmelzer (* 1833 in Annaberg; \u2020 10. September 1909 in Dresden) war ein deutscher Genremaler, Karikaturist, Zeichner und Illustrator von Kinderb\u00fcchern.<\/p>\n<p>Schmelzer studierte bei Julius H\u00fcbner an der K\u00f6niglich S\u00e4chsischen Kunstgewerbeschule in Dresden. Anschlie\u00dfend arbeitete er in Dresden als Karikaturist und Buchillustrator. Seit 1859 wurden seine Werke in der Zeitschrift \u00abDie Gartenlaube\u00bb ver\u00f6ffentlicht, und in den 1890er Jahren erschienen seine Arbeiten auch im satirischen Magazin \u00abDer Wahre Jacob\u00bb.<\/p>\n<p>Johann Bernhard Schmelzer verstarb 1909 ledig im Stadtkrankenhaus Dresden-Johannstadt.<\/p>\n","protected":false},"excerpt":{"rendered":"<p>Johann B. Schmelzer (1833-1909)<\/p>\n","protected":false},"featured_media":7079,"template":"","meta":{"site-sidebar-layout":"default","site-content-layout":"","ast-site-content-layout":"default","site-content-style":"default","site-sidebar-style":"default","ast-global-header-display":"","ast-banner-title-visibility":"","ast-main-header-display":"","ast-hfb-above-header-display":"","ast-hfb-below-header-display":"","ast-hfb-mobile-header-display":"","site-post-title":"","ast-breadcrumbs-content":"","ast-featured-img":"","footer-sml-layout":"","ast-disable-related-posts":"","theme-transparent-header-meta":"default","adv-header-id-meta":"","stick-header-meta":"","header-above-stick-meta":"","header-main-stick-meta":"","header-below-stick-meta":"","astra-migrate-meta-layouts":"set","ast-page-background-enabled":"default","ast-page-background-meta":{"desktop":{"background-color":"var(--ast-global-color-4)","background-image":"","background-repeat":"repeat","background-position":"center center","background-size":"auto","background-attachment":"scroll","background-type":"","background-media":"","overlay-type":"","overlay-color":"","overlay-opacity":"","overlay-gradient":""},"tablet":{"background-color":"","background-image":"","background-repeat":"repeat","background-position":"center center","background-size":"auto","background-attachment":"scroll","background-type":"","background-media":"","overlay-type":"","overlay-color":"","overlay-opacity":"","overlay-gradient":""},"mobile":{"background-color":"","background-image":"","background-repeat":"repeat","background-position":"center center","background-size":"auto","background-attachment":"scroll","background-type":"","background-media":"","overlay-type":"","overlay-color":"","overlay-opacity":"","overlay-gradient":""}},"ast-content-background-meta":{"desktop":{"background-color":"var(--ast-global-color-5)","background-image":"","background-repeat":"repeat","background-position":"center center","background-size":"auto","background-attachment":"scroll","background-type":"","background-media":"","overlay-type":"","overlay-color":"","overlay-opacity":"","overlay-gradient":""},"tablet":{"background-color":"var(--ast-global-color-5)","background-image":"","background-repeat":"repeat","background-position":"center center","background-size":"auto","background-attachment":"scroll","background-type":"","background-media":"","overlay-type":"","overlay-color":"","overlay-opacity":"","overlay-gradient":""},"mobile":{"background-color":"var(--ast-global-color-5)","background-image":"","background-repeat":"repeat","background-position":"center center","background-size":"auto","background-attachment":"scroll","background-type":"","background-media":"","overlay-type":"","overlay-color":"","overlay-opacity":"","overlay-gradient":""}}},"product_brand":[],"product_cat":[53,265,25,179,295],"product_tag":[],"class_list":{"0":"post-7065","1":"product","2":"type-product","3":"status-publish","4":"has-post-thumbnail","6":"product_cat-19th-century","7":"product_cat-aquarell","8":"product_cat-deutsch","9":"product_cat-gemaelde","10":"product_cat-johann-bernhard-schmelzer","11":"desktop-align-center","12":"tablet-align-left","13":"mobile-align-left","15":"first","16":"instock","17":"taxable","18":"shipping-taxable","19":"product-type-simple"},"_links":{"self":[{"href":"https:\/\/collection.galerie-gerdes.com\/es\/wp-json\/wp\/v2\/product\/7065","targetHints":{"allow":["GET"]}}],"collection":[{"href":"https:\/\/collection.galerie-gerdes.com\/es\/wp-json\/wp\/v2\/product"}],"about":[{"href":"https:\/\/collection.galerie-gerdes.com\/es\/wp-json\/wp\/v2\/types\/product"}],"wp:featuredmedia":[{"embeddable":true,"href":"https:\/\/collection.galerie-gerdes.com\/es\/wp-json\/wp\/v2\/media\/7079"}],"wp:attachment":[{"href":"https:\/\/collection.galerie-gerdes.com\/es\/wp-json\/wp\/v2\/media?parent=7065"}],"wp:term":[{"taxonomy":"product_brand","embeddable":true,"href":"https:\/\/collection.galerie-gerdes.com\/es\/wp-json\/wp\/v2\/product_brand?post=7065"},{"taxonomy":"product_cat","embeddable":true,"href":"https:\/\/collection.galerie-gerdes.com\/es\/wp-json\/wp\/v2\/product_cat?post=7065"},{"taxonomy":"product_tag","embeddable":true,"href":"https:\/\/collection.galerie-gerdes.com\/es\/wp-json\/wp\/v2\/product_tag?post=7065"}],"curies":[{"name":"wp","href":"https:\/\/api.w.org\/{rel}","templated":true}]}}