{"id":181,"date":"2023-12-18T17:58:24","date_gmt":"2023-12-18T16:58:24","guid":{"rendered":"https:\/\/collection.galerie-gerdes.com\/?post_type=product&#038;p=181"},"modified":"2024-04-24T14:06:44","modified_gmt":"2024-04-24T12:06:44","slug":"dreimaster-geo-fuerst","status":"publish","type":"product","link":"https:\/\/collection.galerie-gerdes.com\/et\/p\/dreimaster-geo-fuerst\/","title":{"rendered":"Dreimaster vor der K\u00fcste Maltas, Geo F\u00fcrst, Maritimes Gem\u00e4lde auf Holz"},"content":{"rendered":"<p>Geo F\u00fcrst, ein deutscher Landschafts- und Marinemaler, Zeichner, Fotograf und Autor, wurde 1888 in N\u00fcrnberg geboren und verstarb 1964 in M\u00fcnchen. Er war gr\u00f6\u00dftenteils ein autodidaktischer K\u00fcnstler. Zun\u00e4chst lebte er in La Valletta auf Malta, wo er w\u00e4hrend des Ersten Weltkriegs interniert war. Dort lernte er Fritz Leopold Henning-Danzig (1895\u20131951) kennen, der ihn in der \u00d6lmalerei unterrichtete.<\/p>\n<p>Nach dem Ersten Weltkrieg setzte F\u00fcrst seine k\u00fcnstlerische Entwicklung an der Malschule von Moritz Heymann in M\u00fcnchen fort. Bis zum Jahr 1938 verbrachte er regelm\u00e4\u00dfig die Wintermonate auf Malta, wo er auch als Deutschlehrer arbeitete, unter anderem f\u00fcr Lord Louis Mountbatten. Ab 1938 lebte er dauerhaft in M\u00fcnchen.<\/p>\n<p>Geo F\u00fcrst unternahm Studienreisen nach Spanien, Korsika, Dalmatien, England, Italien, Nordamerika und Afrika, die seine k\u00fcnstlerische Entwicklung ma\u00dfgeblich beeinflussten. Er war Mitglied im Feldgrauen K\u00fcnstlerbund M\u00fcnchen und war vor allem in M\u00fcnchen als K\u00fcnstler t\u00e4tig.<\/p>\n","protected":false},"excerpt":{"rendered":"<p>Geo F\u00fcrst (1888-1964)<\/p>\n<p>Holztafel ist rissig (siehe Fotos). Doppelt signiert.<\/p>\n","protected":false},"featured_media":182,"template":"","meta":{"site-sidebar-layout":"default","site-content-layout":"","ast-site-content-layout":"default","site-content-style":"default","site-sidebar-style":"default","ast-global-header-display":"","ast-banner-title-visibility":"","ast-main-header-display":"","ast-hfb-above-header-display":"","ast-hfb-below-header-display":"","ast-hfb-mobile-header-display":"","site-post-title":"","ast-breadcrumbs-content":"","ast-featured-img":"","footer-sml-layout":"","ast-disable-related-posts":"","theme-transparent-header-meta":"default","adv-header-id-meta":"","stick-header-meta":"","header-above-stick-meta":"","header-main-stick-meta":"","header-below-stick-meta":"","astra-migrate-meta-layouts":"set","ast-page-background-enabled":"default","ast-page-background-meta":{"desktop":{"background-color":"var(--ast-global-color-4)","background-image":"","background-repeat":"repeat","background-position":"center center","background-size":"auto","background-attachment":"scroll","background-type":"","background-media":"","overlay-type":"","overlay-color":"","overlay-opacity":"","overlay-gradient":""},"tablet":{"background-color":"","background-image":"","background-repeat":"repeat","background-position":"center center","background-size":"auto","background-attachment":"scroll","background-type":"","background-media":"","overlay-type":"","overlay-color":"","overlay-opacity":"","overlay-gradient":""},"mobile":{"background-color":"","background-image":"","background-repeat":"repeat","background-position":"center center","background-size":"auto","background-attachment":"scroll","background-type":"","background-media":"","overlay-type":"","overlay-color":"","overlay-opacity":"","overlay-gradient":""}},"ast-content-background-meta":{"desktop":{"background-color":"var(--ast-global-color-5)","background-image":"","background-repeat":"repeat","background-position":"center center","background-size":"auto","background-attachment":"scroll","background-type":"","background-media":"","overlay-type":"","overlay-color":"","overlay-opacity":"","overlay-gradient":""},"tablet":{"background-color":"var(--ast-global-color-5)","background-image":"","background-repeat":"repeat","background-position":"center center","background-size":"auto","background-attachment":"scroll","background-type":"","background-media":"","overlay-type":"","overlay-color":"","overlay-opacity":"","overlay-gradient":""},"mobile":{"background-color":"var(--ast-global-color-5)","background-image":"","background-repeat":"repeat","background-position":"center center","background-size":"auto","background-attachment":"scroll","background-type":"","background-media":"","overlay-type":"","overlay-color":"","overlay-opacity":"","overlay-gradient":""}}},"product_brand":[],"product_cat":[52,25,179,83],"product_tag":[364,362,363,74,361,365],"class_list":{"0":"post-181","1":"product","2":"type-product","3":"status-publish","4":"has-post-thumbnail","6":"product_cat-20th-century","7":"product_cat-deutsch","8":"product_cat-gemaelde","9":"product_cat-georg-fuerst","10":"product_tag-art","11":"product_tag-gemalde","12":"product_tag-kunst","13":"product_tag-painting","14":"product_tag-peintures","15":"product_tag-pittura","16":"desktop-align-center","17":"tablet-align-left","18":"mobile-align-left","20":"first","21":"instock","22":"taxable","23":"shipping-taxable","24":"product-type-simple"},"_links":{"self":[{"href":"https:\/\/collection.galerie-gerdes.com\/et\/wp-json\/wp\/v2\/product\/181","targetHints":{"allow":["GET"]}}],"collection":[{"href":"https:\/\/collection.galerie-gerdes.com\/et\/wp-json\/wp\/v2\/product"}],"about":[{"href":"https:\/\/collection.galerie-gerdes.com\/et\/wp-json\/wp\/v2\/types\/product"}],"wp:featuredmedia":[{"embeddable":true,"href":"https:\/\/collection.galerie-gerdes.com\/et\/wp-json\/wp\/v2\/media\/182"}],"wp:attachment":[{"href":"https:\/\/collection.galerie-gerdes.com\/et\/wp-json\/wp\/v2\/media?parent=181"}],"wp:term":[{"taxonomy":"product_brand","embeddable":true,"href":"https:\/\/collection.galerie-gerdes.com\/et\/wp-json\/wp\/v2\/product_brand?post=181"},{"taxonomy":"product_cat","embeddable":true,"href":"https:\/\/collection.galerie-gerdes.com\/et\/wp-json\/wp\/v2\/product_cat?post=181"},{"taxonomy":"product_tag","embeddable":true,"href":"https:\/\/collection.galerie-gerdes.com\/et\/wp-json\/wp\/v2\/product_tag?post=181"}],"curies":[{"name":"wp","href":"https:\/\/api.w.org\/{rel}","templated":true}]}}