{"id":208923,"date":"2024-08-02T11:46:08","date_gmt":"2024-08-02T09:46:08","guid":{"rendered":"https:\/\/www.collection.galerie-gerdes.com\/?post_type=product&#038;p=208923"},"modified":"2024-09-16T12:00:21","modified_gmt":"2024-09-16T10:00:21","slug":"landschaft-mit-hangmuren-gemaelde-von-ludwig-bock","status":"publish","type":"product","link":"https:\/\/collection.galerie-gerdes.com\/et\/p\/landschaft-mit-hangmuren-gemaelde-von-ludwig-bock\/","title":{"rendered":"Landschaft mit Hangmuren | Gem\u00e4lde von Ludwig BOCK"},"content":{"rendered":"<p>Ludwig Bock (* 17. Oktober 1886 in M\u00fcnchen; \u2020 14. August 1971 ebenda) war ein bedeutender deutscher Maler und Grafiker.<\/p>\n<p>Er war der Sohn des M\u00fcnchner Arztes Heinrich Bock (1860\u20131927) und seiner Frau Anna, geborene Reitmayer. Seine k\u00fcnstlerische Begabung wurde fr\u00fch von Franz von Defregger erkannt, einem der Patienten seines Vaters, der den jungen Ludwig in seiner k\u00fcnstlerischen Entwicklung unterst\u00fctzte und seinem Vater eine gezielte F\u00f6rderung empfahl.<\/p>\n<p>Bock besuchte zun\u00e4chst die obligatorische Elementarschule und ab 1896 das Maximiliansgymnasium in M\u00fcnchen, welches er jedoch im Jahr 1902 vorzeitig verlie\u00df. Seine erste professionelle k\u00fcnstlerische Ausbildung erhielt er bei Heinrich Knirr an einer privaten Akademie und sp\u00e4ter in der K\u00fcnstlerkolonie Haimhausen unter der Leitung von Bernhard Buttersack. 1906 wurde Bock an der renommierten Kunstakademie M\u00fcnchen aufgenommen, wo er unter der Anleitung des Tiermalers Heinrich von Z\u00fcgel studierte und an dessen Studienreisen nach W\u00f6rth am Rhein teilnahm. Sein Deb\u00fct in der \u00d6ffentlichkeit gab er 1908 bei der Ausstellung der M\u00fcnchner Secession. In den folgenden Jahren wurden seine Arbeiten zunehmend anerkannt: 1908 erhielt er die bronzene und 1909 die silberne Medaille der Kunstakademie M\u00fcnchen. 1910 wurden seine Werke erstmals in der Galerie Thannhauser in M\u00fcnchen ausgestellt.<\/p>\n<p>Im Jahr 1913 reiste Bock nach Paris, um sich mit der franz\u00f6sischen Moderne und den Werken von Henri Matisse und Paul C\u00e9zanne auseinanderzusetzen, die seinen Stil nachhaltig pr\u00e4gten. 1917 trat er der M\u00fcnchner Secession bei und nahm ab 1918 regelm\u00e4\u00dfig an Ausstellungen im Glaspalast M\u00fcnchen sowie in weiteren deutschen St\u00e4dten teil. Sein Gem\u00e4lde &#8220;Nach dem Regen&#8221; wurde 1920 als erstes Werk von den Bayerischen Staatsgem\u00e4ldesammlungen angekauft, gefolgt von vielen weiteren Erwerbungen. 1927 erhielt Bock den Professorentitel und 1929 den Rom-Preis f\u00fcr die Villa Massimo, der mit einem Stipendium verbunden war. W\u00e4hrend der Zeit des Nationalsozialismus wurde er 1937, 1940 und 1941 auf der Gro\u00dfen Deutschen Kunstausstellung in M\u00fcnchen mit f\u00fcnf Werken pr\u00e4sentiert. Adolf Hitler erwarb 1940 sein \u00d6lgem\u00e4lde &#8220;Erdbeeren&#8221;, und 1941 kaufte die St\u00e4dtische Galerie M\u00fcnchen sein Werk &#8220;Pflaumenk\u00f6rbchen&#8221;.<\/p>\n<p>Nach dem Zweiten Weltkrieg engagierte sich Bock in der Wiedergr\u00fcndung der M\u00fcnchner Secession und stellte weiterhin regelm\u00e4\u00dfig aus. 1952 wurde ihm der F\u00f6rderpreis f\u00fcr Bildende Kunst der Landeshauptstadt M\u00fcnchen verliehen. Er starb 1971 im Alter von 84 Jahren in M\u00fcnchen. Ludwig Bock war zweimal verheiratet: Seine erste Ehe mit der Malerin Hansl Bock endete um 1930 mit einer Scheidung, danach heiratete er Irene Bock.<\/p>\n<p>K\u00fcnstlerisch spezialisierte sich Bock zun\u00e4chst auf Landschafts- und Naturmotive, stark beeinflusst durch seine Lehrer. Nach seinen Studienreisen in Europa wandte er sich auch der Darstellung von Akten und Stillleben zu. Im Laufe der Jahre entwickelte er einen Stil, der sich von einem impressionistisch gepr\u00e4gten Naturalismus hin zu einer ausdrucksstarken und kontrastreichen Farbgebung wandelte, die dem Expressionismus nahestand. Ab 1927 beruhigte sich sein Ausdruck, und er konzentrierte sich haupts\u00e4chlich auf Stillleben, die in seinem Sp\u00e4twerk stark von Carl Schuch beeinflusst waren. Bocks Werke wurden sowohl von den Bayerischen Staatsgem\u00e4ldesammlungen als auch von der St\u00e4dtischen Galerie im Lenbachhaus in M\u00fcnchen erworben. Zudem sind seine Arbeiten im Kunsthandel und auf Auktionen vertreten. Neben seiner Malerei war Bock auch als Zeichner und Illustrator t\u00e4tig, unter anderem f\u00fcr eine 1920 in M\u00fcnchen erschienene Ausgabe von &#8220;Tyll Ulenspiegel&#8221; von Charles de Coster. Er war Mitglied im Reichsverband bildender K\u00fcnstler (RvbK).<\/p>\n","protected":false},"excerpt":{"rendered":"<p>Ludwig BOCK (1886-1971)<\/p>\n","protected":false},"featured_media":210762,"template":"","meta":{"site-sidebar-layout":"default","site-content-layout":"","ast-site-content-layout":"default","site-content-style":"default","site-sidebar-style":"default","ast-global-header-display":"","ast-banner-title-visibility":"","ast-main-header-display":"","ast-hfb-above-header-display":"","ast-hfb-below-header-display":"","ast-hfb-mobile-header-display":"","site-post-title":"","ast-breadcrumbs-content":"","ast-featured-img":"","footer-sml-layout":"","ast-disable-related-posts":"","theme-transparent-header-meta":"default","adv-header-id-meta":"","stick-header-meta":"","header-above-stick-meta":"","header-main-stick-meta":"","header-below-stick-meta":"","astra-migrate-meta-layouts":"set","ast-page-background-enabled":"default","ast-page-background-meta":{"desktop":{"background-color":"var(--ast-global-color-4)","background-image":"","background-repeat":"repeat","background-position":"center center","background-size":"auto","background-attachment":"scroll","background-type":"","background-media":"","overlay-type":"","overlay-color":"","overlay-opacity":"","overlay-gradient":""},"tablet":{"background-color":"","background-image":"","background-repeat":"repeat","background-position":"center center","background-size":"auto","background-attachment":"scroll","background-type":"","background-media":"","overlay-type":"","overlay-color":"","overlay-opacity":"","overlay-gradient":""},"mobile":{"background-color":"","background-image":"","background-repeat":"repeat","background-position":"center center","background-size":"auto","background-attachment":"scroll","background-type":"","background-media":"","overlay-type":"","overlay-color":"","overlay-opacity":"","overlay-gradient":""}},"ast-content-background-meta":{"desktop":{"background-color":"var(--ast-global-color-5)","background-image":"","background-repeat":"repeat","background-position":"center center","background-size":"auto","background-attachment":"scroll","background-type":"","background-media":"","overlay-type":"","overlay-color":"","overlay-opacity":"","overlay-gradient":""},"tablet":{"background-color":"var(--ast-global-color-5)","background-image":"","background-repeat":"repeat","background-position":"center center","background-size":"auto","background-attachment":"scroll","background-type":"","background-media":"","overlay-type":"","overlay-color":"","overlay-opacity":"","overlay-gradient":""},"mobile":{"background-color":"var(--ast-global-color-5)","background-image":"","background-repeat":"repeat","background-position":"center center","background-size":"auto","background-attachment":"scroll","background-type":"","background-media":"","overlay-type":"","overlay-color":"","overlay-opacity":"","overlay-gradient":""}}},"product_brand":[],"product_cat":[14308],"product_tag":[14383,14382],"class_list":{"0":"post-208923","1":"product","2":"type-product","3":"status-publish","4":"has-post-thumbnail","6":"product_cat-ludwig-bock","7":"product_tag-sehr-gross","8":"product_tag-speditionsversand","9":"desktop-align-center","10":"tablet-align-left","11":"mobile-align-left","13":"first","14":"instock","15":"taxable","16":"shipping-taxable","17":"product-type-simple"},"_links":{"self":[{"href":"https:\/\/collection.galerie-gerdes.com\/et\/wp-json\/wp\/v2\/product\/208923","targetHints":{"allow":["GET"]}}],"collection":[{"href":"https:\/\/collection.galerie-gerdes.com\/et\/wp-json\/wp\/v2\/product"}],"about":[{"href":"https:\/\/collection.galerie-gerdes.com\/et\/wp-json\/wp\/v2\/types\/product"}],"wp:featuredmedia":[{"embeddable":true,"href":"https:\/\/collection.galerie-gerdes.com\/et\/wp-json\/wp\/v2\/media\/210762"}],"wp:attachment":[{"href":"https:\/\/collection.galerie-gerdes.com\/et\/wp-json\/wp\/v2\/media?parent=208923"}],"wp:term":[{"taxonomy":"product_brand","embeddable":true,"href":"https:\/\/collection.galerie-gerdes.com\/et\/wp-json\/wp\/v2\/product_brand?post=208923"},{"taxonomy":"product_cat","embeddable":true,"href":"https:\/\/collection.galerie-gerdes.com\/et\/wp-json\/wp\/v2\/product_cat?post=208923"},{"taxonomy":"product_tag","embeddable":true,"href":"https:\/\/collection.galerie-gerdes.com\/et\/wp-json\/wp\/v2\/product_tag?post=208923"}],"curies":[{"name":"wp","href":"https:\/\/api.w.org\/{rel}","templated":true}]}}