{"id":217,"date":"2023-12-21T09:53:47","date_gmt":"2023-12-21T08:53:47","guid":{"rendered":"https:\/\/collection.galerie-gerdes.com\/?post_type=product&#038;p=217"},"modified":"2024-04-24T14:06:39","modified_gmt":"2024-04-24T12:06:39","slug":"abstrakte-personengruppe","status":"publish","type":"product","link":"https:\/\/collection.galerie-gerdes.com\/et\/p\/abstrakte-personengruppe\/","title":{"rendered":"Abstrakte Personengruppe, 2017, Modernes Gem\u00e4lde von Hassan Atia"},"content":{"rendered":"<p>Hassan Atia, geboren im Jahr 1953 in \u00c4gypten, tr\u00e4gt auch den Beinamen &#8220;Der \u00c4gyptische Picasso&#8221;. Seine k\u00fcnstlerische Handschrift spiegelt die Inspiration der ber\u00fchmten abstrakten Portr\u00e4ts von Pablo Picasso wider. Atia zeigt eine bemerkenswerte Hingabe zu den konzeptionellen Normen der kubistischen Abstraktion, die er jedoch auf erfrischende und zeitgen\u00f6ssische Weise in seine eigene gestalterische Komposition einflie\u00dfen l\u00e4sst. In seiner Arbeit wird die Betonung auf Form und die geschickte Anwendung von Sgraffito-Techniken zu einem pr\u00e4gnanten Ausdruck seines einzigartigen Stils und seiner Anerkennung traditioneller malerischer Verfahren in der Kunstgeschichte.<\/p>\n","protected":false},"excerpt":{"rendered":"<p>Hassan Atia (1953-2020)<\/p>\n","protected":false},"featured_media":219,"template":"","meta":{"site-sidebar-layout":"default","site-content-layout":"","ast-site-content-layout":"default","site-content-style":"default","site-sidebar-style":"default","ast-global-header-display":"","ast-banner-title-visibility":"","ast-main-header-display":"","ast-hfb-above-header-display":"","ast-hfb-below-header-display":"","ast-hfb-mobile-header-display":"","site-post-title":"","ast-breadcrumbs-content":"","ast-featured-img":"","footer-sml-layout":"","ast-disable-related-posts":"","theme-transparent-header-meta":"default","adv-header-id-meta":"","stick-header-meta":"","header-above-stick-meta":"","header-main-stick-meta":"","header-below-stick-meta":"","astra-migrate-meta-layouts":"set","ast-page-background-enabled":"default","ast-page-background-meta":{"desktop":{"background-color":"var(--ast-global-color-4)","background-image":"","background-repeat":"repeat","background-position":"center center","background-size":"auto","background-attachment":"scroll","background-type":"","background-media":"","overlay-type":"","overlay-color":"","overlay-opacity":"","overlay-gradient":""},"tablet":{"background-color":"","background-image":"","background-repeat":"repeat","background-position":"center center","background-size":"auto","background-attachment":"scroll","background-type":"","background-media":"","overlay-type":"","overlay-color":"","overlay-opacity":"","overlay-gradient":""},"mobile":{"background-color":"","background-image":"","background-repeat":"repeat","background-position":"center center","background-size":"auto","background-attachment":"scroll","background-type":"","background-media":"","overlay-type":"","overlay-color":"","overlay-opacity":"","overlay-gradient":""}},"ast-content-background-meta":{"desktop":{"background-color":"var(--ast-global-color-5)","background-image":"","background-repeat":"repeat","background-position":"center center","background-size":"auto","background-attachment":"scroll","background-type":"","background-media":"","overlay-type":"","overlay-color":"","overlay-opacity":"","overlay-gradient":""},"tablet":{"background-color":"var(--ast-global-color-5)","background-image":"","background-repeat":"repeat","background-position":"center center","background-size":"auto","background-attachment":"scroll","background-type":"","background-media":"","overlay-type":"","overlay-color":"","overlay-opacity":"","overlay-gradient":""},"mobile":{"background-color":"var(--ast-global-color-5)","background-image":"","background-repeat":"repeat","background-position":"center center","background-size":"auto","background-attachment":"scroll","background-type":"","background-media":"","overlay-type":"","overlay-color":"","overlay-opacity":"","overlay-gradient":""}}},"product_brand":[],"product_cat":[179,94],"product_tag":[364,362,363,74,361,365],"class_list":{"0":"post-217","1":"product","2":"type-product","3":"status-publish","4":"has-post-thumbnail","6":"product_cat-gemaelde","7":"product_cat-hassan-atia","8":"product_tag-art","9":"product_tag-gemalde","10":"product_tag-kunst","11":"product_tag-painting","12":"product_tag-peintures","13":"product_tag-pittura","14":"desktop-align-center","15":"tablet-align-left","16":"mobile-align-left","18":"first","19":"instock","20":"taxable","21":"shipping-taxable","22":"product-type-simple"},"_links":{"self":[{"href":"https:\/\/collection.galerie-gerdes.com\/et\/wp-json\/wp\/v2\/product\/217","targetHints":{"allow":["GET"]}}],"collection":[{"href":"https:\/\/collection.galerie-gerdes.com\/et\/wp-json\/wp\/v2\/product"}],"about":[{"href":"https:\/\/collection.galerie-gerdes.com\/et\/wp-json\/wp\/v2\/types\/product"}],"wp:featuredmedia":[{"embeddable":true,"href":"https:\/\/collection.galerie-gerdes.com\/et\/wp-json\/wp\/v2\/media\/219"}],"wp:attachment":[{"href":"https:\/\/collection.galerie-gerdes.com\/et\/wp-json\/wp\/v2\/media?parent=217"}],"wp:term":[{"taxonomy":"product_brand","embeddable":true,"href":"https:\/\/collection.galerie-gerdes.com\/et\/wp-json\/wp\/v2\/product_brand?post=217"},{"taxonomy":"product_cat","embeddable":true,"href":"https:\/\/collection.galerie-gerdes.com\/et\/wp-json\/wp\/v2\/product_cat?post=217"},{"taxonomy":"product_tag","embeddable":true,"href":"https:\/\/collection.galerie-gerdes.com\/et\/wp-json\/wp\/v2\/product_tag?post=217"}],"curies":[{"name":"wp","href":"https:\/\/api.w.org\/{rel}","templated":true}]}}