{"id":237809,"date":"2024-09-14T21:41:22","date_gmt":"2024-09-14T19:41:22","guid":{"rendered":"https:\/\/www.collection.galerie-gerdes.com\/?post_type=product&#038;p=237809"},"modified":"2024-09-25T15:10:39","modified_gmt":"2024-09-25T13:10:39","slug":"landschaft-mit-dorf-1948-fruehwerk-gemaelde-von-heinz-funkler","status":"publish","type":"product","link":"https:\/\/collection.galerie-gerdes.com\/et\/p\/landschaft-mit-dorf-1948-fruehwerk-gemaelde-von-heinz-funkler\/","title":{"rendered":"Landschaft mit Dorf, 1948 (Fr\u00fchwerk) | Gem\u00e4lde von Heinz Funkler"},"content":{"rendered":"<p>Heinz Funkler (* 5. M\u00e4rz 1926 in Baiersbronn; \u2020 2004 in Freudenstadt) war ein deutscher Maler, Grafiker und Kunsterzieher. Als vielseitiger K\u00fcnstler und P\u00e4dagoge wirkte er sowohl in der Malerei als auch in der Grafik und pr\u00e4gte zahlreiche Sch\u00fcler durch seine Lehrt\u00e4tigkeit. Funkler war von 1926 bis 2004 aktiv und hinterlie\u00df ein umfangreiches k\u00fcnstlerisches Werk.<\/p>\n","protected":false},"excerpt":{"rendered":"<p>Heinz Funkler (1926-2004)<\/p>\n","protected":false},"featured_media":239703,"template":"","meta":{"site-sidebar-layout":"default","site-content-layout":"","ast-site-content-layout":"default","site-content-style":"default","site-sidebar-style":"default","ast-global-header-display":"","ast-banner-title-visibility":"","ast-main-header-display":"","ast-hfb-above-header-display":"","ast-hfb-below-header-display":"","ast-hfb-mobile-header-display":"","site-post-title":"","ast-breadcrumbs-content":"","ast-featured-img":"","footer-sml-layout":"","ast-disable-related-posts":"","theme-transparent-header-meta":"default","adv-header-id-meta":"","stick-header-meta":"","header-above-stick-meta":"","header-main-stick-meta":"","header-below-stick-meta":"","astra-migrate-meta-layouts":"set","ast-page-background-enabled":"default","ast-page-background-meta":{"desktop":{"background-color":"var(--ast-global-color-4)","background-image":"","background-repeat":"repeat","background-position":"center center","background-size":"auto","background-attachment":"scroll","background-type":"","background-media":"","overlay-type":"","overlay-color":"","overlay-opacity":"","overlay-gradient":""},"tablet":{"background-color":"","background-image":"","background-repeat":"repeat","background-position":"center center","background-size":"auto","background-attachment":"scroll","background-type":"","background-media":"","overlay-type":"","overlay-color":"","overlay-opacity":"","overlay-gradient":""},"mobile":{"background-color":"","background-image":"","background-repeat":"repeat","background-position":"center center","background-size":"auto","background-attachment":"scroll","background-type":"","background-media":"","overlay-type":"","overlay-color":"","overlay-opacity":"","overlay-gradient":""}},"ast-content-background-meta":{"desktop":{"background-color":"var(--ast-global-color-5)","background-image":"","background-repeat":"repeat","background-position":"center center","background-size":"auto","background-attachment":"scroll","background-type":"","background-media":"","overlay-type":"","overlay-color":"","overlay-opacity":"","overlay-gradient":""},"tablet":{"background-color":"var(--ast-global-color-5)","background-image":"","background-repeat":"repeat","background-position":"center center","background-size":"auto","background-attachment":"scroll","background-type":"","background-media":"","overlay-type":"","overlay-color":"","overlay-opacity":"","overlay-gradient":""},"mobile":{"background-color":"var(--ast-global-color-5)","background-image":"","background-repeat":"repeat","background-position":"center center","background-size":"auto","background-attachment":"scroll","background-type":"","background-media":"","overlay-type":"","overlay-color":"","overlay-opacity":"","overlay-gradient":""}}},"product_brand":[],"product_cat":[25,14379,409],"product_tag":[],"class_list":{"0":"post-237809","1":"product","2":"type-product","3":"status-publish","4":"has-post-thumbnail","6":"product_cat-deutsch","7":"product_cat-heinz-funkler","8":"product_cat-landschaft","9":"desktop-align-center","10":"tablet-align-left","11":"mobile-align-left","13":"first","14":"instock","15":"taxable","16":"shipping-taxable","17":"product-type-simple"},"_links":{"self":[{"href":"https:\/\/collection.galerie-gerdes.com\/et\/wp-json\/wp\/v2\/product\/237809","targetHints":{"allow":["GET"]}}],"collection":[{"href":"https:\/\/collection.galerie-gerdes.com\/et\/wp-json\/wp\/v2\/product"}],"about":[{"href":"https:\/\/collection.galerie-gerdes.com\/et\/wp-json\/wp\/v2\/types\/product"}],"wp:featuredmedia":[{"embeddable":true,"href":"https:\/\/collection.galerie-gerdes.com\/et\/wp-json\/wp\/v2\/media\/239703"}],"wp:attachment":[{"href":"https:\/\/collection.galerie-gerdes.com\/et\/wp-json\/wp\/v2\/media?parent=237809"}],"wp:term":[{"taxonomy":"product_brand","embeddable":true,"href":"https:\/\/collection.galerie-gerdes.com\/et\/wp-json\/wp\/v2\/product_brand?post=237809"},{"taxonomy":"product_cat","embeddable":true,"href":"https:\/\/collection.galerie-gerdes.com\/et\/wp-json\/wp\/v2\/product_cat?post=237809"},{"taxonomy":"product_tag","embeddable":true,"href":"https:\/\/collection.galerie-gerdes.com\/et\/wp-json\/wp\/v2\/product_tag?post=237809"}],"curies":[{"name":"wp","href":"https:\/\/api.w.org\/{rel}","templated":true}]}}