{"id":271653,"date":"2024-11-09T16:44:38","date_gmt":"2024-11-09T15:44:38","guid":{"rendered":"https:\/\/www.collection.galerie-gerdes.com\/?post_type=product&#038;p=271653"},"modified":"2024-12-18T16:46:16","modified_gmt":"2024-12-18T15:46:16","slug":"ringer-farbige-zeichnung-von-rudolf-grossmann","status":"publish","type":"product","link":"https:\/\/collection.galerie-gerdes.com\/et\/p\/ringer-farbige-zeichnung-von-rudolf-grossmann\/","title":{"rendered":"Ringer | Farbige Zeichnung von Rudolf Grossmann"},"content":{"rendered":"<p>Rudolf Wilhelm Walther Gro\u00dfmann, auch Grossmann (* 25. Januar 1882 in Freiburg im Breisgau; \u2020 28. November 1941 ebenda), war ein deutscher Maler und Graphiker. Gro\u00dfmann wuchs in einem k\u00fcnstlerischen Umfeld auf. Sein Gro\u00dfvater war der badische Hofmaler Wilhelm D\u00fcrr der \u00c4ltere, seine Mutter war Bildnismalerin und sein Onkel Wilhelm D\u00fcrr der J\u00fcngere Professor an der Kunstakademie in M\u00fcnchen.<\/p>\n<p>Er studierte zun\u00e4chst von 1902 bis 1904 in M\u00fcnchen Medizin und Philosophie, bevor er f\u00fcr f\u00fcnf Jahre nach Paris ging, wo er unter anderem bei Lucien Simon studierte. In Paris widmete er sich der Landschaftsmalerei, stark beeinflusst von Paul C\u00e9zanne. W\u00e4hrend dieser Zeit verbrachte er viel Zeit im Caf\u00e9 du D\u00f4me, was er in seiner Autobiografie \u201eManege des Lebens\u201c schilderte.<\/p>\n<p>Mit dem Maler Jules Pascin reiste er nach Belgien und Holland und unternahm weitere Studienreisen nach Nord- und S\u00fcdfrankreich sowie nach Wien, Budapest und Stockholm. 1910 hielt er sich f\u00fcr eine Weile in Berlin auf und reiste dann weiter, unter anderem ins Engadin, nach M\u00fcnchen, zum Tegernsee und nach Italien.<\/p>\n<p>Nach seiner R\u00fcckkehr nach Deutschland lebte Gro\u00dfmann in Berlin, wo er als Grafiker t\u00e4tig wurde und unter anderem Buchillustrationen und Portr\u00e4ts von ber\u00fchmten Pers\u00f6nlichkeiten anfertigte, die in Zeitschriften wie dem <em>Simplicissimus<\/em> ver\u00f6ffentlicht wurden. 1928 wurde er Professor an der Kunsthochschule Berlin. Gro\u00dfmann war Mitglied der Berliner Secession und des Deutschen K\u00fcnstlerbundes.<\/p>\n<p>Nach der Macht\u00fcbernahme der Nationalsozialisten wurde er 1934 von seinem Professorenposten entlassen und zog sich nach Freiburg zur\u00fcck. Seine Werke wurden von den Nationalsozialisten als \u201eentartet\u201c diffamiert, und im Rahmen der Aktion \u201eEntartete Kunst\u201c 1937 wurden mehr als 500 seiner Werke aus verschiedenen Museen und \u00f6ffentlichen Sammlungen beschlagnahmt. Ein Teil dieser Werke wurde vernichtet. Drei seiner Werke wurden in der propagandistischen Ausstellung \u201eEntartete Kunst\u201c gezeigt.<\/p>\n<p><strong>Museen und \u00f6ffentliche Sammlungen, aus denen 1937 Werke Gro\u00dfmanns als \u201eentartet\u201c beschlagnahmt wurden:<\/strong> Neue Abteilung der Nationalgalerie Berlin im Kronprinzenpalais, Kupferstichkabinett Berlin, Kunsthalle Bremen, Schlesisches Museum der Bildenden K\u00fcnste Breslau, Kunsth\u00fctte Chemnitz, St\u00e4dtische Kunstsammlung Chemnitz, Anhaltinische Gem\u00e4ldegalerie Dessau, St\u00e4dtisches Kunst- und Gewerbemuseum Dortmund, Kupferstichkabinett Dresden, Gem\u00e4ldegalerie Dresden, Kunstsammlung der Stadt D\u00fcsseldorf, Museum f\u00fcr Kunst und Heimatgeschichte Erfurt, Museum Folkwang Essen, St\u00e4delsches Kunstinstitut Frankfurt\/Main, St\u00e4dtische Kunstsammlung Freiburg im Breisgau, St\u00e4dtische Kunstsammlung Gelsenkirchen, Deutsche Graphikschau G\u00f6rlitz, Kunstsammlungen der Universit\u00e4t G\u00f6ttingen, Kunsthalle Hamburg, Provinzialmuseum Hannover, Staatliche Kunsthalle Karlsruhe, Wallraf-Richartz-Museum K\u00f6ln, Kunstsammlung der Stadt K\u00f6nigsberg, Staatliches Meisteratelier K\u00f6nigsberg, Kaiser Wilhelm-Museum Krefeld, Museum der bildenden K\u00fcnste Leipzig, Museum Behnhaus L\u00fcbeck, Kaiser Friedrich-Museum Magdeburg, St\u00e4dtisches Museum Mainz, St\u00e4dtische Kunsthalle Mannheim, Staatliche Graphische Sammlung M\u00fcnchen, Bayerische Staatsgem\u00e4ldesammlung M\u00fcnchen, St\u00e4dtische Galerie N\u00fcrnberg, Museum f\u00fcr Kunst und Kunstgewerbe Stettin, W\u00fcrttembergische Staatsgalerie Stuttgart, Stadtmuseum Ulm, Schlossmuseum Weimar, Nassauisches Landesmuseum Wiesbaden und St\u00e4dtische Bildergalerie Wuppertal-Elberfeld.<\/p>\n","protected":false},"excerpt":{"rendered":"<p>Rudolf Grossmann (1882-1941)<\/p>\n","protected":false},"featured_media":273037,"template":"","meta":{"site-sidebar-layout":"default","site-content-layout":"","ast-site-content-layout":"default","site-content-style":"default","site-sidebar-style":"default","ast-global-header-display":"","ast-banner-title-visibility":"","ast-main-header-display":"","ast-hfb-above-header-display":"","ast-hfb-below-header-display":"","ast-hfb-mobile-header-display":"","site-post-title":"","ast-breadcrumbs-content":"","ast-featured-img":"","footer-sml-layout":"","ast-disable-related-posts":"","theme-transparent-header-meta":"default","adv-header-id-meta":"","stick-header-meta":"","header-above-stick-meta":"","header-main-stick-meta":"","header-below-stick-meta":"","astra-migrate-meta-layouts":"set","ast-page-background-enabled":"default","ast-page-background-meta":{"desktop":{"background-color":"var(--ast-global-color-4)","background-image":"","background-repeat":"repeat","background-position":"center center","background-size":"auto","background-attachment":"scroll","background-type":"","background-media":"","overlay-type":"","overlay-color":"","overlay-opacity":"","overlay-gradient":""},"tablet":{"background-color":"","background-image":"","background-repeat":"repeat","background-position":"center center","background-size":"auto","background-attachment":"scroll","background-type":"","background-media":"","overlay-type":"","overlay-color":"","overlay-opacity":"","overlay-gradient":""},"mobile":{"background-color":"","background-image":"","background-repeat":"repeat","background-position":"center center","background-size":"auto","background-attachment":"scroll","background-type":"","background-media":"","overlay-type":"","overlay-color":"","overlay-opacity":"","overlay-gradient":""}},"ast-content-background-meta":{"desktop":{"background-color":"var(--ast-global-color-5)","background-image":"","background-repeat":"repeat","background-position":"center center","background-size":"auto","background-attachment":"scroll","background-type":"","background-media":"","overlay-type":"","overlay-color":"","overlay-opacity":"","overlay-gradient":""},"tablet":{"background-color":"var(--ast-global-color-5)","background-image":"","background-repeat":"repeat","background-position":"center center","background-size":"auto","background-attachment":"scroll","background-type":"","background-media":"","overlay-type":"","overlay-color":"","overlay-opacity":"","overlay-gradient":""},"mobile":{"background-color":"var(--ast-global-color-5)","background-image":"","background-repeat":"repeat","background-position":"center center","background-size":"auto","background-attachment":"scroll","background-type":"","background-media":"","overlay-type":"","overlay-color":"","overlay-opacity":"","overlay-gradient":""}}},"product_brand":[],"product_cat":[52,25,179,418,14674,428,266],"product_tag":[],"class_list":{"0":"post-271653","1":"product","2":"type-product","3":"status-publish","4":"has-post-thumbnail","6":"product_cat-20th-century","7":"product_cat-deutsch","8":"product_cat-gemaelde","9":"product_cat-genre","10":"product_cat-rudolf-grossmann","11":"product_cat-sport","12":"product_cat-zeichnung","13":"desktop-align-center","14":"tablet-align-left","15":"mobile-align-left","17":"first","18":"instock","19":"taxable","20":"shipping-taxable","21":"product-type-simple"},"_links":{"self":[{"href":"https:\/\/collection.galerie-gerdes.com\/et\/wp-json\/wp\/v2\/product\/271653","targetHints":{"allow":["GET"]}}],"collection":[{"href":"https:\/\/collection.galerie-gerdes.com\/et\/wp-json\/wp\/v2\/product"}],"about":[{"href":"https:\/\/collection.galerie-gerdes.com\/et\/wp-json\/wp\/v2\/types\/product"}],"wp:featuredmedia":[{"embeddable":true,"href":"https:\/\/collection.galerie-gerdes.com\/et\/wp-json\/wp\/v2\/media\/273037"}],"wp:attachment":[{"href":"https:\/\/collection.galerie-gerdes.com\/et\/wp-json\/wp\/v2\/media?parent=271653"}],"wp:term":[{"taxonomy":"product_brand","embeddable":true,"href":"https:\/\/collection.galerie-gerdes.com\/et\/wp-json\/wp\/v2\/product_brand?post=271653"},{"taxonomy":"product_cat","embeddable":true,"href":"https:\/\/collection.galerie-gerdes.com\/et\/wp-json\/wp\/v2\/product_cat?post=271653"},{"taxonomy":"product_tag","embeddable":true,"href":"https:\/\/collection.galerie-gerdes.com\/et\/wp-json\/wp\/v2\/product_tag?post=271653"}],"curies":[{"name":"wp","href":"https:\/\/api.w.org\/{rel}","templated":true}]}}