{"id":274318,"date":"2024-11-11T22:40:53","date_gmt":"2024-11-11T21:40:53","guid":{"rendered":"https:\/\/www.collection.galerie-gerdes.com\/?post_type=product&#038;p=274318"},"modified":"2024-12-18T16:46:16","modified_gmt":"2024-12-18T15:46:16","slug":"rollentausch-7-von-x-tusche-federzeichnung-von-rolf-peter-bauer-fliegenden-blaetter-muenchen","status":"publish","type":"product","link":"https:\/\/collection.galerie-gerdes.com\/et\/p\/rollentausch-7-von-x-tusche-federzeichnung-von-rolf-peter-bauer-fliegenden-blaetter-muenchen\/","title":{"rendered":"Rollentausch (7 von X) | Tusche-\/Federzeichnung von Rolf Peter Bauer | Fliegenden Bl\u00e4tter M\u00fcnchen"},"content":{"rendered":"<p>Rolf Peter Bauer (* 23. Juni 1912 in Konstanz; \u2020 9. September 1960 in M\u00fcnchen) war ein deutscher Zeichner und Karikaturist.<\/p>\n<p>Bauer wurde als Sohn eines Architekten geboren und begann bereits im Alter von 19 Jahren eine Karriere als selbstst\u00e4ndiger Karikaturist. Er spezialisierte sich vor allem auf Sportkarikaturen und arbeitete f\u00fcr verschiedene Tageszeitungen in M\u00fcnchen (darunter das <em>Abendblatt<\/em>), N\u00fcrnberg, Augsburg und Regensburg. W\u00e4hrend des Zweiten Weltkriegs diente er f\u00fcnf Jahre lang als Kriegsberichterstatter, insbesondere f\u00fcr die Feldpost w\u00e4hrend des Balkanfeldzugs 1942\/43.<\/p>\n<p>Nach seiner Entlassung aus dem Kriegsdienst lebte Bauer von 1945 bis 1952 in Wei\u00dfach am Tegernsee, wo er gegen Naturalien etwa 800 Amerikaner karikierte. In dieser Zeit gr\u00fcndete er die zweisprachige humoristische Zeitschrift <em>The Tegernsee Times<\/em>, die sich der kulturellen Ann\u00e4herung zwischen Bayern und Amerika widmete.<\/p>\n<p>1952 kehrte Bauer nach M\u00fcnchen zur\u00fcck und arbeitete dort als st\u00e4ndiger Karikaturist f\u00fcr den <em>M\u00fcnchner Merkur<\/em> (Sport), <em>Gong<\/em> (Funk und Fernsehen) und die <em>Revue<\/em> (Film). Neben seiner T\u00e4tigkeit f\u00fcr Zeitschriften gestaltete er regelm\u00e4\u00dfig Filmanzeigen f\u00fcr die meisten deutschen Filmverleihe. Bauer war bekannt f\u00fcr seine F\u00e4higkeit, mit wenigen Strichen eine gro\u00dfe \u00c4hnlichkeit in seinen Portr\u00e4tkarikaturen zu erzielen, was ihm den Ruf eines Spezialisten in diesem Bereich einbrachte. Zus\u00e4tzlich ver\u00f6ffentlichte er zahlreiche B\u00fccher und illustrierte s\u00e4mtliche Werke von Ferdinand Wei\u00dfheitinger, besser bekannt unter dem Pseudonym Wei\u00df Ferdl.<\/p>\n<p>Rolf Peter Bauer verstarb am 9. September 1960 in M\u00fcnchen.<\/p>\n","protected":false},"excerpt":{"rendered":"<p>Rolf Peter Bauer (1912-1960)<\/p>\n","protected":false},"featured_media":274619,"template":"","meta":{"site-sidebar-layout":"default","site-content-layout":"","ast-site-content-layout":"default","site-content-style":"default","site-sidebar-style":"default","ast-global-header-display":"","ast-banner-title-visibility":"","ast-main-header-display":"","ast-hfb-above-header-display":"","ast-hfb-below-header-display":"","ast-hfb-mobile-header-display":"","site-post-title":"","ast-breadcrumbs-content":"","ast-featured-img":"","footer-sml-layout":"","ast-disable-related-posts":"","theme-transparent-header-meta":"default","adv-header-id-meta":"","stick-header-meta":"","header-above-stick-meta":"","header-main-stick-meta":"","header-below-stick-meta":"","astra-migrate-meta-layouts":"set","ast-page-background-enabled":"default","ast-page-background-meta":{"desktop":{"background-color":"var(--ast-global-color-4)","background-image":"","background-repeat":"repeat","background-position":"center center","background-size":"auto","background-attachment":"scroll","background-type":"","background-media":"","overlay-type":"","overlay-color":"","overlay-opacity":"","overlay-gradient":""},"tablet":{"background-color":"","background-image":"","background-repeat":"repeat","background-position":"center center","background-size":"auto","background-attachment":"scroll","background-type":"","background-media":"","overlay-type":"","overlay-color":"","overlay-opacity":"","overlay-gradient":""},"mobile":{"background-color":"","background-image":"","background-repeat":"repeat","background-position":"center center","background-size":"auto","background-attachment":"scroll","background-type":"","background-media":"","overlay-type":"","overlay-color":"","overlay-opacity":"","overlay-gradient":""}},"ast-content-background-meta":{"desktop":{"background-color":"var(--ast-global-color-5)","background-image":"","background-repeat":"repeat","background-position":"center center","background-size":"auto","background-attachment":"scroll","background-type":"","background-media":"","overlay-type":"","overlay-color":"","overlay-opacity":"","overlay-gradient":""},"tablet":{"background-color":"var(--ast-global-color-5)","background-image":"","background-repeat":"repeat","background-position":"center center","background-size":"auto","background-attachment":"scroll","background-type":"","background-media":"","overlay-type":"","overlay-color":"","overlay-opacity":"","overlay-gradient":""},"mobile":{"background-color":"var(--ast-global-color-5)","background-image":"","background-repeat":"repeat","background-position":"center center","background-size":"auto","background-attachment":"scroll","background-type":"","background-media":"","overlay-type":"","overlay-color":"","overlay-opacity":"","overlay-gradient":""}}},"product_brand":[],"product_cat":[52,25,179,424,285,266],"product_tag":[364,362,363,74,361,365],"class_list":{"0":"post-274318","1":"product","2":"type-product","3":"status-publish","4":"has-post-thumbnail","6":"product_cat-20th-century","7":"product_cat-deutsch","8":"product_cat-gemaelde","9":"product_cat-karikaturen","10":"product_cat-rolf-peter-bauer","11":"product_cat-zeichnung","12":"product_tag-art","13":"product_tag-gemalde","14":"product_tag-kunst","15":"product_tag-painting","16":"product_tag-peintures","17":"product_tag-pittura","18":"desktop-align-center","19":"tablet-align-left","20":"mobile-align-left","22":"first","23":"instock","24":"taxable","25":"shipping-taxable","26":"product-type-simple"},"_links":{"self":[{"href":"https:\/\/collection.galerie-gerdes.com\/et\/wp-json\/wp\/v2\/product\/274318","targetHints":{"allow":["GET"]}}],"collection":[{"href":"https:\/\/collection.galerie-gerdes.com\/et\/wp-json\/wp\/v2\/product"}],"about":[{"href":"https:\/\/collection.galerie-gerdes.com\/et\/wp-json\/wp\/v2\/types\/product"}],"wp:featuredmedia":[{"embeddable":true,"href":"https:\/\/collection.galerie-gerdes.com\/et\/wp-json\/wp\/v2\/media\/274619"}],"wp:attachment":[{"href":"https:\/\/collection.galerie-gerdes.com\/et\/wp-json\/wp\/v2\/media?parent=274318"}],"wp:term":[{"taxonomy":"product_brand","embeddable":true,"href":"https:\/\/collection.galerie-gerdes.com\/et\/wp-json\/wp\/v2\/product_brand?post=274318"},{"taxonomy":"product_cat","embeddable":true,"href":"https:\/\/collection.galerie-gerdes.com\/et\/wp-json\/wp\/v2\/product_cat?post=274318"},{"taxonomy":"product_tag","embeddable":true,"href":"https:\/\/collection.galerie-gerdes.com\/et\/wp-json\/wp\/v2\/product_tag?post=274318"}],"curies":[{"name":"wp","href":"https:\/\/api.w.org\/{rel}","templated":true}]}}