{"id":309062,"date":"2023-12-16T22:46:00","date_gmt":"2023-12-16T21:46:00","guid":{"rendered":"https:\/\/collection.galerie-gerdes.com\/produkt\/kuelamuusika-joonistus-adolf-muenzer-mees-tuubaga\/"},"modified":"2023-12-16T22:46:00","modified_gmt":"2023-12-16T21:46:00","slug":"kuelamuusika-joonistus-adolf-muenzer-mees-tuubaga","status":"publish","type":"product","link":"https:\/\/collection.galerie-gerdes.com\/et\/p\/kuelamuusika-joonistus-adolf-muenzer-mees-tuubaga\/","title":{"rendered":"&#8220;K\u00fclamuusika&#8221;, joonistus, Adolf M\u00fcnzer, mees tuubaga"},"content":{"rendered":"<p>Ta s\u00fcndis Ple\u00dfis, \u00dclem-Sileesias ja veetis oma lapsep\u00f5lve p\u00e4rast isa varajast surma 1876. aastal Breslau&#8217;s, kus ta k\u00e4is Matthias-G\u00fcmnaasiumis ja alustas 1886. aastal koolitust dekoratiivmaaleri Georg Heintze juures. Hiljem j\u00e4tkas ta oma haridusteed Breslau kunstt\u00f6\u00f6stuskoolis, kus teda \u00f5petasid sellised \u00f5petajad nagu Heinrich Irmann, Paul Schobelt ja Albrecht Br\u00e4uer.  <\/p>\n<p>1894. aastal alustas M\u00fcnzer \u00f5pinguid M\u00fcncheni Kunstiakadeemias, kus teda \u00f5petasid sellised tuntud kunstnikud nagu Karl Raupp ja Otto Seitz. S\u00f5jav\u00e4eteenistuse ajal liitus ta Paul Hoeckeri maaliklassiga, kes keskendus intensiivselt vaba\u00f5humaalimisele. M\u00fcnzer sai siin 1896. aastal isegi oma meisterateljee.  <\/p>\n<p>1898. aastal oli ta \u00fcks kahest v\u00f5itjast Ludwig Stollwercki esimesel Stollwercki kollektsioonipiltide kujunduskonkursil, mille auhinnaraha oli 1000 marka. Alates 1899. aastast eksponeeris M\u00fcnzer oma t\u00f6id M\u00fcncheni Glaspalastis Scholle kunstnike r\u00fchma liikmena. See t\u00f5i kaasa ka tema koost\u00f6\u00f6 M\u00fcncheni n\u00e4dalalehes &#8220;Jugend&#8221; ja satiirilises ajakirjas &#8220;Simplicissimus&#8221;.  <\/p>\n<p>Aastatel 1900-1902 Pariisis viibides kindlustas ta oma kunstilist arengut. 1903. aastal kohtus ta Marie Therese Dree\u00dfeniga, s\u00fcnninimega von Vestenhof, kellega ta abiellus aasta p\u00e4rast suurejoonelist skandaali. See skandaal viis proua Dree\u00dfeni ja tema abikaasa lahutamiseni.   <\/p>\n<p>1909. aastal sai M\u00fcnzerist D\u00fcsseldorfi kunstiakadeemia maaliklassi juhataja, kus ta \u00f5petas kuni 1932. aastani. Selle aja jooksul l\u00f5i ta ka seinamaalinguid ja laemaalinguid D\u00fcsseldorfi ringkonnavalitsuse jaoks. Esimese maailmas\u00f5ja ajal teenis ta 1915. aastal rindel s\u00f5jamaalijana ja 1917. aastal vabatahtlikuna, kuid ei n\u00e4inud s\u00f5jategevust.  <\/p>\n<p>1938. aastal kolis M\u00fcnzeri perekond Holzhausen am Ammersee&#8217;sse. M\u00fcnzeri t\u00f6id on eksponeeritud mitmetes tuntud muuseumides ja kollektsioonides, sealhulgas M\u00fcncheni Neue Pinakothek, K\u00f6lni Wallraf-Richartz-Museum, D\u00fcsseldorfi St\u00e4dtisches Kunstmuseum ja Baseli Kunstvereini kollektsioon. <\/p>\n<p>Aastatel 1938-1944 osales M\u00fcnzer aktiivselt natsionaalsotsialistide algatatud suurtel saksa kunstin\u00e4itustel M\u00fcncheni Haus der Deutschen Kunstis ja m\u00fc\u00fcs isegi \u00fche teose Adolf Hitlerile. 1950. aastal eksponeeris ta kolmk\u00fcmmend maali M\u00fcncheni kunstnike kooperatiivis. M\u00fcnzer kanti 1944. aastal Reichsministeeriumi rahvaluule ja propaganda autasustatud isikute nimekirja.  <\/p>\n<p>M\u00fcnzeri jutustav stiil ilmnes tema graafikas, eriti tema muinasjuttude illustratsioonides Mainzi kirjastuse Scholz jaoks. Ta oli ka Deutscher K\u00fcnstlerbundi liige. <\/p>\n","protected":false},"excerpt":{"rendered":"<p>Adolf M\u00fcnzer (1870-1953)<br \/>\nVanusem\u00e4rgid, vt. fotod.<\/p>\n","protected":false},"featured_media":7676,"template":"","meta":{"site-sidebar-layout":"default","site-content-layout":"","ast-site-content-layout":"default","site-content-style":"default","site-sidebar-style":"default","ast-global-header-display":"","ast-banner-title-visibility":"","ast-main-header-display":"","ast-hfb-above-header-display":"","ast-hfb-below-header-display":"","ast-hfb-mobile-header-display":"","site-post-title":"","ast-breadcrumbs-content":"","ast-featured-img":"","footer-sml-layout":"","ast-disable-related-posts":"","theme-transparent-header-meta":"default","adv-header-id-meta":"","stick-header-meta":"","header-above-stick-meta":"","header-main-stick-meta":"","header-below-stick-meta":"","astra-migrate-meta-layouts":"default","ast-page-background-enabled":"default","ast-page-background-meta":{"desktop":{"background-color":"var(--ast-global-color-4)","background-image":"","background-repeat":"repeat","background-position":"center center","background-size":"auto","background-attachment":"scroll","background-type":"","background-media":"","overlay-type":"","overlay-color":"","overlay-opacity":"","overlay-gradient":""},"tablet":{"background-color":"","background-image":"","background-repeat":"repeat","background-position":"center center","background-size":"auto","background-attachment":"scroll","background-type":"","background-media":"","overlay-type":"","overlay-color":"","overlay-opacity":"","overlay-gradient":""},"mobile":{"background-color":"","background-image":"","background-repeat":"repeat","background-position":"center center","background-size":"auto","background-attachment":"scroll","background-type":"","background-media":"","overlay-type":"","overlay-color":"","overlay-opacity":"","overlay-gradient":""}},"ast-content-background-meta":{"desktop":{"background-color":"var(--ast-global-color-5)","background-image":"","background-repeat":"repeat","background-position":"center center","background-size":"auto","background-attachment":"scroll","background-type":"","background-media":"","overlay-type":"","overlay-color":"","overlay-opacity":"","overlay-gradient":""},"tablet":{"background-color":"var(--ast-global-color-5)","background-image":"","background-repeat":"repeat","background-position":"center center","background-size":"auto","background-attachment":"scroll","background-type":"","background-media":"","overlay-type":"","overlay-color":"","overlay-opacity":"","overlay-gradient":""},"mobile":{"background-color":"var(--ast-global-color-5)","background-image":"","background-repeat":"repeat","background-position":"center center","background-size":"auto","background-attachment":"scroll","background-type":"","background-media":"","overlay-type":"","overlay-color":"","overlay-opacity":"","overlay-gradient":""}}},"product_brand":[],"product_cat":[715,581],"product_tag":[14924,1469,1470,14926,1471,1472,1473,1474,14925],"class_list":{"0":"post-309062","1":"product","2":"type-product","3":"status-publish","4":"has-post-thumbnail","6":"product_cat-german-et","7":"product_cat-painting-et","8":"product_tag-adolf-muenzer-et","9":"product_tag-art-et","10":"product_tag-gemalde-et","11":"product_tag-joonistus","12":"product_tag-kunst-et","13":"product_tag-painting-et","14":"product_tag-peintures-et","15":"product_tag-pittura-et","16":"product_tag-saksa","17":"desktop-align-center","18":"tablet-align-left","19":"mobile-align-left","21":"first","22":"instock","23":"taxable","24":"shipping-taxable","25":"product-type-simple"},"_links":{"self":[{"href":"https:\/\/collection.galerie-gerdes.com\/et\/wp-json\/wp\/v2\/product\/309062","targetHints":{"allow":["GET"]}}],"collection":[{"href":"https:\/\/collection.galerie-gerdes.com\/et\/wp-json\/wp\/v2\/product"}],"about":[{"href":"https:\/\/collection.galerie-gerdes.com\/et\/wp-json\/wp\/v2\/types\/product"}],"wp:featuredmedia":[{"embeddable":true,"href":"https:\/\/collection.galerie-gerdes.com\/et\/wp-json\/wp\/v2\/media\/7676"}],"wp:attachment":[{"href":"https:\/\/collection.galerie-gerdes.com\/et\/wp-json\/wp\/v2\/media?parent=309062"}],"wp:term":[{"taxonomy":"product_brand","embeddable":true,"href":"https:\/\/collection.galerie-gerdes.com\/et\/wp-json\/wp\/v2\/product_brand?post=309062"},{"taxonomy":"product_cat","embeddable":true,"href":"https:\/\/collection.galerie-gerdes.com\/et\/wp-json\/wp\/v2\/product_cat?post=309062"},{"taxonomy":"product_tag","embeddable":true,"href":"https:\/\/collection.galerie-gerdes.com\/et\/wp-json\/wp\/v2\/product_tag?post=309062"}],"curies":[{"name":"wp","href":"https:\/\/api.w.org\/{rel}","templated":true}]}}