{"id":309102,"date":"2023-12-16T16:14:59","date_gmt":"2023-12-16T15:14:59","guid":{"rendered":"https:\/\/collection.galerie-gerdes.com\/produkt\/talvine-maastik-willy-linki-maal\/"},"modified":"2023-12-16T16:14:59","modified_gmt":"2023-12-16T15:14:59","slug":"talvine-maastik-willy-linki-maal","status":"publish","type":"product","link":"https:\/\/collection.galerie-gerdes.com\/et\/p\/talvine-maastik-willy-linki-maal\/","title":{"rendered":"Talvine maastik, Willy Linki maal"},"content":{"rendered":"<p>Wilhelm (Willy) Link, s\u00fcndinud 13. oktoobril 1877 Karlsruhes ja surnud 14. mail 1959 Pforzheimis, oli mitmek\u00fclgne saksa kunstnik, kes t\u00f6\u00f6tas maalikunsti, graafika ja skulptuuri alal.  <\/p>\n<p>Tema kunstnikukoolitus toimus aastatel 1897-1903 Karlsruhe Kunstgewerbeschules ja Karlsruhe Kunstakadeemias, kus ta \u00f5ppis Victor Weishaupti ja Wilhelm Tr\u00fcbneri juhendamisel.<\/p>\n<p>Aastatel 1913-1938 t\u00f6\u00f6tas ta Pforzheimi kullassepatekoolis joonistamise ja modelleerimise \u00f5petajana. Tuntud oma hobuste modelleerimise kire t\u00f5ttu, sai ta h\u00fc\u00fcdnime &#8220;Pferdles-Link&#8221;. <\/p>\n<p>1926. aastal osales Wilhelm Link Stuttgarti Sessiooni n\u00e4itusel oma maaliga &#8220;Zehn Majoliken&#8221;. Pforzheimis olid tal oma karj\u00e4\u00e4ri jooksul ka isikun\u00e4itused 1957. ja 1982. aastal. <\/p>\n","protected":false},"excerpt":{"rendered":"<p>Wilhelm (Willy) Link (1877-1959)<br \/>\nTuleks puhastada.<\/p>\n","protected":false},"featured_media":7622,"template":"","meta":{"site-sidebar-layout":"default","site-content-layout":"","ast-site-content-layout":"default","site-content-style":"default","site-sidebar-style":"default","ast-global-header-display":"","ast-banner-title-visibility":"","ast-main-header-display":"","ast-hfb-above-header-display":"","ast-hfb-below-header-display":"","ast-hfb-mobile-header-display":"","site-post-title":"","ast-breadcrumbs-content":"","ast-featured-img":"","footer-sml-layout":"","ast-disable-related-posts":"","theme-transparent-header-meta":"default","adv-header-id-meta":"","stick-header-meta":"","header-above-stick-meta":"","header-main-stick-meta":"","header-below-stick-meta":"","astra-migrate-meta-layouts":"default","ast-page-background-enabled":"default","ast-page-background-meta":{"desktop":{"background-color":"var(--ast-global-color-4)","background-image":"","background-repeat":"repeat","background-position":"center center","background-size":"auto","background-attachment":"scroll","background-type":"","background-media":"","overlay-type":"","overlay-color":"","overlay-opacity":"","overlay-gradient":""},"tablet":{"background-color":"","background-image":"","background-repeat":"repeat","background-position":"center center","background-size":"auto","background-attachment":"scroll","background-type":"","background-media":"","overlay-type":"","overlay-color":"","overlay-opacity":"","overlay-gradient":""},"mobile":{"background-color":"","background-image":"","background-repeat":"repeat","background-position":"center center","background-size":"auto","background-attachment":"scroll","background-type":"","background-media":"","overlay-type":"","overlay-color":"","overlay-opacity":"","overlay-gradient":""}},"ast-content-background-meta":{"desktop":{"background-color":"var(--ast-global-color-5)","background-image":"","background-repeat":"repeat","background-position":"center center","background-size":"auto","background-attachment":"scroll","background-type":"","background-media":"","overlay-type":"","overlay-color":"","overlay-opacity":"","overlay-gradient":""},"tablet":{"background-color":"var(--ast-global-color-5)","background-image":"","background-repeat":"repeat","background-position":"center center","background-size":"auto","background-attachment":"scroll","background-type":"","background-media":"","overlay-type":"","overlay-color":"","overlay-opacity":"","overlay-gradient":""},"mobile":{"background-color":"var(--ast-global-color-5)","background-image":"","background-repeat":"repeat","background-position":"center center","background-size":"auto","background-attachment":"scroll","background-type":"","background-media":"","overlay-type":"","overlay-color":"","overlay-opacity":"","overlay-gradient":""}}},"product_brand":[],"product_cat":[715,579,581],"product_tag":[1469,1470,15050,1471,15046,15048,1472,1473,1474,15043,15042],"class_list":{"0":"post-309102","1":"product","2":"type-product","3":"status-publish","4":"has-post-thumbnail","6":"product_cat-german-et","7":"product_cat-landschaft-et","8":"product_cat-painting-et","9":"product_tag-art-et","10":"product_tag-gemalde-et","11":"product_tag-kangas-et","12":"product_tag-kunst-et","13":"product_tag-maastik-et","14":"product_tag-olimaal-et","15":"product_tag-painting-et","16":"product_tag-peintures-et","17":"product_tag-pittura-et","18":"product_tag-talv","19":"product_tag-wilhelm-link-et","20":"desktop-align-center","21":"tablet-align-left","22":"mobile-align-left","24":"first","25":"instock","26":"taxable","27":"shipping-taxable","28":"product-type-simple"},"_links":{"self":[{"href":"https:\/\/collection.galerie-gerdes.com\/et\/wp-json\/wp\/v2\/product\/309102","targetHints":{"allow":["GET"]}}],"collection":[{"href":"https:\/\/collection.galerie-gerdes.com\/et\/wp-json\/wp\/v2\/product"}],"about":[{"href":"https:\/\/collection.galerie-gerdes.com\/et\/wp-json\/wp\/v2\/types\/product"}],"wp:featuredmedia":[{"embeddable":true,"href":"https:\/\/collection.galerie-gerdes.com\/et\/wp-json\/wp\/v2\/media\/7622"}],"wp:attachment":[{"href":"https:\/\/collection.galerie-gerdes.com\/et\/wp-json\/wp\/v2\/media?parent=309102"}],"wp:term":[{"taxonomy":"product_brand","embeddable":true,"href":"https:\/\/collection.galerie-gerdes.com\/et\/wp-json\/wp\/v2\/product_brand?post=309102"},{"taxonomy":"product_cat","embeddable":true,"href":"https:\/\/collection.galerie-gerdes.com\/et\/wp-json\/wp\/v2\/product_cat?post=309102"},{"taxonomy":"product_tag","embeddable":true,"href":"https:\/\/collection.galerie-gerdes.com\/et\/wp-json\/wp\/v2\/product_tag?post=309102"}],"curies":[{"name":"wp","href":"https:\/\/api.w.org\/{rel}","templated":true}]}}