{"id":6724,"date":"2024-05-13T21:44:50","date_gmt":"2024-05-13T19:44:50","guid":{"rendered":"https:\/\/collection.galerie-gerdes.com\/?post_type=product&#038;p=6724"},"modified":"2024-05-13T21:44:51","modified_gmt":"2024-05-13T19:44:51","slug":"militarkapelle-der-rheinarmee-deutsch-franzosischer-krieg-1870-71-alphonse-marie-adolphe-de-neuville","status":"publish","type":"product","link":"https:\/\/collection.galerie-gerdes.com\/et\/p\/militarkapelle-der-rheinarmee-deutsch-franzosischer-krieg-1870-71-alphonse-marie-adolphe-de-neuville\/","title":{"rendered":"Milit\u00e4rkapelle der Rheinarmee | Deutsch-Franz\u00f6sischer Krieg 1870\/71 | Alphonse Marie Adolphe DE NEUVILLE"},"content":{"rendered":"<p>Alphonse de Neuville wurde am 31. Mai 1836 in Saint-Omer im D\u00e9partement Pas-de-Calais geboren und verstarb am 20. Mai 1885 in Paris. Er war ein renommierter franz\u00f6sischer Schlachtenmaler, der f\u00fcr seine eindrucksvollen Darstellungen milit\u00e4rischer Szenen bekannt war.<\/p>\n<p>Aus einer wohlhabenden Familie stammend, absolvierte Neuville zun\u00e4chst seine Schulzeit und begann dann im Jahr 1856 ein Studium der Ingenieurwissenschaften an der Marineakademie in Lorient, Bretagne.<\/p>\n<p>W\u00e4hrend seines Studiums entwickelte er jedoch ein starkes Interesse an der Malerei und wurde Sch\u00fcler des angesehenen Malers Fran\u00e7ois-\u00c9douard Picot. Durch dessen Vermittlung erhielt er sp\u00e4ter die M\u00f6glichkeit, im Atelier von Eug\u00e8ne Delacroix zu studieren. Sein Deb\u00fct als Maler gab Neuville im Jahr 1859 mit einem Gem\u00e4lde, das eine Episode aus dem Krimkrieg darstellte, bei einer Ausstellung des Pariser Salons.<\/p>\n<p>Parallel zu seinem Studium und seinen ersten Erfolgen als Maler schuf Neuville zahlreiche Illustrationen f\u00fcr Verleger wie Calman L\u00e9vy und Pierre-Jules Hertzel. Unter den Autoren, f\u00fcr die er illustrierte, befanden sich Gr\u00f6\u00dfen wie Alexandre Dumas, Jules Verne und Fran\u00e7ois Guizot.<\/p>\n<p>Nach seiner Teilnahme am Deutsch-Franz\u00f6sischen Krieg als Ingenieuroffizier widmete sich Neuville verst\u00e4rkt seiner k\u00fcnstlerischen T\u00e4tigkeit. Insbesondere nach dem Krieg wurde er als Schlachtenmaler sehr gefragt und gemeinsam mit K\u00fcnstlern wie Ernest Meissonier und Edouard Detaille galt er als Symbol der moralischen Erneuerung Frankreichs nach der als \u201efranz\u00f6sisches Drama\u201c empfundenen Niederlage. Seine Werke, die oft einen patriotischen Stil verfolgten, wurden sp\u00e4ter als bedeutende Beitr\u00e4ge zur milit\u00e4rischen Propaganda betrachtet.<\/p>\n<p>Ein H\u00f6hepunkt in Neuvilles Karriere war sein Gem\u00e4lde &#8220;Biwak vor dem Dorf Le Bourget nach der Schlacht vom 21. Dezember 1870&#8221;, das im Jahr 1872 auf dem Pariser Salon ausgestellt wurde und ihm gro\u00dfen Ruhm einbrachte.<\/p>\n<p>Alphonse de Neuville verstarb 1885 kurz vor seinem 49. Lebensjahr in Paris. Sein Grab auf dem Friedhof Montmartre ist geschm\u00fcckt mit einer B\u00fcste des K\u00fcnstlers sowie der symbolischen Frauenfigur &#8220;Das klagende Frankreich&#8221;, beide Werke von Francis de Saint-Vidal (1840\u20131900).<\/p>\n","protected":false},"excerpt":{"rendered":"<p>Alphonse Marie Adolphe DE NEUVILLE (1835-1885)<\/p>\n","protected":false},"featured_media":6727,"template":"","meta":{"site-sidebar-layout":"default","site-content-layout":"","ast-site-content-layout":"default","site-content-style":"default","site-sidebar-style":"default","ast-global-header-display":"","ast-banner-title-visibility":"","ast-main-header-display":"","ast-hfb-above-header-display":"","ast-hfb-below-header-display":"","ast-hfb-mobile-header-display":"","site-post-title":"","ast-breadcrumbs-content":"","ast-featured-img":"","footer-sml-layout":"","ast-disable-related-posts":"","theme-transparent-header-meta":"default","adv-header-id-meta":"","stick-header-meta":"","header-above-stick-meta":"","header-main-stick-meta":"","header-below-stick-meta":"","astra-migrate-meta-layouts":"set","ast-page-background-enabled":"default","ast-page-background-meta":{"desktop":{"background-color":"var(--ast-global-color-4)","background-image":"","background-repeat":"repeat","background-position":"center center","background-size":"auto","background-attachment":"scroll","background-type":"","background-media":"","overlay-type":"","overlay-color":"","overlay-opacity":"","overlay-gradient":""},"tablet":{"background-color":"","background-image":"","background-repeat":"repeat","background-position":"center center","background-size":"auto","background-attachment":"scroll","background-type":"","background-media":"","overlay-type":"","overlay-color":"","overlay-opacity":"","overlay-gradient":""},"mobile":{"background-color":"","background-image":"","background-repeat":"repeat","background-position":"center center","background-size":"auto","background-attachment":"scroll","background-type":"","background-media":"","overlay-type":"","overlay-color":"","overlay-opacity":"","overlay-gradient":""}},"ast-content-background-meta":{"desktop":{"background-color":"var(--ast-global-color-5)","background-image":"","background-repeat":"repeat","background-position":"center center","background-size":"auto","background-attachment":"scroll","background-type":"","background-media":"","overlay-type":"","overlay-color":"","overlay-opacity":"","overlay-gradient":""},"tablet":{"background-color":"var(--ast-global-color-5)","background-image":"","background-repeat":"repeat","background-position":"center center","background-size":"auto","background-attachment":"scroll","background-type":"","background-media":"","overlay-type":"","overlay-color":"","overlay-opacity":"","overlay-gradient":""},"mobile":{"background-color":"var(--ast-global-color-5)","background-image":"","background-repeat":"repeat","background-position":"center center","background-size":"auto","background-attachment":"scroll","background-type":"","background-media":"","overlay-type":"","overlay-color":"","overlay-opacity":"","overlay-gradient":""}}},"product_brand":[],"product_cat":[53,386,65,179,267],"product_tag":[],"class_list":{"0":"post-6724","1":"product","2":"type-product","3":"status-publish","4":"has-post-thumbnail","6":"product_cat-19th-century","7":"product_cat-alphonse-marie-adolphe-de-neuville","8":"product_cat-franzoesisch","9":"product_cat-gemaelde","10":"product_cat-oelgemaelde","11":"desktop-align-center","12":"tablet-align-left","13":"mobile-align-left","15":"first","16":"instock","17":"taxable","18":"shipping-taxable","19":"product-type-simple"},"_links":{"self":[{"href":"https:\/\/collection.galerie-gerdes.com\/et\/wp-json\/wp\/v2\/product\/6724","targetHints":{"allow":["GET"]}}],"collection":[{"href":"https:\/\/collection.galerie-gerdes.com\/et\/wp-json\/wp\/v2\/product"}],"about":[{"href":"https:\/\/collection.galerie-gerdes.com\/et\/wp-json\/wp\/v2\/types\/product"}],"wp:featuredmedia":[{"embeddable":true,"href":"https:\/\/collection.galerie-gerdes.com\/et\/wp-json\/wp\/v2\/media\/6727"}],"wp:attachment":[{"href":"https:\/\/collection.galerie-gerdes.com\/et\/wp-json\/wp\/v2\/media?parent=6724"}],"wp:term":[{"taxonomy":"product_brand","embeddable":true,"href":"https:\/\/collection.galerie-gerdes.com\/et\/wp-json\/wp\/v2\/product_brand?post=6724"},{"taxonomy":"product_cat","embeddable":true,"href":"https:\/\/collection.galerie-gerdes.com\/et\/wp-json\/wp\/v2\/product_cat?post=6724"},{"taxonomy":"product_tag","embeddable":true,"href":"https:\/\/collection.galerie-gerdes.com\/et\/wp-json\/wp\/v2\/product_tag?post=6724"}],"curies":[{"name":"wp","href":"https:\/\/api.w.org\/{rel}","templated":true}]}}