{"id":7063,"date":"2024-05-20T00:43:14","date_gmt":"2024-05-19T22:43:14","guid":{"rendered":"https:\/\/collection.galerie-gerdes.com\/?post_type=product&#038;p=7063"},"modified":"2025-01-06T22:20:56","modified_gmt":"2025-01-06T21:20:56","slug":"narr-als-traumgeist-gemaelde-von-imro-weiner-kral","status":"publish","type":"product","link":"https:\/\/collection.galerie-gerdes.com\/et\/p\/narr-als-traumgeist-gemaelde-von-imro-weiner-kral\/","title":{"rendered":"Narr als Traumgeist | Gem\u00e4lde von Imro Weiner Kral (attr.)"},"content":{"rendered":"<p>Imro Weiner-Kr\u00e1\u013e, auch bekannt als Imrich Weiner-Kr\u00e1\u013e (* 26. Oktober 1901 in Pova\u017esk\u00e1 Bystrica; \u2020 11. August 1978 in Bratislava), war ein slowakischer Maler und Grafiker. Er gilt als der originellste Vertreter des slowakischen Surrealismus und Expressionismus des Jugendstils.<\/p>\n<p>Von 1919 bis 1922 studierte Weiner-Kr\u00e1\u013e Architektur und Malerei an der Tschechischen Technischen Universit\u00e4t und an der Kunstgewerbeschule in Prag. Ab 1922 setzte er seine Ausbildung an der Akademie der Bildenden K\u00fcnste in D\u00fcsseldorf fort und wechselte 1923 an die Akademie der Bildenden K\u00fcnste in Berlin. Ab 1924 studierte er an der \u00c9cole des Beaux-Arts in Paris.<\/p>\n<p>In Paris arbeitete Weiner-Kr\u00e1\u013e kurzzeitig in den Ateliers von Colarossi und Grande Chaumi\u00e8re, bevor er noch im selben Jahr in die Slowakei zur\u00fcckkehrte und sich in Pova\u017esk\u00e1 Bystrica niederlie\u00df. Zwischen 1929 und 1932 lebte er in Bratislava und sp\u00e4ter in Berlin. 1936 veranstaltete er seine erste surrealistische Ausstellung in Bratislava zusammen mit dem Maler F. Mal\u00fd. 1938 emigrierte er nach Paris, wo er sich dem antifaschistischen Widerstand anschloss. 1950 wurde er jedoch aus Paris ausgewiesen und lebte danach kurzzeitig in Prag und Pova\u017esk\u00e1 Bystrica, bevor er sich schlie\u00dflich in Bratislava niederlie\u00df, wo er bis zu seinem Tod blieb.<\/p>\n<p>In seinen Werken schilderte Weiner-Kr\u00e1\u013e das Leben in der slowakischen Landschaft und nutzte dabei Traumsymbole, um seine j\u00fcdische Herkunft und die sozialen Probleme seiner Zeit zu thematisieren. Neben der Malerei war er auch als Grafiker, Illustrator und Plakatgestalter t\u00e4tig. Sein Werk zeichnet sich durch humanistische Kompositionen aus, die lyrische, balladeske und dramatische Weltbilder miteinander verbinden.<\/p>\n","protected":false},"excerpt":{"rendered":"<p>Imro Weiner-Kr\u00e1\u013e (1901-1978) zugeschrieben<\/p>\n","protected":false},"featured_media":7068,"template":"","meta":{"site-sidebar-layout":"default","site-content-layout":"","ast-site-content-layout":"default","site-content-style":"default","site-sidebar-style":"default","ast-global-header-display":"","ast-banner-title-visibility":"","ast-main-header-display":"","ast-hfb-above-header-display":"","ast-hfb-below-header-display":"","ast-hfb-mobile-header-display":"","site-post-title":"","ast-breadcrumbs-content":"","ast-featured-img":"","footer-sml-layout":"","ast-disable-related-posts":"","theme-transparent-header-meta":"default","adv-header-id-meta":"","stick-header-meta":"","header-above-stick-meta":"","header-main-stick-meta":"","header-below-stick-meta":"","astra-migrate-meta-layouts":"set","ast-page-background-enabled":"default","ast-page-background-meta":{"desktop":{"background-color":"var(--ast-global-color-4)","background-image":"","background-repeat":"repeat","background-position":"center center","background-size":"auto","background-attachment":"scroll","background-type":"","background-media":"","overlay-type":"","overlay-color":"","overlay-opacity":"","overlay-gradient":""},"tablet":{"background-color":"","background-image":"","background-repeat":"repeat","background-position":"center center","background-size":"auto","background-attachment":"scroll","background-type":"","background-media":"","overlay-type":"","overlay-color":"","overlay-opacity":"","overlay-gradient":""},"mobile":{"background-color":"","background-image":"","background-repeat":"repeat","background-position":"center center","background-size":"auto","background-attachment":"scroll","background-type":"","background-media":"","overlay-type":"","overlay-color":"","overlay-opacity":"","overlay-gradient":""}},"ast-content-background-meta":{"desktop":{"background-color":"var(--ast-global-color-5)","background-image":"","background-repeat":"repeat","background-position":"center center","background-size":"auto","background-attachment":"scroll","background-type":"","background-media":"","overlay-type":"","overlay-color":"","overlay-opacity":"","overlay-gradient":""},"tablet":{"background-color":"var(--ast-global-color-5)","background-image":"","background-repeat":"repeat","background-position":"center center","background-size":"auto","background-attachment":"scroll","background-type":"","background-media":"","overlay-type":"","overlay-color":"","overlay-opacity":"","overlay-gradient":""},"mobile":{"background-color":"var(--ast-global-color-5)","background-image":"","background-repeat":"repeat","background-position":"center center","background-size":"auto","background-attachment":"scroll","background-type":"","background-media":"","overlay-type":"","overlay-color":"","overlay-opacity":"","overlay-gradient":""}}},"product_brand":[],"product_cat":[52,179,398,267,370],"product_tag":[],"class_list":{"0":"post-7063","1":"product","2":"type-product","3":"status-publish","4":"has-post-thumbnail","6":"product_cat-20th-century","7":"product_cat-gemaelde","8":"product_cat-imro-weiner-kral","9":"product_cat-oelgemaelde","10":"product_cat-slowakisch","11":"desktop-align-center","12":"tablet-align-left","13":"mobile-align-left","15":"first","16":"instock","17":"taxable","18":"shipping-taxable","19":"product-type-simple"},"_links":{"self":[{"href":"https:\/\/collection.galerie-gerdes.com\/et\/wp-json\/wp\/v2\/product\/7063","targetHints":{"allow":["GET"]}}],"collection":[{"href":"https:\/\/collection.galerie-gerdes.com\/et\/wp-json\/wp\/v2\/product"}],"about":[{"href":"https:\/\/collection.galerie-gerdes.com\/et\/wp-json\/wp\/v2\/types\/product"}],"wp:featuredmedia":[{"embeddable":true,"href":"https:\/\/collection.galerie-gerdes.com\/et\/wp-json\/wp\/v2\/media\/7068"}],"wp:attachment":[{"href":"https:\/\/collection.galerie-gerdes.com\/et\/wp-json\/wp\/v2\/media?parent=7063"}],"wp:term":[{"taxonomy":"product_brand","embeddable":true,"href":"https:\/\/collection.galerie-gerdes.com\/et\/wp-json\/wp\/v2\/product_brand?post=7063"},{"taxonomy":"product_cat","embeddable":true,"href":"https:\/\/collection.galerie-gerdes.com\/et\/wp-json\/wp\/v2\/product_cat?post=7063"},{"taxonomy":"product_tag","embeddable":true,"href":"https:\/\/collection.galerie-gerdes.com\/et\/wp-json\/wp\/v2\/product_tag?post=7063"}],"curies":[{"name":"wp","href":"https:\/\/api.w.org\/{rel}","templated":true}]}}