{"id":190653,"date":"2024-07-03T19:48:28","date_gmt":"2024-07-03T17:48:28","guid":{"rendered":"https:\/\/www.collection.galerie-gerdes.com\/?post_type=product&#038;p=190653"},"modified":"2024-10-23T21:39:42","modified_gmt":"2024-10-23T19:39:42","slug":"floetenspieler-19-3-1935-gemaelde-von-gustav-traub-die-fliegenden-blaetter","status":"publish","type":"product","link":"https:\/\/collection.galerie-gerdes.com\/fi\/p\/floetenspieler-19-3-1935-gemaelde-von-gustav-traub-die-fliegenden-blaetter\/","title":{"rendered":"Fl\u00f6tenspieler 19.3.1935 | Gem\u00e4lde von Gustav TRAUB, die Fliegenden-Bl\u00e4tter"},"content":{"rendered":"","protected":false},"excerpt":{"rendered":"<p>Gustav TRAUB (1885-1955)<\/p>\n","protected":false},"featured_media":191535,"template":"","meta":{"site-sidebar-layout":"default","site-content-layout":"","ast-site-content-layout":"default","site-content-style":"default","site-sidebar-style":"default","ast-global-header-display":"","ast-banner-title-visibility":"","ast-main-header-display":"","ast-hfb-above-header-display":"","ast-hfb-below-header-display":"","ast-hfb-mobile-header-display":"","site-post-title":"","ast-breadcrumbs-content":"","ast-featured-img":"","footer-sml-layout":"","ast-disable-related-posts":"","theme-transparent-header-meta":"default","adv-header-id-meta":"","stick-header-meta":"","header-above-stick-meta":"","header-main-stick-meta":"","header-below-stick-meta":"","astra-migrate-meta-layouts":"set","ast-page-background-enabled":"default","ast-page-background-meta":{"desktop":{"background-color":"var(--ast-global-color-4)","background-image":"","background-repeat":"repeat","background-position":"center center","background-size":"auto","background-attachment":"scroll","background-type":"","background-media":"","overlay-type":"","overlay-color":"","overlay-opacity":"","overlay-gradient":""},"tablet":{"background-color":"","background-image":"","background-repeat":"repeat","background-position":"center center","background-size":"auto","background-attachment":"scroll","background-type":"","background-media":"","overlay-type":"","overlay-color":"","overlay-opacity":"","overlay-gradient":""},"mobile":{"background-color":"","background-image":"","background-repeat":"repeat","background-position":"center center","background-size":"auto","background-attachment":"scroll","background-type":"","background-media":"","overlay-type":"","overlay-color":"","overlay-opacity":"","overlay-gradient":""}},"ast-content-background-meta":{"desktop":{"background-color":"var(--ast-global-color-5)","background-image":"","background-repeat":"repeat","background-position":"center center","background-size":"auto","background-attachment":"scroll","background-type":"","background-media":"","overlay-type":"","overlay-color":"","overlay-opacity":"","overlay-gradient":""},"tablet":{"background-color":"var(--ast-global-color-5)","background-image":"","background-repeat":"repeat","background-position":"center center","background-size":"auto","background-attachment":"scroll","background-type":"","background-media":"","overlay-type":"","overlay-color":"","overlay-opacity":"","overlay-gradient":""},"mobile":{"background-color":"var(--ast-global-color-5)","background-image":"","background-repeat":"repeat","background-position":"center center","background-size":"auto","background-attachment":"scroll","background-type":"","background-media":"","overlay-type":"","overlay-color":"","overlay-opacity":"","overlay-gradient":""}}},"product_brand":[],"product_cat":[52,265,25,420,381,329,424,268],"product_tag":[],"class_list":{"0":"post-190653","1":"product","2":"type-product","3":"status-publish","4":"has-post-thumbnail","6":"product_cat-20th-century","7":"product_cat-aquarell","8":"product_cat-deutsch","9":"product_cat-figuren","10":"product_cat-fliegende-blatter","11":"product_cat-gustav-traub","12":"product_cat-karikaturen","13":"product_cat-mischtechnik","14":"desktop-align-center","15":"tablet-align-left","16":"mobile-align-left","18":"first","19":"instock","20":"taxable","21":"shipping-taxable","22":"product-type-simple"},"_links":{"self":[{"href":"https:\/\/collection.galerie-gerdes.com\/fi\/wp-json\/wp\/v2\/product\/190653","targetHints":{"allow":["GET"]}}],"collection":[{"href":"https:\/\/collection.galerie-gerdes.com\/fi\/wp-json\/wp\/v2\/product"}],"about":[{"href":"https:\/\/collection.galerie-gerdes.com\/fi\/wp-json\/wp\/v2\/types\/product"}],"wp:featuredmedia":[{"embeddable":true,"href":"https:\/\/collection.galerie-gerdes.com\/fi\/wp-json\/wp\/v2\/media\/191535"}],"wp:attachment":[{"href":"https:\/\/collection.galerie-gerdes.com\/fi\/wp-json\/wp\/v2\/media?parent=190653"}],"wp:term":[{"taxonomy":"product_brand","embeddable":true,"href":"https:\/\/collection.galerie-gerdes.com\/fi\/wp-json\/wp\/v2\/product_brand?post=190653"},{"taxonomy":"product_cat","embeddable":true,"href":"https:\/\/collection.galerie-gerdes.com\/fi\/wp-json\/wp\/v2\/product_cat?post=190653"},{"taxonomy":"product_tag","embeddable":true,"href":"https:\/\/collection.galerie-gerdes.com\/fi\/wp-json\/wp\/v2\/product_tag?post=190653"}],"curies":[{"name":"wp","href":"https:\/\/api.w.org\/{rel}","templated":true}]}}