{"id":190657,"date":"2024-07-03T19:50:45","date_gmt":"2024-07-03T17:50:45","guid":{"rendered":"https:\/\/www.collection.galerie-gerdes.com\/?post_type=product&#038;p=190657"},"modified":"2026-01-06T19:27:37","modified_gmt":"2026-01-06T18:27:37","slug":"portraet-eines-mannes-mit-pfeife-19-jhd-josef-bueche","status":"publish","type":"product","link":"https:\/\/collection.galerie-gerdes.com\/fi\/p\/portraet-eines-mannes-mit-pfeife-19-jhd-josef-bueche\/","title":{"rendered":"Portr\u00e4t eines Mannes mit Pfeife, 19.Jhd | Gem\u00e4lde von Josef B\u00dcCHE"},"content":{"rendered":"<p>Josef B\u00fcche (* 29. Februar 1848 in Wien; \u2020 13. August 1917 in Linz-Urfahr) war ein \u00f6sterreichischer Portr\u00e4t- und Genremaler. Er entstammte einer K\u00fcnstlerfamilie und war der Sohn eines Malers. Seine Ausbildung erhielt er an der Akademie der bildenden K\u00fcnste in Wien, wo er bei Eduard von Engerth, Carl Wurzinger und Heinrich Geyger studierte. F\u00fcr seine Studienleistungen wurde ihm ein Gesamtstudienpreis zuerkannt.<\/p>\n<p>B\u00fcche war vor allem als Portr\u00e4tist t\u00e4tig und schuf zahlreiche Bildnisse von Angeh\u00f6rigen des \u00f6sterreichischen Kaiserhauses sowie von Pers\u00f6nlichkeiten aus Adel und Gesellschaft der \u00f6sterreichisch-ungarischen Monarchie. In den Jahren von 1881 bis 1901 arbeitete er \u00fcberwiegend in Innsbruck. Seit 1883 war er Mitglied des Wiener K\u00fcnstlerhauses.<\/p>\n<p>Neben seiner eigenen k\u00fcnstlerischen Produktion bet\u00e4tigte sich B\u00fcche auch als Restaurator fremder Gem\u00e4lde. Dar\u00fcber hinaus wirkte er als Illustrator an dem gro\u00dfangelegten Werk Die \u00f6sterreichisch-ungarische Monarchie in Wort und Bild mit. Seine Arbeiten wurden regelm\u00e4\u00dfig auf Kunstausstellungen pr\u00e4sentiert. B\u00fcche war im Laufe seines Lebens unter anderem in Wien, Innsbruck und zuletzt im Raum Linz beziehungsweise Meran t\u00e4tig.<\/p>\n","protected":false},"excerpt":{"rendered":"<p>Josef B\u00dcCHE (1848-1917)<br \/>\nUngerahmt.<\/p>\n","protected":false},"featured_media":392772,"template":"","meta":{"site-sidebar-layout":"default","site-content-layout":"","ast-site-content-layout":"default","site-content-style":"default","site-sidebar-style":"default","ast-global-header-display":"","ast-banner-title-visibility":"","ast-main-header-display":"","ast-hfb-above-header-display":"","ast-hfb-below-header-display":"","ast-hfb-mobile-header-display":"","site-post-title":"","ast-breadcrumbs-content":"","ast-featured-img":"","footer-sml-layout":"","ast-disable-related-posts":"","theme-transparent-header-meta":"default","adv-header-id-meta":"","stick-header-meta":"","header-above-stick-meta":"","header-main-stick-meta":"","header-below-stick-meta":"","astra-migrate-meta-layouts":"set","ast-page-background-enabled":"default","ast-page-background-meta":{"desktop":{"background-color":"var(--ast-global-color-4)","background-image":"","background-repeat":"repeat","background-position":"center center","background-size":"auto","background-attachment":"scroll","background-type":"","background-media":"","overlay-type":"","overlay-color":"","overlay-opacity":"","overlay-gradient":""},"tablet":{"background-color":"","background-image":"","background-repeat":"repeat","background-position":"center center","background-size":"auto","background-attachment":"scroll","background-type":"","background-media":"","overlay-type":"","overlay-color":"","overlay-opacity":"","overlay-gradient":""},"mobile":{"background-color":"","background-image":"","background-repeat":"repeat","background-position":"center center","background-size":"auto","background-attachment":"scroll","background-type":"","background-media":"","overlay-type":"","overlay-color":"","overlay-opacity":"","overlay-gradient":""}},"ast-content-background-meta":{"desktop":{"background-color":"var(--ast-global-color-5)","background-image":"","background-repeat":"repeat","background-position":"center center","background-size":"auto","background-attachment":"scroll","background-type":"","background-media":"","overlay-type":"","overlay-color":"","overlay-opacity":"","overlay-gradient":""},"tablet":{"background-color":"var(--ast-global-color-5)","background-image":"","background-repeat":"repeat","background-position":"center center","background-size":"auto","background-attachment":"scroll","background-type":"","background-media":"","overlay-type":"","overlay-color":"","overlay-opacity":"","overlay-gradient":""},"mobile":{"background-color":"var(--ast-global-color-5)","background-image":"","background-repeat":"repeat","background-position":"center center","background-size":"auto","background-attachment":"scroll","background-type":"","background-media":"","overlay-type":"","overlay-color":"","overlay-opacity":"","overlay-gradient":""}}},"product_brand":[],"product_cat":[14289],"product_tag":[],"class_list":{"0":"post-190657","1":"product","2":"type-product","3":"status-publish","4":"has-post-thumbnail","6":"product_cat-josef-bueche","7":"desktop-align-center","8":"tablet-align-left","9":"mobile-align-left","11":"first","12":"instock","13":"taxable","14":"shipping-taxable","15":"product-type-simple"},"_links":{"self":[{"href":"https:\/\/collection.galerie-gerdes.com\/fi\/wp-json\/wp\/v2\/product\/190657","targetHints":{"allow":["GET"]}}],"collection":[{"href":"https:\/\/collection.galerie-gerdes.com\/fi\/wp-json\/wp\/v2\/product"}],"about":[{"href":"https:\/\/collection.galerie-gerdes.com\/fi\/wp-json\/wp\/v2\/types\/product"}],"wp:featuredmedia":[{"embeddable":true,"href":"https:\/\/collection.galerie-gerdes.com\/fi\/wp-json\/wp\/v2\/media\/392772"}],"wp:attachment":[{"href":"https:\/\/collection.galerie-gerdes.com\/fi\/wp-json\/wp\/v2\/media?parent=190657"}],"wp:term":[{"taxonomy":"product_brand","embeddable":true,"href":"https:\/\/collection.galerie-gerdes.com\/fi\/wp-json\/wp\/v2\/product_brand?post=190657"},{"taxonomy":"product_cat","embeddable":true,"href":"https:\/\/collection.galerie-gerdes.com\/fi\/wp-json\/wp\/v2\/product_cat?post=190657"},{"taxonomy":"product_tag","embeddable":true,"href":"https:\/\/collection.galerie-gerdes.com\/fi\/wp-json\/wp\/v2\/product_tag?post=190657"}],"curies":[{"name":"wp","href":"https:\/\/api.w.org\/{rel}","templated":true}]}}