{"id":219113,"date":"2024-08-05T23:06:23","date_gmt":"2024-08-05T21:06:23","guid":{"rendered":"https:\/\/www.collection.galerie-gerdes.com\/?post_type=product&#038;p=219113"},"modified":"2024-09-26T18:47:34","modified_gmt":"2024-09-26T16:47:34","slug":"landschaft-mit-kirche-gemaelde-von-helene-birnbacher","status":"publish","type":"product","link":"https:\/\/collection.galerie-gerdes.com\/fi\/p\/landschaft-mit-kirche-gemaelde-von-helene-birnbacher\/","title":{"rendered":"Landschaft mit Kirche | Gem\u00e4lde von Helene Birnbacher"},"content":{"rendered":"<p>Helene Birnbacher, geborene von St\u00e4hling (* 11. Januar 1859 in Broos; \u2020 12. Mai 1923 in Bad Hofgastein), war eine \u00f6sterreichische Portr\u00e4tmalerin.<\/p>\n<p>Helene von St\u00e4hling war die Tochter eines Kreiskommiss\u00e4rs und wurde in der Kleinstadt Broos in Siebenb\u00fcrgen geboren. 1864 zog ihre Familie in die Steiermark um. Sie besuchte die Volksschule in Murau und St. Gallen und ab 1869 eine private T\u00f6chterschule in Graz. Ab 1874 studierte sie an der Grazer Landeszeichnungsakademie unter Heinrich Schwach und Hermann von K\u00f6nigsbrunn. Bereits w\u00e4hrend ihrer Ausbildung erhielt sie Auftr\u00e4ge als Portr\u00e4tmalerin.<\/p>\n<p>1881 heiratete sie den Augenarzt Alois Birnbacher (1849\u20131915), der in Graz ein privates Ambulatorium er\u00f6ffnete und an der Universit\u00e4t lehrte. Aus der Ehe gingen drei T\u00f6chter und ein Sohn hervor.<\/p>\n<p>Helene Birnbacher bildete sich kontinuierlich weiter und besuchte Malschulen in Venedig und M\u00fcnchen, wo sie bei Alexander Koester und Heinrich Knirr lernte. Zudem nahm sie Modellierunterricht bei Karl Peckary an der Kunstgewerbeschule Graz. Ab 1885 stellte sie regelm\u00e4\u00dfig mit dem Steierm\u00e4rkischen Kunstverein in Graz aus und beteiligte sich auch an Ausstellungen der Vereinigung Bildender K\u00fcnstler Steiermarks, deren Mitglied sie 1905 wurde.<\/p>\n<p>Helene Birnbacher starb 1923 im Alter von 64 Jahren an einer Lungenentz\u00fcndung. Sie malte vor allem Portr\u00e4ts, aber auch Landschaften und Tiere in \u00d6l und Pastell. Ihre Portr\u00e4ts, die sie h\u00e4ufig im Auftrag der gehobenen Gesellschaft von Graz anfertigte, waren typische Gesellschaftsportr\u00e4ts der Zeit des Historismus und zeichneten sich durch eine hohe Portr\u00e4t\u00e4hnlichkeit aus. Werke von ihr befinden sich in den Sammlungen des Graz Museums und der Neuen Galerie Graz.<\/p>\n","protected":false},"excerpt":{"rendered":"<p>Helene Birnbacher (1859-1923)<\/p>\n","protected":false},"featured_media":219444,"template":"","meta":{"site-sidebar-layout":"default","site-content-layout":"","ast-site-content-layout":"default","site-content-style":"default","site-sidebar-style":"default","ast-global-header-display":"","ast-banner-title-visibility":"","ast-main-header-display":"","ast-hfb-above-header-display":"","ast-hfb-below-header-display":"","ast-hfb-mobile-header-display":"","site-post-title":"","ast-breadcrumbs-content":"","ast-featured-img":"","footer-sml-layout":"","ast-disable-related-posts":"","theme-transparent-header-meta":"default","adv-header-id-meta":"","stick-header-meta":"","header-above-stick-meta":"","header-main-stick-meta":"","header-below-stick-meta":"","astra-migrate-meta-layouts":"set","ast-page-background-enabled":"default","ast-page-background-meta":{"desktop":{"background-color":"var(--ast-global-color-4)","background-image":"","background-repeat":"repeat","background-position":"center center","background-size":"auto","background-attachment":"scroll","background-type":"","background-media":"","overlay-type":"","overlay-color":"","overlay-opacity":"","overlay-gradient":""},"tablet":{"background-color":"","background-image":"","background-repeat":"repeat","background-position":"center center","background-size":"auto","background-attachment":"scroll","background-type":"","background-media":"","overlay-type":"","overlay-color":"","overlay-opacity":"","overlay-gradient":""},"mobile":{"background-color":"","background-image":"","background-repeat":"repeat","background-position":"center center","background-size":"auto","background-attachment":"scroll","background-type":"","background-media":"","overlay-type":"","overlay-color":"","overlay-opacity":"","overlay-gradient":""}},"ast-content-background-meta":{"desktop":{"background-color":"var(--ast-global-color-5)","background-image":"","background-repeat":"repeat","background-position":"center center","background-size":"auto","background-attachment":"scroll","background-type":"","background-media":"","overlay-type":"","overlay-color":"","overlay-opacity":"","overlay-gradient":""},"tablet":{"background-color":"var(--ast-global-color-5)","background-image":"","background-repeat":"repeat","background-position":"center center","background-size":"auto","background-attachment":"scroll","background-type":"","background-media":"","overlay-type":"","overlay-color":"","overlay-opacity":"","overlay-gradient":""},"mobile":{"background-color":"var(--ast-global-color-5)","background-image":"","background-repeat":"repeat","background-position":"center center","background-size":"auto","background-attachment":"scroll","background-type":"","background-media":"","overlay-type":"","overlay-color":"","overlay-opacity":"","overlay-gradient":""}}},"product_brand":[],"product_cat":[14327],"product_tag":[],"class_list":{"0":"post-219113","1":"product","2":"type-product","3":"status-publish","4":"has-post-thumbnail","6":"product_cat-helene-birnbacher","7":"desktop-align-center","8":"tablet-align-left","9":"mobile-align-left","11":"first","12":"instock","13":"taxable","14":"shipping-taxable","15":"product-type-simple"},"_links":{"self":[{"href":"https:\/\/collection.galerie-gerdes.com\/fi\/wp-json\/wp\/v2\/product\/219113","targetHints":{"allow":["GET"]}}],"collection":[{"href":"https:\/\/collection.galerie-gerdes.com\/fi\/wp-json\/wp\/v2\/product"}],"about":[{"href":"https:\/\/collection.galerie-gerdes.com\/fi\/wp-json\/wp\/v2\/types\/product"}],"wp:featuredmedia":[{"embeddable":true,"href":"https:\/\/collection.galerie-gerdes.com\/fi\/wp-json\/wp\/v2\/media\/219444"}],"wp:attachment":[{"href":"https:\/\/collection.galerie-gerdes.com\/fi\/wp-json\/wp\/v2\/media?parent=219113"}],"wp:term":[{"taxonomy":"product_brand","embeddable":true,"href":"https:\/\/collection.galerie-gerdes.com\/fi\/wp-json\/wp\/v2\/product_brand?post=219113"},{"taxonomy":"product_cat","embeddable":true,"href":"https:\/\/collection.galerie-gerdes.com\/fi\/wp-json\/wp\/v2\/product_cat?post=219113"},{"taxonomy":"product_tag","embeddable":true,"href":"https:\/\/collection.galerie-gerdes.com\/fi\/wp-json\/wp\/v2\/product_tag?post=219113"}],"curies":[{"name":"wp","href":"https:\/\/api.w.org\/{rel}","templated":true}]}}