{"id":309060,"date":"2023-12-16T22:46:00","date_gmt":"2023-12-16T21:46:00","guid":{"rendered":"https:\/\/collection.galerie-gerdes.com\/produkt\/kylaemusiikki-piirros-adolf-muenzer-mies-tuuban-kanssa\/"},"modified":"2023-12-16T22:46:00","modified_gmt":"2023-12-16T21:46:00","slug":"kylaemusiikki-piirros-adolf-muenzer-mies-tuuban-kanssa","status":"publish","type":"product","link":"https:\/\/collection.galerie-gerdes.com\/fi\/p\/kylaemusiikki-piirros-adolf-muenzer-mies-tuuban-kanssa\/","title":{"rendered":"&#8221;Kyl\u00e4musiikki&#8221;, piirros, Adolf M\u00fcnzer, mies tuuban kanssa"},"content":{"rendered":"<p>H\u00e4n syntyi Ple\u00dfiss\u00e4, Yl\u00e4-Sleesiassa, ja vietti lapsuutensa Breslaussa is\u00e4ns\u00e4 kuoltua varhain vuonna 1876, jossa h\u00e4n k\u00e4vi Matthias-Gymnasiumia ja aloitti harjoittelun koristemaalari Georg Heintzen luona vuonna 1886. My\u00f6hemmin h\u00e4n jatkoi opintojaan Breslaun taide- ja k\u00e4sity\u00f6koulussa, jossa h\u00e4nt\u00e4 opettivat muun muassa Heinrich Irmann, Paul Schobelt ja Albrecht Br\u00e4uer.  <\/p>\n<p>Vuonna 1894 M\u00fcnzer aloitti opinnot M\u00fcnchenin taideakatemiassa, jossa h\u00e4nt\u00e4 opettivat tunnetut taiteilijat, kuten Karl Raupp ja Otto Seitz. Sotilaspalveluksen aikana h\u00e4n liittyi Paul Hoeckerin maalausluokkaan, joka keskittyi intensiivisesti avomaalaukseen. M\u00fcnzer sai t\u00e4\u00e4ll\u00e4 vuonna 1896 jopa oman mestariateljeen.  <\/p>\n<p>Vuonna 1898 h\u00e4n oli yksi kahdesta voittajasta Ludwig Stollwerckin ensimm\u00e4isess\u00e4 kilpailussa, joka koski Stollwerckin ker\u00e4ilykuvien suunnittelua ja jonka palkintosumma oli 1000 markkaa. Vuodesta 1899 M\u00fcnzer esitteli teoksiaan M\u00fcnchenin Glaspalastissa Schollen taiteilijaryhm\u00e4n j\u00e4senen\u00e4. T\u00e4m\u00e4 johti my\u00f6s h\u00e4nen yhteisty\u00f6h\u00f6ns\u00e4 M\u00fcnchenin viikkolehden &#8221;Jugend&#8221; ja satiirisen &#8221;Simplicissimus&#8221;-lehden kanssa.  <\/p>\n<p>H\u00e4n vahvisti taiteellista kehityst\u00e4\u00e4n oleskellessaan Pariisissa vuosina 1900-1902. Vuonna 1903 h\u00e4n tapasi Marie Therese Dree\u00dfenin, o.s. von Vestenhofin, jonka kanssa h\u00e4n avioitui vuosi n\u00e4ytt\u00e4v\u00e4n skandaalin j\u00e4lkeen. Skandaali johti rouva Dree\u00dfenin ja h\u00e4nen miehens\u00e4 avioeroon.   <\/p>\n<p>Vuonna 1909 M\u00fcnzerist\u00e4 tuli D\u00fcsseldorfin taideakatemian maalausluokan johtaja, jossa h\u00e4n opetti vuoteen 1932 asti. T\u00e4n\u00e4 aikana h\u00e4n teki my\u00f6s sein\u00e4- ja kattomaalauksia D\u00fcsseldorfin l\u00e4\u00e4ninhallitukselle. Ensimm\u00e4isen maailmansodan aikana h\u00e4n toimi sotamaalarina rintamalla vuonna 1915 ja vapaaehtoisena vuonna 1917, mutta ei k\u00e4ynyt taisteluissa.  <\/p>\n<p>Vuonna 1938 M\u00fcnzerin perhe muutti Holzhausen am Ammerseen kaupunkiin. M\u00fcnzerin teoksia oli esill\u00e4 useissa tunnetuissa museoissa ja kokoelmissa, kuten M\u00fcnchenin Neue Pinakothekissa, K\u00f6lnin Wallraf-Richartz-museossa, D\u00fcsseldorfin St\u00e4dtisches Kunstmuseumissa ja Baselin Kunstvereinin kokoelmassa. <\/p>\n<p>Vuosina 1938-1944 M\u00fcnzer osallistui aktiivisesti kansallissosialistien k\u00e4ynnist\u00e4miin suuriin saksalaisiin taiden\u00e4yttelyihin M\u00fcnchenin Haus der Deutschen Kunstissa ja myi jopa yhden teoksen Adolf Hitlerille. Vuonna 1950 M\u00fcnchenin taiteilijaosuuskunnassa oli esill\u00e4 kolmekymment\u00e4 maalausta. M\u00fcnzer oli mukana valtakunnan kansanvalistus- ja propagandaministeri\u00f6n palkittujen luettelossa vuonna 1944.  <\/p>\n<p>M\u00fcnzerin kerronnallinen tyyli n\u00e4kyi h\u00e4nen grafiikassaan, erityisesti h\u00e4nen satujen kuvituksissaan Mainzin Scholz-kustantamolle. H\u00e4n oli my\u00f6s Deutscher K\u00fcnstlerbundin j\u00e4sen. <\/p>\n","protected":false},"excerpt":{"rendered":"<p>Adolf M\u00fcnzer (1870-1953)<br \/>\nIk\u00e4rajat, katso kuvat.<\/p>\n","protected":false},"featured_media":7677,"template":"","meta":{"site-sidebar-layout":"default","site-content-layout":"","ast-site-content-layout":"default","site-content-style":"default","site-sidebar-style":"default","ast-global-header-display":"","ast-banner-title-visibility":"","ast-main-header-display":"","ast-hfb-above-header-display":"","ast-hfb-below-header-display":"","ast-hfb-mobile-header-display":"","site-post-title":"","ast-breadcrumbs-content":"","ast-featured-img":"","footer-sml-layout":"","ast-disable-related-posts":"","theme-transparent-header-meta":"default","adv-header-id-meta":"","stick-header-meta":"","header-above-stick-meta":"","header-main-stick-meta":"","header-below-stick-meta":"","astra-migrate-meta-layouts":"default","ast-page-background-enabled":"default","ast-page-background-meta":{"desktop":{"background-color":"var(--ast-global-color-4)","background-image":"","background-repeat":"repeat","background-position":"center center","background-size":"auto","background-attachment":"scroll","background-type":"","background-media":"","overlay-type":"","overlay-color":"","overlay-opacity":"","overlay-gradient":""},"tablet":{"background-color":"","background-image":"","background-repeat":"repeat","background-position":"center center","background-size":"auto","background-attachment":"scroll","background-type":"","background-media":"","overlay-type":"","overlay-color":"","overlay-opacity":"","overlay-gradient":""},"mobile":{"background-color":"","background-image":"","background-repeat":"repeat","background-position":"center center","background-size":"auto","background-attachment":"scroll","background-type":"","background-media":"","overlay-type":"","overlay-color":"","overlay-opacity":"","overlay-gradient":""}},"ast-content-background-meta":{"desktop":{"background-color":"var(--ast-global-color-5)","background-image":"","background-repeat":"repeat","background-position":"center center","background-size":"auto","background-attachment":"scroll","background-type":"","background-media":"","overlay-type":"","overlay-color":"","overlay-opacity":"","overlay-gradient":""},"tablet":{"background-color":"var(--ast-global-color-5)","background-image":"","background-repeat":"repeat","background-position":"center center","background-size":"auto","background-attachment":"scroll","background-type":"","background-media":"","overlay-type":"","overlay-color":"","overlay-opacity":"","overlay-gradient":""},"mobile":{"background-color":"var(--ast-global-color-5)","background-image":"","background-repeat":"repeat","background-position":"center center","background-size":"auto","background-attachment":"scroll","background-type":"","background-media":"","overlay-type":"","overlay-color":"","overlay-opacity":"","overlay-gradient":""}}},"product_brand":[],"product_cat":[717,587],"product_tag":[14918,1477,1478,1479,1480,1481,14922,1482,14920],"class_list":{"0":"post-309060","1":"product","2":"type-product","3":"status-publish","4":"has-post-thumbnail","6":"product_cat-german-fi","7":"product_cat-painting-fi","8":"product_tag-adolf-muenzer-fi","9":"product_tag-art-fi","10":"product_tag-gemalde-fi","11":"product_tag-kunst-fi","12":"product_tag-painting-fi","13":"product_tag-peintures-fi","14":"product_tag-piirustus","15":"product_tag-pittura-fi","16":"product_tag-saksan","17":"desktop-align-center","18":"tablet-align-left","19":"mobile-align-left","21":"first","22":"instock","23":"taxable","24":"shipping-taxable","25":"product-type-simple"},"_links":{"self":[{"href":"https:\/\/collection.galerie-gerdes.com\/fi\/wp-json\/wp\/v2\/product\/309060","targetHints":{"allow":["GET"]}}],"collection":[{"href":"https:\/\/collection.galerie-gerdes.com\/fi\/wp-json\/wp\/v2\/product"}],"about":[{"href":"https:\/\/collection.galerie-gerdes.com\/fi\/wp-json\/wp\/v2\/types\/product"}],"wp:featuredmedia":[{"embeddable":true,"href":"https:\/\/collection.galerie-gerdes.com\/fi\/wp-json\/wp\/v2\/media\/7677"}],"wp:attachment":[{"href":"https:\/\/collection.galerie-gerdes.com\/fi\/wp-json\/wp\/v2\/media?parent=309060"}],"wp:term":[{"taxonomy":"product_brand","embeddable":true,"href":"https:\/\/collection.galerie-gerdes.com\/fi\/wp-json\/wp\/v2\/product_brand?post=309060"},{"taxonomy":"product_cat","embeddable":true,"href":"https:\/\/collection.galerie-gerdes.com\/fi\/wp-json\/wp\/v2\/product_cat?post=309060"},{"taxonomy":"product_tag","embeddable":true,"href":"https:\/\/collection.galerie-gerdes.com\/fi\/wp-json\/wp\/v2\/product_tag?post=309060"}],"curies":[{"name":"wp","href":"https:\/\/api.w.org\/{rel}","templated":true}]}}