{"id":309092,"date":"2023-12-16T16:23:37","date_gmt":"2023-12-16T15:23:37","guid":{"rendered":"https:\/\/collection.galerie-gerdes.com\/produkt\/tanskalainen-maisema-talo-jaerven-rannalla-achton-friisin-maalaus\/"},"modified":"2023-12-16T16:23:37","modified_gmt":"2023-12-16T15:23:37","slug":"tanskalainen-maisema-talo-jaerven-rannalla-achton-friisin-maalaus","status":"publish","type":"product","link":"https:\/\/collection.galerie-gerdes.com\/fi\/p\/tanskalainen-maisema-talo-jaerven-rannalla-achton-friisin-maalaus\/","title":{"rendered":"Tanskalainen maisema, talo j\u00e4rven rannalla, Achton Friisin maalaus"},"content":{"rendered":"<p>Achton Johannes Friis (1871-1939) oli tunnettu taidemaalari ja kuvittaja. H\u00e4n syntyi 5. syyskuuta 1871 Trustrupissa, Lyngby Sognissa, Randersin l\u00e4\u00e4niss\u00e4, ja kuoli 17. joulukuuta 1939 K\u00f6\u00f6penhaminassa. H\u00e4nen \u00e4itins\u00e4 Maren F. Friis oli maanviljelij\u00e4n tyt\u00e4r ja avioitui viulisti Martha Elsterin kanssa K\u00f6\u00f6penhaminassa 15. joulukuuta 1909. Martha syntyi samassa kaupungissa 17. syyskuuta 1879 ja kuoli Frederiksbergiss\u00e4 28. helmikuuta 1966. H\u00e4n oli varakkaiden kapteeni Chr. Gregers E. ja Lovise Augusta Petersenin tyt\u00e4r.    <\/p>\n<p>Achton Friis oli monipuolinen mies, joka yhdisti maanviljelij\u00e4n ominaisuudet aristokraattiseen k\u00e4yt\u00f6kseen. T\u00e4m\u00e4 ainutlaatuinen yhdistelm\u00e4 mahdollisti sen, ett\u00e4 h\u00e4n saattoi el\u00e4\u00e4 sek\u00e4 omistautunutta ett\u00e4 poikkeuksellisen merkityksellist\u00e4 el\u00e4m\u00e4\u00e4, vaikka h\u00e4n ei ollutkaan erityisen lahjakas mill\u00e4\u00e4n alalla. Mylius-Erichsenin kanssa tehdyn tanskalaisen tutkimusmatkan aikana h\u00e4n l\u00f6ysi lahjakkuutensa kirjailijana ja kuvataiteilijana, sill\u00e4 Gr\u00f6nlannin koillisrannikon maisemat koskettivat h\u00e4nt\u00e4 syv\u00e4sti. H\u00e4n loi sarjan eloisia ja vaikuttavia maisemamaalauksia sek\u00e4 sy\u00f6vytti ja maalasi muotokuvia muun muassa yst\u00e4v\u00e4st\u00e4\u00e4n J\u00f8rgen Br\u00f8nlundista. N\u00e4m\u00e4 teokset on julkaistu Mylius-Erichsenin Gr\u00f6nlantia k\u00e4sitteleviss\u00e4 kirjoissa.    <\/p>\n<p>Taiteellisen panoksensa lis\u00e4ksi Friis kirjoitti ja kuvitteli matkakertomuksia, kuten kirjassaan &#8221;Arctic Hunter&#8221;. H\u00e4nen todellinen lahjansa oli kuitenkin vangita Tanskan monipuolinen kauneus taiteilijan silmin. H\u00e4nen teoksensa &#8221;Tanskalaisten saaret&#8221;, &#8221;The Islands of the Danish  <\/p>\n","protected":false},"excerpt":{"rendered":"<p>Achton Johannes Friis (1871-1939)<br \/>\nYksitt\u00e4isi\u00e4 v\u00e4rivirheit\u00e4, naarmuja ja kolhuja.<\/p>\n","protected":false},"featured_media":7650,"template":"","meta":{"site-sidebar-layout":"default","site-content-layout":"","ast-site-content-layout":"default","site-content-style":"default","site-sidebar-style":"default","ast-global-header-display":"","ast-banner-title-visibility":"","ast-main-header-display":"","ast-hfb-above-header-display":"","ast-hfb-below-header-display":"","ast-hfb-mobile-header-display":"","site-post-title":"","ast-breadcrumbs-content":"","ast-featured-img":"","footer-sml-layout":"","ast-disable-related-posts":"","theme-transparent-header-meta":"default","adv-header-id-meta":"","stick-header-meta":"","header-above-stick-meta":"","header-main-stick-meta":"","header-below-stick-meta":"","astra-migrate-meta-layouts":"default","ast-page-background-enabled":"default","ast-page-background-meta":{"desktop":{"background-color":"var(--ast-global-color-4)","background-image":"","background-repeat":"repeat","background-position":"center center","background-size":"auto","background-attachment":"scroll","background-type":"","background-media":"","overlay-type":"","overlay-color":"","overlay-opacity":"","overlay-gradient":""},"tablet":{"background-color":"","background-image":"","background-repeat":"repeat","background-position":"center center","background-size":"auto","background-attachment":"scroll","background-type":"","background-media":"","overlay-type":"","overlay-color":"","overlay-opacity":"","overlay-gradient":""},"mobile":{"background-color":"","background-image":"","background-repeat":"repeat","background-position":"center center","background-size":"auto","background-attachment":"scroll","background-type":"","background-media":"","overlay-type":"","overlay-color":"","overlay-opacity":"","overlay-gradient":""}},"ast-content-background-meta":{"desktop":{"background-color":"var(--ast-global-color-5)","background-image":"","background-repeat":"repeat","background-position":"center center","background-size":"auto","background-attachment":"scroll","background-type":"","background-media":"","overlay-type":"","overlay-color":"","overlay-opacity":"","overlay-gradient":""},"tablet":{"background-color":"var(--ast-global-color-5)","background-image":"","background-repeat":"repeat","background-position":"center center","background-size":"auto","background-attachment":"scroll","background-type":"","background-media":"","overlay-type":"","overlay-color":"","overlay-opacity":"","overlay-gradient":""},"mobile":{"background-color":"var(--ast-global-color-5)","background-image":"","background-repeat":"repeat","background-position":"center center","background-size":"auto","background-attachment":"scroll","background-type":"","background-media":"","overlay-type":"","overlay-color":"","overlay-opacity":"","overlay-gradient":""}}},"product_brand":[],"product_cat":[2713,585,587],"product_tag":[1477,1478,15008,1479,15005,15007,1480,1481,1482,15006],"class_list":{"0":"post-309092","1":"product","2":"type-product","3":"status-publish","4":"has-post-thumbnail","6":"product_cat-danish-fi","7":"product_cat-landschaft-fi","8":"product_cat-painting-fi","9":"product_tag-art-fi","10":"product_tag-gemalde-fi","11":"product_tag-kangas","12":"product_tag-kunst-fi","13":"product_tag-maisema","14":"product_tag-oeljymaalaus","15":"product_tag-painting-fi","16":"product_tag-peintures-fi","17":"product_tag-pittura-fi","18":"product_tag-tanskalainen","19":"desktop-align-center","20":"tablet-align-left","21":"mobile-align-left","23":"first","24":"instock","25":"taxable","26":"shipping-taxable","27":"product-type-simple"},"_links":{"self":[{"href":"https:\/\/collection.galerie-gerdes.com\/fi\/wp-json\/wp\/v2\/product\/309092","targetHints":{"allow":["GET"]}}],"collection":[{"href":"https:\/\/collection.galerie-gerdes.com\/fi\/wp-json\/wp\/v2\/product"}],"about":[{"href":"https:\/\/collection.galerie-gerdes.com\/fi\/wp-json\/wp\/v2\/types\/product"}],"wp:featuredmedia":[{"embeddable":true,"href":"https:\/\/collection.galerie-gerdes.com\/fi\/wp-json\/wp\/v2\/media\/7650"}],"wp:attachment":[{"href":"https:\/\/collection.galerie-gerdes.com\/fi\/wp-json\/wp\/v2\/media?parent=309092"}],"wp:term":[{"taxonomy":"product_brand","embeddable":true,"href":"https:\/\/collection.galerie-gerdes.com\/fi\/wp-json\/wp\/v2\/product_brand?post=309092"},{"taxonomy":"product_cat","embeddable":true,"href":"https:\/\/collection.galerie-gerdes.com\/fi\/wp-json\/wp\/v2\/product_cat?post=309092"},{"taxonomy":"product_tag","embeddable":true,"href":"https:\/\/collection.galerie-gerdes.com\/fi\/wp-json\/wp\/v2\/product_tag?post=309092"}],"curies":[{"name":"wp","href":"https:\/\/api.w.org\/{rel}","templated":true}]}}