{"id":309100,"date":"2023-12-16T16:14:59","date_gmt":"2023-12-16T15:14:59","guid":{"rendered":"https:\/\/collection.galerie-gerdes.com\/produkt\/talvimaisema-willy-linkin-maalaus\/"},"modified":"2023-12-16T16:14:59","modified_gmt":"2023-12-16T15:14:59","slug":"talvimaisema-willy-linkin-maalaus","status":"publish","type":"product","link":"https:\/\/collection.galerie-gerdes.com\/fi\/p\/talvimaisema-willy-linkin-maalaus\/","title":{"rendered":"Talvimaisema, Willy Linkin maalaus"},"content":{"rendered":"<p>Wilhelm (Willy) Link, syntynyt 13. lokakuuta 1877 Karlsruhessa ja kuollut 14. toukokuuta 1959 Pforzheimissa, oli monipuolinen saksalainen taiteilija, joka ty\u00f6skenteli maalauksen, grafiikan ja kuvanveiston aloilla.  <\/p>\n<p>H\u00e4n sai taiteellista koulutusta vuosina 1897-1903 Karlsruhen taidekoulussa (Kunstgewerbeschule Karlsruhe) ja Karlsruhen taideakatemiassa (Kunstakademie Karlsruhe), jossa h\u00e4n oppi Victor Weishauptin ja Wilhelm Tr\u00fcbnerin johdolla.<\/p>\n<p>Vuosina 1913-1938 h\u00e4n ty\u00f6skenteli Pforzheimin kultasep\u00e4nkoulussa piirustuksen ja mallintamisen opettajana. H\u00e4net tunnettiin intohimostaan hevosten mallintamiseen, ja h\u00e4n sai lempinimen &#8221;Pferdles-Link&#8221;. <\/p>\n<p>Vuonna 1926 Wilhelm Link osallistui Stuttgartin Secessionin n\u00e4yttelyyn maalauksellaan &#8221;Zehn Majoliken&#8221;. H\u00e4nell\u00e4 oli uransa aikana my\u00f6s yksityisn\u00e4yttelyit\u00e4 Pforzheimissa vuosina 1957 ja 1982. <\/p>\n","protected":false},"excerpt":{"rendered":"<p>Wilhelm (Willy) Link (1877-1959)<br \/>\nPit\u00e4isi puhdistaa.<\/p>\n","protected":false},"featured_media":7623,"template":"","meta":{"site-sidebar-layout":"default","site-content-layout":"","ast-site-content-layout":"default","site-content-style":"default","site-sidebar-style":"default","ast-global-header-display":"","ast-banner-title-visibility":"","ast-main-header-display":"","ast-hfb-above-header-display":"","ast-hfb-below-header-display":"","ast-hfb-mobile-header-display":"","site-post-title":"","ast-breadcrumbs-content":"","ast-featured-img":"","footer-sml-layout":"","ast-disable-related-posts":"","theme-transparent-header-meta":"default","adv-header-id-meta":"","stick-header-meta":"","header-above-stick-meta":"","header-main-stick-meta":"","header-below-stick-meta":"","astra-migrate-meta-layouts":"default","ast-page-background-enabled":"default","ast-page-background-meta":{"desktop":{"background-color":"var(--ast-global-color-4)","background-image":"","background-repeat":"repeat","background-position":"center center","background-size":"auto","background-attachment":"scroll","background-type":"","background-media":"","overlay-type":"","overlay-color":"","overlay-opacity":"","overlay-gradient":""},"tablet":{"background-color":"","background-image":"","background-repeat":"repeat","background-position":"center center","background-size":"auto","background-attachment":"scroll","background-type":"","background-media":"","overlay-type":"","overlay-color":"","overlay-opacity":"","overlay-gradient":""},"mobile":{"background-color":"","background-image":"","background-repeat":"repeat","background-position":"center center","background-size":"auto","background-attachment":"scroll","background-type":"","background-media":"","overlay-type":"","overlay-color":"","overlay-opacity":"","overlay-gradient":""}},"ast-content-background-meta":{"desktop":{"background-color":"var(--ast-global-color-5)","background-image":"","background-repeat":"repeat","background-position":"center center","background-size":"auto","background-attachment":"scroll","background-type":"","background-media":"","overlay-type":"","overlay-color":"","overlay-opacity":"","overlay-gradient":""},"tablet":{"background-color":"var(--ast-global-color-5)","background-image":"","background-repeat":"repeat","background-position":"center center","background-size":"auto","background-attachment":"scroll","background-type":"","background-media":"","overlay-type":"","overlay-color":"","overlay-opacity":"","overlay-gradient":""},"mobile":{"background-color":"var(--ast-global-color-5)","background-image":"","background-repeat":"repeat","background-position":"center center","background-size":"auto","background-attachment":"scroll","background-type":"","background-media":"","overlay-type":"","overlay-color":"","overlay-opacity":"","overlay-gradient":""}}},"product_brand":[],"product_cat":[717,585,587],"product_tag":[1477,1478,15040,1479,15036,15038,1480,1481,1482,15033,15032],"class_list":{"0":"post-309100","1":"product","2":"type-product","3":"status-publish","4":"has-post-thumbnail","6":"product_cat-german-fi","7":"product_cat-landschaft-fi","8":"product_cat-painting-fi","9":"product_tag-art-fi","10":"product_tag-gemalde-fi","11":"product_tag-kangas-fi","12":"product_tag-kunst-fi","13":"product_tag-maisema-fi","14":"product_tag-oeljyvaerimaalaus","15":"product_tag-painting-fi","16":"product_tag-peintures-fi","17":"product_tag-pittura-fi","18":"product_tag-talvi","19":"product_tag-wilhelm-link-fi","20":"desktop-align-center","21":"tablet-align-left","22":"mobile-align-left","24":"first","25":"instock","26":"taxable","27":"shipping-taxable","28":"product-type-simple"},"_links":{"self":[{"href":"https:\/\/collection.galerie-gerdes.com\/fi\/wp-json\/wp\/v2\/product\/309100","targetHints":{"allow":["GET"]}}],"collection":[{"href":"https:\/\/collection.galerie-gerdes.com\/fi\/wp-json\/wp\/v2\/product"}],"about":[{"href":"https:\/\/collection.galerie-gerdes.com\/fi\/wp-json\/wp\/v2\/types\/product"}],"wp:featuredmedia":[{"embeddable":true,"href":"https:\/\/collection.galerie-gerdes.com\/fi\/wp-json\/wp\/v2\/media\/7623"}],"wp:attachment":[{"href":"https:\/\/collection.galerie-gerdes.com\/fi\/wp-json\/wp\/v2\/media?parent=309100"}],"wp:term":[{"taxonomy":"product_brand","embeddable":true,"href":"https:\/\/collection.galerie-gerdes.com\/fi\/wp-json\/wp\/v2\/product_brand?post=309100"},{"taxonomy":"product_cat","embeddable":true,"href":"https:\/\/collection.galerie-gerdes.com\/fi\/wp-json\/wp\/v2\/product_cat?post=309100"},{"taxonomy":"product_tag","embeddable":true,"href":"https:\/\/collection.galerie-gerdes.com\/fi\/wp-json\/wp\/v2\/product_tag?post=309100"}],"curies":[{"name":"wp","href":"https:\/\/api.w.org\/{rel}","templated":true}]}}