{"id":313318,"date":"2025-04-21T13:31:02","date_gmt":"2025-04-21T11:31:02","guid":{"rendered":"https:\/\/collection.galerie-gerdes.com\/?post_type=product&#038;p=313318"},"modified":"2025-04-21T13:45:46","modified_gmt":"2025-04-21T11:45:46","slug":"romeo-und-julia-shakespear-1907-federzeichnung-von-carl-schwalbach-karikatur-illustration","status":"publish","type":"product","link":"https:\/\/collection.galerie-gerdes.com\/fi\/p\/romeo-und-julia-shakespear-1907-federzeichnung-von-carl-schwalbach-karikatur-illustration\/","title":{"rendered":"Romeo und Julia &#8211; Shakespear, 1907 | Federzeichnung von Carl Schwalbach | Karikatur, Illustration"},"content":{"rendered":"<p class=\"\" data-start=\"0\" data-end=\"335\"><strong data-start=\"0\" data-end=\"31\">Carl Schwalbach (1885\u20131983)<\/strong> war ein deutscher Maler und Grafiker, der in der ersten H\u00e4lfte des 20. Jahrhunderts zur modernen Kunstszene z\u00e4hlte. Geboren als Sohn eines Handwerksmeisters, zeigte sich fr\u00fch seine k\u00fcnstlerische Begabung. Bereits im Alter von f\u00fcnfzehn Jahren begann er eine Ausbildung an der Kunstgewerbeschule in Mainz.<\/p>\n<p class=\"\" data-start=\"337\" data-end=\"624\">1902 zog Schwalbach nach M\u00fcnchen, wo er zun\u00e4chst an der privaten Kunstschule in der Luisenstra\u00dfe studierte. Von 1904 bis 1908 war er an der Akademie der Bildenden K\u00fcnste eingeschrieben, unter anderem bei Gabriel von Hackl und Carl Marr, bei denen er als Meistersch\u00fcler ausgebildet wurde.<\/p>\n<p class=\"\" data-start=\"626\" data-end=\"907\">Zwischen 1911 und 1913 war Schwalbach Mitglied der K\u00fcnstlervereinigung <strong data-start=\"697\" data-end=\"705\">SEMA<\/strong>, einer Gruppe moderner K\u00fcnstler, der unter anderem auch Paul Klee, Egon Schiele, Alfred Kubin, Edwin Scharff, Carl Kaspar und der mysteri\u00f6se \u201eMOPP\u201c angeh\u00f6rten. Diese Zeit pr\u00e4gte seinen Stil nachhaltig.<\/p>\n<p class=\"\" data-start=\"909\" data-end=\"1162\">Schwalbach war \u00fcber Jahrzehnte in der M\u00fcnchner Kunstszene aktiv. 1928 stellte er in der renommierten <strong data-start=\"1010\" data-end=\"1042\">Modernen Galerie Thannhauser<\/strong> aus. Er war regelm\u00e4\u00dfig mit Arbeiten in der M\u00fcnchener <strong data-start=\"1096\" data-end=\"1109\">Sezession<\/strong> vertreten, darunter bis 1966 auch im Haus der Kunst.<\/p>\n<p class=\"\" data-start=\"1164\" data-end=\"1325\">Carl Schwalbach starb 1983 nach einem langen K\u00fcnstlerleben, in dem er die deutsche Kunstlandschaft mit seinem sensiblen, stilistisch vielseitigen Werk mitpr\u00e4gte.<\/p>\n","protected":false},"excerpt":{"rendered":"<p>Carl Schwalbach (1885-1983)<br \/>\nStellenweise Knicke und Risse<\/p>\n","protected":false},"featured_media":314670,"template":"","meta":{"site-sidebar-layout":"default","site-content-layout":"","ast-site-content-layout":"default","site-content-style":"default","site-sidebar-style":"default","ast-global-header-display":"","ast-banner-title-visibility":"","ast-main-header-display":"","ast-hfb-above-header-display":"","ast-hfb-below-header-display":"","ast-hfb-mobile-header-display":"","site-post-title":"","ast-breadcrumbs-content":"","ast-featured-img":"","footer-sml-layout":"","ast-disable-related-posts":"","theme-transparent-header-meta":"default","adv-header-id-meta":"","stick-header-meta":"","header-above-stick-meta":"","header-main-stick-meta":"","header-below-stick-meta":"","astra-migrate-meta-layouts":"set","ast-page-background-enabled":"default","ast-page-background-meta":{"desktop":{"background-color":"var(--ast-global-color-4)","background-image":"","background-repeat":"repeat","background-position":"center center","background-size":"auto","background-attachment":"scroll","background-type":"","background-media":"","overlay-type":"","overlay-color":"","overlay-opacity":"","overlay-gradient":""},"tablet":{"background-color":"","background-image":"","background-repeat":"repeat","background-position":"center center","background-size":"auto","background-attachment":"scroll","background-type":"","background-media":"","overlay-type":"","overlay-color":"","overlay-opacity":"","overlay-gradient":""},"mobile":{"background-color":"","background-image":"","background-repeat":"repeat","background-position":"center center","background-size":"auto","background-attachment":"scroll","background-type":"","background-media":"","overlay-type":"","overlay-color":"","overlay-opacity":"","overlay-gradient":""}},"ast-content-background-meta":{"desktop":{"background-color":"var(--ast-global-color-5)","background-image":"","background-repeat":"repeat","background-position":"center center","background-size":"auto","background-attachment":"scroll","background-type":"","background-media":"","overlay-type":"","overlay-color":"","overlay-opacity":"","overlay-gradient":""},"tablet":{"background-color":"var(--ast-global-color-5)","background-image":"","background-repeat":"repeat","background-position":"center center","background-size":"auto","background-attachment":"scroll","background-type":"","background-media":"","overlay-type":"","overlay-color":"","overlay-opacity":"","overlay-gradient":""},"mobile":{"background-color":"var(--ast-global-color-5)","background-image":"","background-repeat":"repeat","background-position":"center center","background-size":"auto","background-attachment":"scroll","background-type":"","background-media":"","overlay-type":"","overlay-color":"","overlay-opacity":"","overlay-gradient":""}}},"product_brand":[],"product_cat":[15247,424],"product_tag":[],"class_list":{"0":"post-313318","1":"product","2":"type-product","3":"status-publish","4":"has-post-thumbnail","6":"product_cat-carl-schwalbach","7":"product_cat-karikaturen","8":"desktop-align-center","9":"tablet-align-left","10":"mobile-align-left","12":"first","13":"instock","14":"taxable","15":"shipping-taxable","16":"product-type-simple"},"_links":{"self":[{"href":"https:\/\/collection.galerie-gerdes.com\/fi\/wp-json\/wp\/v2\/product\/313318","targetHints":{"allow":["GET"]}}],"collection":[{"href":"https:\/\/collection.galerie-gerdes.com\/fi\/wp-json\/wp\/v2\/product"}],"about":[{"href":"https:\/\/collection.galerie-gerdes.com\/fi\/wp-json\/wp\/v2\/types\/product"}],"wp:featuredmedia":[{"embeddable":true,"href":"https:\/\/collection.galerie-gerdes.com\/fi\/wp-json\/wp\/v2\/media\/314670"}],"wp:attachment":[{"href":"https:\/\/collection.galerie-gerdes.com\/fi\/wp-json\/wp\/v2\/media?parent=313318"}],"wp:term":[{"taxonomy":"product_brand","embeddable":true,"href":"https:\/\/collection.galerie-gerdes.com\/fi\/wp-json\/wp\/v2\/product_brand?post=313318"},{"taxonomy":"product_cat","embeddable":true,"href":"https:\/\/collection.galerie-gerdes.com\/fi\/wp-json\/wp\/v2\/product_cat?post=313318"},{"taxonomy":"product_tag","embeddable":true,"href":"https:\/\/collection.galerie-gerdes.com\/fi\/wp-json\/wp\/v2\/product_tag?post=313318"}],"curies":[{"name":"wp","href":"https:\/\/api.w.org\/{rel}","templated":true}]}}