{"id":491,"date":"2023-12-26T22:11:07","date_gmt":"2023-12-26T21:11:07","guid":{"rendered":"https:\/\/collection.galerie-gerdes.com\/?post_type=product&#038;p=491"},"modified":"2024-04-24T14:03:56","modified_gmt":"2024-04-24T12:03:56","slug":"rudolf-boettger","status":"publish","type":"product","link":"https:\/\/collection.galerie-gerdes.com\/fi\/p\/rudolf-boettger\/","title":{"rendered":"Portr\u00e4t eines Herren, Rudolf B\u00f6ttger, 1946, Gem\u00e4lde"},"content":{"rendered":"<p>Rudolf B\u00f6ttger wurde am 4. Juli 1887 in Tachau geboren und verstarb am 28. Januar 1973 in Regensburg. Er war ein \u00f6sterreichischer Maler, dessen Werke sowohl f\u00fcr ihre k\u00fcnstlerische Qualit\u00e4t als auch f\u00fcr ihre Verstrickung in die politischen Ereignisse seiner Zeit bekannt sind.<\/p>\n<p>Ausbildung und erste Erfolge:<\/p>\n<p>B\u00f6ttger begann seine k\u00fcnstlerische Ausbildung von 1905 bis 1910 an der Akademie der bildenden K\u00fcnste in Wien unter der Anleitung von Franz Rumpler und Alfred Cossmann. Nach einem kurzen Aufenthalt an der Akademie der Bildenden K\u00fcnste in M\u00fcnchen im Jahr 1910 lie\u00df er sich 1911 als freischaffender K\u00fcnstler in Wien nieder.<\/p>\n<p>W\u00e4hrend des Ersten Weltkriegs diente er als Offizier in Russland und erlitt mehrere Verwundungen. Nach dem Krieg wurde er Mitglied der Wiener K\u00fcnstlergenossenschaft und beteiligte sich ab 1919 an Kollektivausstellungen im K\u00fcnstlerhaus.<\/p>\n<p>Zeit des Dritten Reichs:<\/p>\n<p>Bereits vor 1938 war B\u00f6ttger als illegales Mitglied der NSDAP aktiv, was er auf seine sudetendeutsche Herkunft zur\u00fcckf\u00fchrte. Nach dem Anschluss \u00d6sterreichs \u00fcbernahm er f\u00fchrende Positionen in der Kunst- und Kulturpolitik des Regimes. Er wurde f\u00fcr die Malerei im Gaukulturrat Wiens zust\u00e4ndig und nahm repr\u00e4sentative Aufgaben wahr, darunter die Teilnahme an Empf\u00e4ngen des Gauleiters Baldur von Schirach. Seine Mitgliedschaft erm\u00f6glichte ihm eine umfangreiche Teilnahme an den Gro\u00dfen Deutschen Kunstausstellungen in M\u00fcnchen.<\/p>\n<p>B\u00f6ttger pflegte enge Beziehungen zu anderen Pers\u00f6nlichkeiten des damaligen Kulturlebens, darunter Franz Karl Ginzkey, Josef Weinheber und Wilhelm Fra\u00df. Trotz der Niederlage im Krieg und der Zerst\u00f6rung seines Ateliers und seiner Wohnung in Wien durch die K\u00e4mpfe gegen die Rote Armee im Jahr 1945, blieb B\u00f6ttger seinen NSDAP-Aktivit\u00e4ten treu und distanzierte sich auch nach 1945 nicht von seinem fr\u00fcheren Engagement.<\/p>\n<p>Nach 1945:<\/p>\n<p>Nach dem Zweiten Weltkrieg wurde B\u00f6ttger aufgrund seiner Verwundungen zun\u00e4chst in ein Lazarett bei Deggendorf und sp\u00e4ter in ein Milit\u00e4rkrankenhaus nach Metten gebracht. Ab 1948 durfte er offiziell wieder nach \u00d6sterreich reisen und besuchte dort regelm\u00e4\u00dfig Freunde und Bekannte, die er auch portr\u00e4tierte.<\/p>\n<p>In den 1950er Jahren hielt sich B\u00f6ttger l\u00e4ngere Zeit bei seiner F\u00f6rderin Ulla Ekman in Schweden auf. Ab 1950 erhielt er vermehrt Auftr\u00e4ge f\u00fcr Kunst am Bau in Deutschland, die ihm durch befreundete Architekten vermittelt wurden.<\/p>\n<p>Im Jahr 1952 zog B\u00f6ttger nach Regensburg, wo er bis zu seinem Tod lebte. Er zog sich aus dem \u00f6ffentlichen Kulturleben zur\u00fcck, da er sich in seinen k\u00fcnstlerischen Vorstellungen nicht mehr vertreten sah.<\/p>\n<p>Sp\u00e4tere Kontroversen:<\/p>\n<p>In den 1960er Jahren erhielt B\u00f6ttger trotz Berufsverbots den Auftrag zur Gestaltung der Evangelischen Pauluskirche in Wien. Seine dortigen Fenster, die Jesus als arischen J\u00fcngling darstellen und antisemitische Darstellungen enthalten, wurden sp\u00e4ter verh\u00fcllt und schlie\u00dflich ausgetauscht.<\/p>\n<p>Mitgliedschaften und Ausstellungen:<\/p>\n<p>B\u00f6ttger war Mitglied der Wiener K\u00fcnstlergenossenschaft, der Reichskammer der bildenden K\u00fcnste und sp\u00e4ter des Berufsverbands Bildender K\u00fcnstler in Regensburg sowie der M\u00fcnchner Alten K\u00fcnstlergenossenschaft. Er nahm an zahlreichen Gruppen- und Einzelausstellungen teil, darunter die Biennale di Venezia 1925 und die Gro\u00dfen Deutschen Kunstausstellungen in M\u00fcnchen w\u00e4hrend des Dritten Reichs.<\/p>\n","protected":false},"excerpt":{"rendered":"<p>Einige Altersspuren, Farbabplatzer<\/p>\n","protected":false},"featured_media":492,"template":"","meta":{"site-sidebar-layout":"default","site-content-layout":"","ast-site-content-layout":"default","site-content-style":"default","site-sidebar-style":"default","ast-global-header-display":"","ast-banner-title-visibility":"","ast-main-header-display":"","ast-hfb-above-header-display":"","ast-hfb-below-header-display":"","ast-hfb-mobile-header-display":"","site-post-title":"","ast-breadcrumbs-content":"","ast-featured-img":"","footer-sml-layout":"","ast-disable-related-posts":"","theme-transparent-header-meta":"default","adv-header-id-meta":"","stick-header-meta":"","header-above-stick-meta":"","header-main-stick-meta":"","header-below-stick-meta":"","astra-migrate-meta-layouts":"set","ast-page-background-enabled":"default","ast-page-background-meta":{"desktop":{"background-color":"var(--ast-global-color-4)","background-image":"","background-repeat":"repeat","background-position":"center center","background-size":"auto","background-attachment":"scroll","background-type":"","background-media":"","overlay-type":"","overlay-color":"","overlay-opacity":"","overlay-gradient":""},"tablet":{"background-color":"","background-image":"","background-repeat":"repeat","background-position":"center center","background-size":"auto","background-attachment":"scroll","background-type":"","background-media":"","overlay-type":"","overlay-color":"","overlay-opacity":"","overlay-gradient":""},"mobile":{"background-color":"","background-image":"","background-repeat":"repeat","background-position":"center center","background-size":"auto","background-attachment":"scroll","background-type":"","background-media":"","overlay-type":"","overlay-color":"","overlay-opacity":"","overlay-gradient":""}},"ast-content-background-meta":{"desktop":{"background-color":"var(--ast-global-color-5)","background-image":"","background-repeat":"repeat","background-position":"center center","background-size":"auto","background-attachment":"scroll","background-type":"","background-media":"","overlay-type":"","overlay-color":"","overlay-opacity":"","overlay-gradient":""},"tablet":{"background-color":"var(--ast-global-color-5)","background-image":"","background-repeat":"repeat","background-position":"center center","background-size":"auto","background-attachment":"scroll","background-type":"","background-media":"","overlay-type":"","overlay-color":"","overlay-opacity":"","overlay-gradient":""},"mobile":{"background-color":"var(--ast-global-color-5)","background-image":"","background-repeat":"repeat","background-position":"center center","background-size":"auto","background-attachment":"scroll","background-type":"","background-media":"","overlay-type":"","overlay-color":"","overlay-opacity":"","overlay-gradient":""}}},"product_brand":[],"product_cat":[15,52,179,166],"product_tag":[364,362,363,74,361,365],"class_list":{"0":"post-491","1":"product","2":"type-product","3":"status-publish","4":"has-post-thumbnail","6":"product_cat-oesterreichisch","7":"product_cat-20th-century","8":"product_cat-gemaelde","9":"product_cat-rudolf-boettger","10":"product_tag-art","11":"product_tag-gemalde","12":"product_tag-kunst","13":"product_tag-painting","14":"product_tag-peintures","15":"product_tag-pittura","16":"desktop-align-center","17":"tablet-align-left","18":"mobile-align-left","20":"first","21":"instock","22":"taxable","23":"shipping-taxable","24":"product-type-simple"},"_links":{"self":[{"href":"https:\/\/collection.galerie-gerdes.com\/fi\/wp-json\/wp\/v2\/product\/491","targetHints":{"allow":["GET"]}}],"collection":[{"href":"https:\/\/collection.galerie-gerdes.com\/fi\/wp-json\/wp\/v2\/product"}],"about":[{"href":"https:\/\/collection.galerie-gerdes.com\/fi\/wp-json\/wp\/v2\/types\/product"}],"wp:featuredmedia":[{"embeddable":true,"href":"https:\/\/collection.galerie-gerdes.com\/fi\/wp-json\/wp\/v2\/media\/492"}],"wp:attachment":[{"href":"https:\/\/collection.galerie-gerdes.com\/fi\/wp-json\/wp\/v2\/media?parent=491"}],"wp:term":[{"taxonomy":"product_brand","embeddable":true,"href":"https:\/\/collection.galerie-gerdes.com\/fi\/wp-json\/wp\/v2\/product_brand?post=491"},{"taxonomy":"product_cat","embeddable":true,"href":"https:\/\/collection.galerie-gerdes.com\/fi\/wp-json\/wp\/v2\/product_cat?post=491"},{"taxonomy":"product_tag","embeddable":true,"href":"https:\/\/collection.galerie-gerdes.com\/fi\/wp-json\/wp\/v2\/product_tag?post=491"}],"curies":[{"name":"wp","href":"https:\/\/api.w.org\/{rel}","templated":true}]}}