{"id":4983,"date":"2024-04-05T13:46:01","date_gmt":"2024-04-05T11:46:01","guid":{"rendered":"https:\/\/collection.galerie-gerdes.com\/?post_type=product&#038;p=4983"},"modified":"2024-04-24T14:01:08","modified_gmt":"2024-04-24T12:01:08","slug":"rom-1934-aquarell-von-fred-fay-1901-1987","status":"publish","type":"product","link":"https:\/\/collection.galerie-gerdes.com\/fi\/p\/rom-1934-aquarell-von-fred-fay-1901-1987\/","title":{"rendered":"Petersplatz in Rom 1934, Aquarell von Fred Fay"},"content":{"rendered":"<p>Fred Fay wird am 7. Juli 1901 in Basel geboren. Schon in jungen Jahren wird er von seinem Vater, einem Gem\u00e4lde-Restaurator, gepr\u00e4gt, der ihm grundlegende Kenntnisse \u00fcber Maltechniken und Materialien vermittelt. Sein Interesse f\u00fcr die Kunst vertieft er durch ein Studium in Genf, wohin seine Familie zwischenzeitlich umgezogen ist. Im Jahr 1922 setzt er sein Studium an der Kunstakademie in Florenz fort, gefolgt von Aufenthalten in Berlin und Stuttgart im Jahr 1923.<\/p>\n<p>Ab 1926 beginnt Fay seine k\u00fcnstlerische T\u00e4tigkeit im Wallis, das er regelm\u00e4\u00dfig besucht und das schlie\u00dflich zum Zentrum seines Schaffens wird. Im Jahr 1949 gr\u00fcndet er die Walliser Schule f\u00fcr Gestaltung in Saxon. Seine Neugierde und sein Drang zu k\u00fcnstlerischer Exploration f\u00fchren ihn unerm\u00fcdlich durch Griechenland, Spanien und zahlreiche St\u00e4dte entlang des Mittelmeers.<\/p>\n<p>Fred Fay verstarb am 1. Juni 1987 in Sitten, einem Ort, der eng mit seinem k\u00fcnstlerischen Wirken verbunden war.<\/p>\n","protected":false},"excerpt":{"rendered":"<p>Fred Fay (1901-1987)<\/p>\n","protected":false},"featured_media":4985,"template":"","meta":{"site-sidebar-layout":"default","site-content-layout":"","ast-site-content-layout":"default","site-content-style":"default","site-sidebar-style":"default","ast-global-header-display":"","ast-banner-title-visibility":"","ast-main-header-display":"","ast-hfb-above-header-display":"","ast-hfb-below-header-display":"","ast-hfb-mobile-header-display":"","site-post-title":"","ast-breadcrumbs-content":"","ast-featured-img":"","footer-sml-layout":"","ast-disable-related-posts":"","theme-transparent-header-meta":"default","adv-header-id-meta":"","stick-header-meta":"","header-above-stick-meta":"","header-main-stick-meta":"","header-below-stick-meta":"","astra-migrate-meta-layouts":"set","ast-page-background-enabled":"default","ast-page-background-meta":{"desktop":{"background-color":"var(--ast-global-color-4)","background-image":"","background-repeat":"repeat","background-position":"center center","background-size":"auto","background-attachment":"scroll","background-type":"","background-media":"","overlay-type":"","overlay-color":"","overlay-opacity":"","overlay-gradient":""},"tablet":{"background-color":"","background-image":"","background-repeat":"repeat","background-position":"center center","background-size":"auto","background-attachment":"scroll","background-type":"","background-media":"","overlay-type":"","overlay-color":"","overlay-opacity":"","overlay-gradient":""},"mobile":{"background-color":"","background-image":"","background-repeat":"repeat","background-position":"center center","background-size":"auto","background-attachment":"scroll","background-type":"","background-media":"","overlay-type":"","overlay-color":"","overlay-opacity":"","overlay-gradient":""}},"ast-content-background-meta":{"desktop":{"background-color":"var(--ast-global-color-5)","background-image":"","background-repeat":"repeat","background-position":"center center","background-size":"auto","background-attachment":"scroll","background-type":"","background-media":"","overlay-type":"","overlay-color":"","overlay-opacity":"","overlay-gradient":""},"tablet":{"background-color":"var(--ast-global-color-5)","background-image":"","background-repeat":"repeat","background-position":"center center","background-size":"auto","background-attachment":"scroll","background-type":"","background-media":"","overlay-type":"","overlay-color":"","overlay-opacity":"","overlay-gradient":""},"mobile":{"background-color":"var(--ast-global-color-5)","background-image":"","background-repeat":"repeat","background-position":"center center","background-size":"auto","background-attachment":"scroll","background-type":"","background-media":"","overlay-type":"","overlay-color":"","overlay-opacity":"","overlay-gradient":""}}},"product_brand":[],"product_cat":[52,265,316,179,85],"product_tag":[364,362,363,74,361,365],"class_list":{"0":"post-4983","1":"product","2":"type-product","3":"status-publish","4":"has-post-thumbnail","6":"product_cat-20th-century","7":"product_cat-aquarell","8":"product_cat-fred-fay","9":"product_cat-gemaelde","10":"product_cat-schweizerisch","11":"product_tag-art","12":"product_tag-gemalde","13":"product_tag-kunst","14":"product_tag-painting","15":"product_tag-peintures","16":"product_tag-pittura","17":"desktop-align-center","18":"tablet-align-left","19":"mobile-align-left","21":"first","22":"instock","23":"taxable","24":"shipping-taxable","25":"product-type-simple"},"_links":{"self":[{"href":"https:\/\/collection.galerie-gerdes.com\/fi\/wp-json\/wp\/v2\/product\/4983","targetHints":{"allow":["GET"]}}],"collection":[{"href":"https:\/\/collection.galerie-gerdes.com\/fi\/wp-json\/wp\/v2\/product"}],"about":[{"href":"https:\/\/collection.galerie-gerdes.com\/fi\/wp-json\/wp\/v2\/types\/product"}],"wp:featuredmedia":[{"embeddable":true,"href":"https:\/\/collection.galerie-gerdes.com\/fi\/wp-json\/wp\/v2\/media\/4985"}],"wp:attachment":[{"href":"https:\/\/collection.galerie-gerdes.com\/fi\/wp-json\/wp\/v2\/media?parent=4983"}],"wp:term":[{"taxonomy":"product_brand","embeddable":true,"href":"https:\/\/collection.galerie-gerdes.com\/fi\/wp-json\/wp\/v2\/product_brand?post=4983"},{"taxonomy":"product_cat","embeddable":true,"href":"https:\/\/collection.galerie-gerdes.com\/fi\/wp-json\/wp\/v2\/product_cat?post=4983"},{"taxonomy":"product_tag","embeddable":true,"href":"https:\/\/collection.galerie-gerdes.com\/fi\/wp-json\/wp\/v2\/product_tag?post=4983"}],"curies":[{"name":"wp","href":"https:\/\/api.w.org\/{rel}","templated":true}]}}