{"id":6757,"date":"2024-05-13T22:43:04","date_gmt":"2024-05-13T20:43:04","guid":{"rendered":"https:\/\/collection.galerie-gerdes.com\/?post_type=product&#038;p=6757"},"modified":"2024-09-16T12:00:21","modified_gmt":"2024-09-16T10:00:21","slug":"portrat-eines-mannes-in-jagdkleidung-vor-landschaft-datiert-1904-henri-hendrik-goovaerts","status":"publish","type":"product","link":"https:\/\/collection.galerie-gerdes.com\/fi\/p\/portrat-eines-mannes-in-jagdkleidung-vor-landschaft-datiert-1904-henri-hendrik-goovaerts\/","title":{"rendered":"Portr\u00e4t eines Mannes in Jagdkleidung vor Landschaft, datiert 1904 | Henri (Hendrik) GOOVAERTS"},"content":{"rendered":"<p>Henri Florimond Goovaerts wurde am 13. November 1865 in Maastricht geboren und verstarb am 23. August 1912 in St. Pieter, ebenfalls in Maastricht. Er war ein herausragender niederl\u00e4ndischer Portr\u00e4tmaler, der sich einen Namen f\u00fcr seine meisterhaften Darstellungen erwarb.<\/p>\n<p>Seine k\u00fcnstlerische Reise begann unter der Anleitung seines Vaters, der ihn in Haus- und Dekorationsmalerei unterwies. Doch Goovaerts strebte nach mehr und vertiefte sein Wissen von 1883 bis 1885 an der Zeichenakademie in Mechelen, Belgien. Dort wurde er von bedeutenden K\u00fcnstlern wie dem Akademiedirektor Willem Geerts gepr\u00e4gt. Anschlie\u00dfend setzte er seine Ausbildung von 1887 bis 1889 an der renommierten Rijksakademie van beeldende kunsten in Amsterdam fort, wo er unter anderem bei August Alleb\u00e9 und Nicolaas van der Waay studierte. W\u00e4hrend seiner Zeit in Amsterdam kn\u00fcpfte er enge Freundschaften, darunter mit seinem Kommilitonen Alphonse Olterdissen.<\/p>\n<p>Nach seinem Studium kehrte Goovaerts nach Maastricht zur\u00fcck, wo er gemeinsam mit Olterdissen eine kleine private Kunstschule gr\u00fcndete. Sein Talent blieb nicht unbemerkt, und er gewann 1890 den renommierten Prix de Rome, der ihm weitere Anerkennung in der Kunstwelt einbrachte.<\/p>\n<p>Goovaerts&#8217; k\u00fcnstlerische Reisen f\u00fchrten ihn durch verschiedene St\u00e4dte, darunter Essen, D\u00fcsseldorf, Paris, Rom und Aachen. In Aachen betrieb er ein eigenes Atelier und wurde bekannt f\u00fcr seine Portr\u00e4tmalerei. Besonders hervorzuheben sind seine \u00fcber zehn Portr\u00e4ts von B\u00fcrgermeistern von Maastricht, die f\u00fcr die Ratskammer in Maastricht geschaffen wurden.<\/p>\n<p>Neben seiner Arbeit als Portr\u00e4tmaler war Goovaerts auch als Restaurator t\u00e4tig und schuf Kopien nach Werken alter Meister. Sein k\u00fcnstlerisches Erbe lebt durch seine eindrucksvollen Portr\u00e4ts und seine vielf\u00e4ltigen k\u00fcnstlerischen Beitr\u00e4ge weiter.<\/p>\n","protected":false},"excerpt":{"rendered":"<p>Henri Florimond Goovaerts (1865-1912)<\/p>\n","protected":false},"featured_media":6759,"template":"","meta":{"site-sidebar-layout":"default","site-content-layout":"","ast-site-content-layout":"default","site-content-style":"default","site-sidebar-style":"default","ast-global-header-display":"","ast-banner-title-visibility":"","ast-main-header-display":"","ast-hfb-above-header-display":"","ast-hfb-below-header-display":"","ast-hfb-mobile-header-display":"","site-post-title":"","ast-breadcrumbs-content":"","ast-featured-img":"","footer-sml-layout":"","ast-disable-related-posts":"","theme-transparent-header-meta":"default","adv-header-id-meta":"","stick-header-meta":"","header-above-stick-meta":"","header-main-stick-meta":"","header-below-stick-meta":"","astra-migrate-meta-layouts":"set","ast-page-background-enabled":"default","ast-page-background-meta":{"desktop":{"background-color":"var(--ast-global-color-4)","background-image":"","background-repeat":"repeat","background-position":"center center","background-size":"auto","background-attachment":"scroll","background-type":"","background-media":"","overlay-type":"","overlay-color":"","overlay-opacity":"","overlay-gradient":""},"tablet":{"background-color":"","background-image":"","background-repeat":"repeat","background-position":"center center","background-size":"auto","background-attachment":"scroll","background-type":"","background-media":"","overlay-type":"","overlay-color":"","overlay-opacity":"","overlay-gradient":""},"mobile":{"background-color":"","background-image":"","background-repeat":"repeat","background-position":"center center","background-size":"auto","background-attachment":"scroll","background-type":"","background-media":"","overlay-type":"","overlay-color":"","overlay-opacity":"","overlay-gradient":""}},"ast-content-background-meta":{"desktop":{"background-color":"var(--ast-global-color-5)","background-image":"","background-repeat":"repeat","background-position":"center center","background-size":"auto","background-attachment":"scroll","background-type":"","background-media":"","overlay-type":"","overlay-color":"","overlay-opacity":"","overlay-gradient":""},"tablet":{"background-color":"var(--ast-global-color-5)","background-image":"","background-repeat":"repeat","background-position":"center center","background-size":"auto","background-attachment":"scroll","background-type":"","background-media":"","overlay-type":"","overlay-color":"","overlay-opacity":"","overlay-gradient":""},"mobile":{"background-color":"var(--ast-global-color-5)","background-image":"","background-repeat":"repeat","background-position":"center center","background-size":"auto","background-attachment":"scroll","background-type":"","background-media":"","overlay-type":"","overlay-color":"","overlay-opacity":"","overlay-gradient":""}}},"product_brand":[],"product_cat":[52,179,389,127,267],"product_tag":[14383,14382],"class_list":{"0":"post-6757","1":"product","2":"type-product","3":"status-publish","4":"has-post-thumbnail","6":"product_cat-20th-century","7":"product_cat-gemaelde","8":"product_cat-hendrik-goovaerts","9":"product_cat-niederlaendisch","10":"product_cat-oelgemaelde","11":"product_tag-sehr-gross","12":"product_tag-speditionsversand","13":"desktop-align-center","14":"tablet-align-left","15":"mobile-align-left","17":"first","18":"instock","19":"taxable","20":"shipping-taxable","21":"product-type-simple"},"_links":{"self":[{"href":"https:\/\/collection.galerie-gerdes.com\/fi\/wp-json\/wp\/v2\/product\/6757","targetHints":{"allow":["GET"]}}],"collection":[{"href":"https:\/\/collection.galerie-gerdes.com\/fi\/wp-json\/wp\/v2\/product"}],"about":[{"href":"https:\/\/collection.galerie-gerdes.com\/fi\/wp-json\/wp\/v2\/types\/product"}],"wp:featuredmedia":[{"embeddable":true,"href":"https:\/\/collection.galerie-gerdes.com\/fi\/wp-json\/wp\/v2\/media\/6759"}],"wp:attachment":[{"href":"https:\/\/collection.galerie-gerdes.com\/fi\/wp-json\/wp\/v2\/media?parent=6757"}],"wp:term":[{"taxonomy":"product_brand","embeddable":true,"href":"https:\/\/collection.galerie-gerdes.com\/fi\/wp-json\/wp\/v2\/product_brand?post=6757"},{"taxonomy":"product_cat","embeddable":true,"href":"https:\/\/collection.galerie-gerdes.com\/fi\/wp-json\/wp\/v2\/product_cat?post=6757"},{"taxonomy":"product_tag","embeddable":true,"href":"https:\/\/collection.galerie-gerdes.com\/fi\/wp-json\/wp\/v2\/product_tag?post=6757"}],"curies":[{"name":"wp","href":"https:\/\/api.w.org\/{rel}","templated":true}]}}