{"id":285348,"date":"2024-12-02T22:38:44","date_gmt":"2024-12-02T21:38:44","guid":{"rendered":"https:\/\/www.collection.galerie-gerdes.com\/?post_type=product&#038;p=285348"},"modified":"2024-12-18T16:46:11","modified_gmt":"2024-12-18T15:46:11","slug":"14-gemaelde-von-walther-matzdorff-erzgebirge","status":"publish","type":"product","link":"https:\/\/collection.galerie-gerdes.com\/fr\/p\/14-gemaelde-von-walther-matzdorff-erzgebirge\/","title":{"rendered":"Kinderportr\u00e4t, M\u00e4dchen, 1951 | Radierung von Walther Matzdorff | Erzgebirge"},"content":{"rendered":"<p>Walther Matzdorff (* 1901 in Erdmannsdorf\/Sachsen; \u2020 1951 in Annaberg) war ein deutscher Maler und Grafiker. Er studierte von 1921 bis 1926 Malerei und Grafik an der Kunstgewerbeakademie Dresden.<\/p>\n<p>Bereits w\u00e4hrend seines Studiums begann er eine p\u00e4dagogische Laufbahn und war von 1925 bis 1945 als Lehrer f\u00fcr Zeichnen und Werken t\u00e4tig, ab 1926 am Staatsrealgymnasium Annaberg. Nach dem Ende des Zweiten Weltkriegs arbeitete Matzdorff als freischaffender K\u00fcnstler in Annaberg, wo er bis zu seinem Tod im Jahr 1951 lebte und wirkte.<\/p>\n","protected":false},"excerpt":{"rendered":"<p>Walther Matzdorff (1901 &#8211; 1951)<\/p>\n","protected":false},"featured_media":286009,"template":"","meta":{"site-sidebar-layout":"default","site-content-layout":"","ast-site-content-layout":"default","site-content-style":"default","site-sidebar-style":"default","ast-global-header-display":"","ast-banner-title-visibility":"","ast-main-header-display":"","ast-hfb-above-header-display":"","ast-hfb-below-header-display":"","ast-hfb-mobile-header-display":"","site-post-title":"","ast-breadcrumbs-content":"","ast-featured-img":"","footer-sml-layout":"","ast-disable-related-posts":"","theme-transparent-header-meta":"default","adv-header-id-meta":"","stick-header-meta":"","header-above-stick-meta":"","header-main-stick-meta":"","header-below-stick-meta":"","astra-migrate-meta-layouts":"set","ast-page-background-enabled":"default","ast-page-background-meta":{"desktop":{"background-color":"var(--ast-global-color-4)","background-image":"","background-repeat":"repeat","background-position":"center center","background-size":"auto","background-attachment":"scroll","background-type":"","background-media":"","overlay-type":"","overlay-color":"","overlay-opacity":"","overlay-gradient":""},"tablet":{"background-color":"","background-image":"","background-repeat":"repeat","background-position":"center center","background-size":"auto","background-attachment":"scroll","background-type":"","background-media":"","overlay-type":"","overlay-color":"","overlay-opacity":"","overlay-gradient":""},"mobile":{"background-color":"","background-image":"","background-repeat":"repeat","background-position":"center center","background-size":"auto","background-attachment":"scroll","background-type":"","background-media":"","overlay-type":"","overlay-color":"","overlay-opacity":"","overlay-gradient":""}},"ast-content-background-meta":{"desktop":{"background-color":"var(--ast-global-color-5)","background-image":"","background-repeat":"repeat","background-position":"center center","background-size":"auto","background-attachment":"scroll","background-type":"","background-media":"","overlay-type":"","overlay-color":"","overlay-opacity":"","overlay-gradient":""},"tablet":{"background-color":"var(--ast-global-color-5)","background-image":"","background-repeat":"repeat","background-position":"center center","background-size":"auto","background-attachment":"scroll","background-type":"","background-media":"","overlay-type":"","overlay-color":"","overlay-opacity":"","overlay-gradient":""},"mobile":{"background-color":"var(--ast-global-color-5)","background-image":"","background-repeat":"repeat","background-position":"center center","background-size":"auto","background-attachment":"scroll","background-type":"","background-media":"","overlay-type":"","overlay-color":"","overlay-opacity":"","overlay-gradient":""}}},"product_brand":[],"product_cat":[52,265,25,179,14696],"product_tag":[],"class_list":{"0":"post-285348","1":"product","2":"type-product","3":"status-publish","4":"has-post-thumbnail","6":"product_cat-20th-century","7":"product_cat-aquarell","8":"product_cat-deutsch","9":"product_cat-gemaelde","10":"product_cat-walther-matzdorff","11":"desktop-align-center","12":"tablet-align-left","13":"mobile-align-left","15":"first","16":"instock","17":"taxable","18":"shipping-taxable","19":"product-type-simple"},"_links":{"self":[{"href":"https:\/\/collection.galerie-gerdes.com\/fr\/wp-json\/wp\/v2\/product\/285348","targetHints":{"allow":["GET"]}}],"collection":[{"href":"https:\/\/collection.galerie-gerdes.com\/fr\/wp-json\/wp\/v2\/product"}],"about":[{"href":"https:\/\/collection.galerie-gerdes.com\/fr\/wp-json\/wp\/v2\/types\/product"}],"wp:featuredmedia":[{"embeddable":true,"href":"https:\/\/collection.galerie-gerdes.com\/fr\/wp-json\/wp\/v2\/media\/286009"}],"wp:attachment":[{"href":"https:\/\/collection.galerie-gerdes.com\/fr\/wp-json\/wp\/v2\/media?parent=285348"}],"wp:term":[{"taxonomy":"product_brand","embeddable":true,"href":"https:\/\/collection.galerie-gerdes.com\/fr\/wp-json\/wp\/v2\/product_brand?post=285348"},{"taxonomy":"product_cat","embeddable":true,"href":"https:\/\/collection.galerie-gerdes.com\/fr\/wp-json\/wp\/v2\/product_cat?post=285348"},{"taxonomy":"product_tag","embeddable":true,"href":"https:\/\/collection.galerie-gerdes.com\/fr\/wp-json\/wp\/v2\/product_tag?post=285348"}],"curies":[{"name":"wp","href":"https:\/\/api.w.org\/{rel}","templated":true}]}}