{"id":315429,"date":"2025-04-24T14:31:25","date_gmt":"2025-04-24T12:31:25","guid":{"rendered":"https:\/\/collection.galerie-gerdes.com\/?post_type=product&#038;p=315429"},"modified":"2025-04-24T14:31:25","modified_gmt":"2025-04-24T12:31:25","slug":"kirche-in-landschaft-1958-aquarell-von-jeanne-sigg","status":"publish","type":"product","link":"https:\/\/collection.galerie-gerdes.com\/fr\/p\/kirche-in-landschaft-1958-aquarell-von-jeanne-sigg\/","title":{"rendered":"Kirche in Landschaft, 1958 | Aquarell von Jeanne Sigg"},"content":{"rendered":"<p>Jeanne Sigg (1907 in Z\u00fcrich &#8211; 1988) besuchte mehrere Jahre die Schule in Vevey, bevor sie ihre Ausbildung in Z\u00fcrich abschloss. Zwischen 1930 und 1940 hielt sie sich j\u00e4hrlich f\u00fcr einige Monate in Paris auf, wo sie im Atelier des K\u00fcnstlers Andr\u00e9 Lh\u00f4te arbeitete.<\/p>\n<p>Sie war k\u00fcnstlerisch haupts\u00e4chlich in der Landschaftsmalerei S\u00fcdfrankreichs sowie in Darstellungen der Geburt Christi t\u00e4tig. Ihre Werke weisen eine deutliche kubistische Pr\u00e4gung auf und sind in Caux mehrfach vertreten.<\/p>\n<p>Seit ihrem 16. Lebensjahr lebte Jeanne Sigg mit einer Diabeteserkrankung, die sie mit konsequenter Disziplin bew\u00e4ltigte. In Caux organisierte sie w\u00e4hrend der dortigen Konferenzen regelm\u00e4\u00dfig Kunstausstellungen mit eigenen Werken sowie Werken befreundeter K\u00fcnstler. Einige dieser Arbeiten wurden verkauft, um gemeinn\u00fctzige Aktivit\u00e4ten zu unterst\u00fctzen.<\/p>\n<p>Zu den gespendeten Kunstwerken z\u00e4hlte auch die Skulptur \u201eL&rsquo;\u00e9lan\u201c von Madame Studer-Koch, die im Park vor dem Mountain House aufgestellt wurde. Jeanne Sigg war au\u00dferdem in der Gesellschaft der Malerinnen aktiv, in der Region Z\u00fcrich auch als Pr\u00e4sidentin t\u00e4tig.<\/p>\n<p>Sie verf\u00fcgte \u00fcber ein Chalet in Kandersteg, das sie regelm\u00e4\u00dfig Freunden aus dem In- und Ausland als Ferienunterkunft zur Verf\u00fcgung stellte.<\/p>\n<p>Trotz gesundheitlicher Einschr\u00e4nkungen war sie bis ins hohe Alter k\u00fcnstlerisch t\u00e4tig und gab weiterhin Malunterricht. Sie wurde 81 Jahre alt.<\/p>\n","protected":false},"excerpt":{"rendered":"<p>Jeanne Sigg (1907-1988)<\/p>\n","protected":false},"featured_media":315793,"template":"","meta":{"site-sidebar-layout":"default","site-content-layout":"","ast-site-content-layout":"default","site-content-style":"default","site-sidebar-style":"default","ast-global-header-display":"","ast-banner-title-visibility":"","ast-main-header-display":"","ast-hfb-above-header-display":"","ast-hfb-below-header-display":"","ast-hfb-mobile-header-display":"","site-post-title":"","ast-breadcrumbs-content":"","ast-featured-img":"","footer-sml-layout":"","ast-disable-related-posts":"","theme-transparent-header-meta":"default","adv-header-id-meta":"","stick-header-meta":"","header-above-stick-meta":"","header-main-stick-meta":"","header-below-stick-meta":"","astra-migrate-meta-layouts":"set","ast-page-background-enabled":"default","ast-page-background-meta":{"desktop":{"background-color":"var(--ast-global-color-4)","background-image":"","background-repeat":"repeat","background-position":"center center","background-size":"auto","background-attachment":"scroll","background-type":"","background-media":"","overlay-type":"","overlay-color":"","overlay-opacity":"","overlay-gradient":""},"tablet":{"background-color":"","background-image":"","background-repeat":"repeat","background-position":"center center","background-size":"auto","background-attachment":"scroll","background-type":"","background-media":"","overlay-type":"","overlay-color":"","overlay-opacity":"","overlay-gradient":""},"mobile":{"background-color":"","background-image":"","background-repeat":"repeat","background-position":"center center","background-size":"auto","background-attachment":"scroll","background-type":"","background-media":"","overlay-type":"","overlay-color":"","overlay-opacity":"","overlay-gradient":""}},"ast-content-background-meta":{"desktop":{"background-color":"var(--ast-global-color-5)","background-image":"","background-repeat":"repeat","background-position":"center center","background-size":"auto","background-attachment":"scroll","background-type":"","background-media":"","overlay-type":"","overlay-color":"","overlay-opacity":"","overlay-gradient":""},"tablet":{"background-color":"var(--ast-global-color-5)","background-image":"","background-repeat":"repeat","background-position":"center center","background-size":"auto","background-attachment":"scroll","background-type":"","background-media":"","overlay-type":"","overlay-color":"","overlay-opacity":"","overlay-gradient":""},"mobile":{"background-color":"var(--ast-global-color-5)","background-image":"","background-repeat":"repeat","background-position":"center center","background-size":"auto","background-attachment":"scroll","background-type":"","background-media":"","overlay-type":"","overlay-color":"","overlay-opacity":"","overlay-gradient":""}}},"product_brand":[],"product_cat":[15249],"product_tag":[],"class_list":{"0":"post-315429","1":"product","2":"type-product","3":"status-publish","4":"has-post-thumbnail","6":"product_cat-jeanne-sigg","7":"desktop-align-center","8":"tablet-align-left","9":"mobile-align-left","11":"first","12":"instock","13":"taxable","14":"shipping-taxable","15":"product-type-simple"},"_links":{"self":[{"href":"https:\/\/collection.galerie-gerdes.com\/fr\/wp-json\/wp\/v2\/product\/315429","targetHints":{"allow":["GET"]}}],"collection":[{"href":"https:\/\/collection.galerie-gerdes.com\/fr\/wp-json\/wp\/v2\/product"}],"about":[{"href":"https:\/\/collection.galerie-gerdes.com\/fr\/wp-json\/wp\/v2\/types\/product"}],"wp:featuredmedia":[{"embeddable":true,"href":"https:\/\/collection.galerie-gerdes.com\/fr\/wp-json\/wp\/v2\/media\/315793"}],"wp:attachment":[{"href":"https:\/\/collection.galerie-gerdes.com\/fr\/wp-json\/wp\/v2\/media?parent=315429"}],"wp:term":[{"taxonomy":"product_brand","embeddable":true,"href":"https:\/\/collection.galerie-gerdes.com\/fr\/wp-json\/wp\/v2\/product_brand?post=315429"},{"taxonomy":"product_cat","embeddable":true,"href":"https:\/\/collection.galerie-gerdes.com\/fr\/wp-json\/wp\/v2\/product_cat?post=315429"},{"taxonomy":"product_tag","embeddable":true,"href":"https:\/\/collection.galerie-gerdes.com\/fr\/wp-json\/wp\/v2\/product_tag?post=315429"}],"curies":[{"name":"wp","href":"https:\/\/api.w.org\/{rel}","templated":true}]}}