{"id":317343,"date":"2025-04-24T15:23:17","date_gmt":"2025-04-24T13:23:17","guid":{"rendered":"https:\/\/collection.galerie-gerdes.com\/?post_type=product&#038;p=317343"},"modified":"2025-04-24T15:30:54","modified_gmt":"2025-04-24T13:30:54","slug":"skulptur-eines-flachen-kopfes-tonkeramik-von-karl-seiter","status":"publish","type":"product","link":"https:\/\/collection.galerie-gerdes.com\/fr\/p\/skulptur-eines-flachen-kopfes-tonkeramik-von-karl-seiter\/","title":{"rendered":"Skulptur eines flachen Kopfes | Tonkeramik von Karl Seiter"},"content":{"rendered":"<p>Karl Hermann Seiter (*23. Juli 1949 in Herxheim bei Landau\/Pfalz; \u202018. Februar 2021 in Bad D\u00fcrkheim)<\/p>\n<p>Karl Hermann Seiter war ein deutscher Bildhauer. Er studierte von 1971 bis 1973 an der Universit\u00e4t der K\u00fcnste Berlin und anschlie\u00dfend von 1973 bis 1977 an der Staatlichen Akademie der Bildenden K\u00fcnste Karlsruhe.<\/p>\n<p>Seiter schuf fig\u00fcrliche Skulpturen aus Sandstein und Bronze, die sich im \u00f6ffentlichen Raum verschiedener St\u00e4dte befinden, darunter Bad D\u00fcrkheim, Deidesheim, Kaiserslautern, Philippsburg sowie entlang des Skulpturenwegs Schweinstal.<\/p>\n<p>Im Jahr 2001 war er an der Aktion \u201efishing for fantasy\u201c beteiligt, die im Rahmen des 725-j\u00e4hrigen Stadtjubil\u00e4ums von Kaiserslautern initiiert wurde. F\u00fcr diese gestaltete er 2,40 Meter lange und 40 Kilogramm schwere Fischskulptur-Rohlinge, die anschlie\u00dfend von verschiedenen Gruppen und Institutionen individuell bemalt wurden. Ziel der Aktion war es, Kaiserslautern mit \u00fcber 240 bemalten Fischskulpturen in ein \u00f6ffentliches \u201eFreilicht-Aquarium\u201c zu verwandeln.<\/p>\n","protected":false},"excerpt":{"rendered":"<p>Karl Seiter (1949-2021)<\/p>\n","protected":false},"featured_media":317944,"template":"","meta":{"site-sidebar-layout":"default","site-content-layout":"","ast-site-content-layout":"default","site-content-style":"default","site-sidebar-style":"default","ast-global-header-display":"","ast-banner-title-visibility":"","ast-main-header-display":"","ast-hfb-above-header-display":"","ast-hfb-below-header-display":"","ast-hfb-mobile-header-display":"","site-post-title":"","ast-breadcrumbs-content":"","ast-featured-img":"","footer-sml-layout":"","ast-disable-related-posts":"","theme-transparent-header-meta":"default","adv-header-id-meta":"","stick-header-meta":"","header-above-stick-meta":"","header-main-stick-meta":"","header-below-stick-meta":"","astra-migrate-meta-layouts":"set","ast-page-background-enabled":"default","ast-page-background-meta":{"desktop":{"background-color":"var(--ast-global-color-4)","background-image":"","background-repeat":"repeat","background-position":"center center","background-size":"auto","background-attachment":"scroll","background-type":"","background-media":"","overlay-type":"","overlay-color":"","overlay-opacity":"","overlay-gradient":""},"tablet":{"background-color":"","background-image":"","background-repeat":"repeat","background-position":"center center","background-size":"auto","background-attachment":"scroll","background-type":"","background-media":"","overlay-type":"","overlay-color":"","overlay-opacity":"","overlay-gradient":""},"mobile":{"background-color":"","background-image":"","background-repeat":"repeat","background-position":"center center","background-size":"auto","background-attachment":"scroll","background-type":"","background-media":"","overlay-type":"","overlay-color":"","overlay-opacity":"","overlay-gradient":""}},"ast-content-background-meta":{"desktop":{"background-color":"var(--ast-global-color-5)","background-image":"","background-repeat":"repeat","background-position":"center center","background-size":"auto","background-attachment":"scroll","background-type":"","background-media":"","overlay-type":"","overlay-color":"","overlay-opacity":"","overlay-gradient":""},"tablet":{"background-color":"var(--ast-global-color-5)","background-image":"","background-repeat":"repeat","background-position":"center center","background-size":"auto","background-attachment":"scroll","background-type":"","background-media":"","overlay-type":"","overlay-color":"","overlay-opacity":"","overlay-gradient":""},"mobile":{"background-color":"var(--ast-global-color-5)","background-image":"","background-repeat":"repeat","background-position":"center center","background-size":"auto","background-attachment":"scroll","background-type":"","background-media":"","overlay-type":"","overlay-color":"","overlay-opacity":"","overlay-gradient":""}}},"product_brand":[],"product_cat":[15252],"product_tag":[],"class_list":{"0":"post-317343","1":"product","2":"type-product","3":"status-publish","4":"has-post-thumbnail","6":"product_cat-karl-seiter","7":"desktop-align-center","8":"tablet-align-left","9":"mobile-align-left","11":"first","12":"instock","13":"taxable","14":"shipping-taxable","15":"product-type-simple"},"_links":{"self":[{"href":"https:\/\/collection.galerie-gerdes.com\/fr\/wp-json\/wp\/v2\/product\/317343","targetHints":{"allow":["GET"]}}],"collection":[{"href":"https:\/\/collection.galerie-gerdes.com\/fr\/wp-json\/wp\/v2\/product"}],"about":[{"href":"https:\/\/collection.galerie-gerdes.com\/fr\/wp-json\/wp\/v2\/types\/product"}],"wp:featuredmedia":[{"embeddable":true,"href":"https:\/\/collection.galerie-gerdes.com\/fr\/wp-json\/wp\/v2\/media\/317944"}],"wp:attachment":[{"href":"https:\/\/collection.galerie-gerdes.com\/fr\/wp-json\/wp\/v2\/media?parent=317343"}],"wp:term":[{"taxonomy":"product_brand","embeddable":true,"href":"https:\/\/collection.galerie-gerdes.com\/fr\/wp-json\/wp\/v2\/product_brand?post=317343"},{"taxonomy":"product_cat","embeddable":true,"href":"https:\/\/collection.galerie-gerdes.com\/fr\/wp-json\/wp\/v2\/product_cat?post=317343"},{"taxonomy":"product_tag","embeddable":true,"href":"https:\/\/collection.galerie-gerdes.com\/fr\/wp-json\/wp\/v2\/product_tag?post=317343"}],"curies":[{"name":"wp","href":"https:\/\/api.w.org\/{rel}","templated":true}]}}