{"id":328,"date":"2023-12-24T11:25:52","date_gmt":"2023-12-24T10:25:52","guid":{"rendered":"https:\/\/collection.galerie-gerdes.com\/?post_type=product&#038;p=328"},"modified":"2024-04-24T14:06:21","modified_gmt":"2024-04-24T12:06:21","slug":"dode-soldaat","status":"publish","type":"product","link":"https:\/\/collection.galerie-gerdes.com\/fr\/p\/dode-soldaat\/","title":{"rendered":"\u201eDode Soldaat\u201c, Ruud Cornelisse, Expressionistisches Gem\u00e4lde, 20.Jhd."},"content":{"rendered":"<p>Ruud Cornelisse (geb. 1940) ist ein Post-Cobra-Maler und -Zeichner. Ausgebildet an der Rietveld-Akademie und am Institut f\u00fcr Kunsterziehung in Amsterdam bei Willem (Wim) Strijbosch als Lehrer. Seine Stilmerkmale sind typisch f\u00fcr den Post-Cobra mit seinem surrealistischen und expressiven Ausdruck. Neben den vielen Gem\u00e4lden und \u00d6l- und Acrylbildern verwendet Ruud viele grafische Techniken wie Radierungstechnik, Holzstich, Kupferstich und Linoldruck. Die Themen sind meist der Ausdruck von Dialogen. Ruud verbrachte viele Jahre in der Ruine Brederode in Santpoort, wo er viele kulturelle Veranstaltungen organisierte. Auch dort stand die Begegnung, der Dialog im Vordergrund. Au\u00dferdem arbeitete er viele Jahre lang als B\u00fchnenbildner f\u00fcr das Haus Orkater. Ruud war Mitglied von X65 in Haarlem, Art Be Our Purpose und wird in vielen Publikationen erw\u00e4hnt. Die kraftvollen Arbeiten von Ruud Cornelisse bleiben auf der Netzhaut haften und dr\u00e4ngen einen auf das Bild, auf der Suche nach dem, was einen verbindet und zu einem Ort des Erkennens wird, der tiefer geht, als es auf den ersten Blick scheint.<\/p>\n","protected":false},"excerpt":{"rendered":"<p>Ruud Cornelisse (1940)<br \/>\n\u00d6l auf Pappe\/Papier, nicht gerahmt. Ecken besto\u00dfen.<\/p>\n","protected":false},"featured_media":329,"template":"","meta":{"site-sidebar-layout":"default","site-content-layout":"","ast-site-content-layout":"default","site-content-style":"default","site-sidebar-style":"default","ast-global-header-display":"","ast-banner-title-visibility":"","ast-main-header-display":"","ast-hfb-above-header-display":"","ast-hfb-below-header-display":"","ast-hfb-mobile-header-display":"","site-post-title":"","ast-breadcrumbs-content":"","ast-featured-img":"","footer-sml-layout":"","ast-disable-related-posts":"","theme-transparent-header-meta":"default","adv-header-id-meta":"","stick-header-meta":"","header-above-stick-meta":"","header-main-stick-meta":"","header-below-stick-meta":"","astra-migrate-meta-layouts":"set","ast-page-background-enabled":"default","ast-page-background-meta":{"desktop":{"background-color":"var(--ast-global-color-4)","background-image":"","background-repeat":"repeat","background-position":"center center","background-size":"auto","background-attachment":"scroll","background-type":"","background-media":"","overlay-type":"","overlay-color":"","overlay-opacity":"","overlay-gradient":""},"tablet":{"background-color":"","background-image":"","background-repeat":"repeat","background-position":"center center","background-size":"auto","background-attachment":"scroll","background-type":"","background-media":"","overlay-type":"","overlay-color":"","overlay-opacity":"","overlay-gradient":""},"mobile":{"background-color":"","background-image":"","background-repeat":"repeat","background-position":"center center","background-size":"auto","background-attachment":"scroll","background-type":"","background-media":"","overlay-type":"","overlay-color":"","overlay-opacity":"","overlay-gradient":""}},"ast-content-background-meta":{"desktop":{"background-color":"var(--ast-global-color-5)","background-image":"","background-repeat":"repeat","background-position":"center center","background-size":"auto","background-attachment":"scroll","background-type":"","background-media":"","overlay-type":"","overlay-color":"","overlay-opacity":"","overlay-gradient":""},"tablet":{"background-color":"var(--ast-global-color-5)","background-image":"","background-repeat":"repeat","background-position":"center center","background-size":"auto","background-attachment":"scroll","background-type":"","background-media":"","overlay-type":"","overlay-color":"","overlay-opacity":"","overlay-gradient":""},"mobile":{"background-color":"var(--ast-global-color-5)","background-image":"","background-repeat":"repeat","background-position":"center center","background-size":"auto","background-attachment":"scroll","background-type":"","background-media":"","overlay-type":"","overlay-color":"","overlay-opacity":"","overlay-gradient":""}}},"product_brand":[],"product_cat":[52,179,127,128],"product_tag":[364,362,363,74,361,365],"class_list":{"0":"post-328","1":"product","2":"type-product","3":"status-publish","4":"has-post-thumbnail","6":"product_cat-20th-century","7":"product_cat-gemaelde","8":"product_cat-niederlaendisch","9":"product_cat-ruud-cornelisse","10":"product_tag-art","11":"product_tag-gemalde","12":"product_tag-kunst","13":"product_tag-painting","14":"product_tag-peintures","15":"product_tag-pittura","16":"desktop-align-center","17":"tablet-align-left","18":"mobile-align-left","20":"first","21":"instock","22":"taxable","23":"shipping-taxable","24":"product-type-simple"},"_links":{"self":[{"href":"https:\/\/collection.galerie-gerdes.com\/fr\/wp-json\/wp\/v2\/product\/328","targetHints":{"allow":["GET"]}}],"collection":[{"href":"https:\/\/collection.galerie-gerdes.com\/fr\/wp-json\/wp\/v2\/product"}],"about":[{"href":"https:\/\/collection.galerie-gerdes.com\/fr\/wp-json\/wp\/v2\/types\/product"}],"wp:featuredmedia":[{"embeddable":true,"href":"https:\/\/collection.galerie-gerdes.com\/fr\/wp-json\/wp\/v2\/media\/329"}],"wp:attachment":[{"href":"https:\/\/collection.galerie-gerdes.com\/fr\/wp-json\/wp\/v2\/media?parent=328"}],"wp:term":[{"taxonomy":"product_brand","embeddable":true,"href":"https:\/\/collection.galerie-gerdes.com\/fr\/wp-json\/wp\/v2\/product_brand?post=328"},{"taxonomy":"product_cat","embeddable":true,"href":"https:\/\/collection.galerie-gerdes.com\/fr\/wp-json\/wp\/v2\/product_cat?post=328"},{"taxonomy":"product_tag","embeddable":true,"href":"https:\/\/collection.galerie-gerdes.com\/fr\/wp-json\/wp\/v2\/product_tag?post=328"}],"curies":[{"name":"wp","href":"https:\/\/api.w.org\/{rel}","templated":true}]}}