{"id":3655,"date":"2024-03-13T13:53:02","date_gmt":"2024-03-13T12:53:02","guid":{"rendered":"https:\/\/collection.galerie-gerdes.com\/?post_type=product&#038;p=3655"},"modified":"2024-05-21T13:04:34","modified_gmt":"2024-05-21T11:04:34","slug":"wiese-in-hindelang-aquarell-von-curt-wittenbecher","status":"publish","type":"product","link":"https:\/\/collection.galerie-gerdes.com\/fr\/p\/wiese-in-hindelang-aquarell-von-curt-wittenbecher\/","title":{"rendered":"Wiese in Hindelang, Aquarell von Curt WITTENBECHER"},"content":{"rendered":"<p>Curt Wittenbecher, geboren am 1. August 1901 in Magdeburg und verstorben am 2. Januar 1978 in Bremen, war ein bedeutender deutscher Maler, Zeichner und Graphiker.<\/p>\n<p>Nach Abschluss seines Abiturs im Jahr 1921 in Magdeburg begann Wittenbecher sein Studium zun\u00e4chst an der Privatschule f\u00fcr bildende K\u00fcnste in M\u00fcnchen unter der Anleitung von Moritz Heymann und Walter Thor. Anschlie\u00dfend setzte er sein Studium an der Kunstgewerbeschule in Berlin-Charlottenburg bei Harold Bengen fort und vervollst\u00e4ndigte es in Magdeburg bei Ernst Hoffmann und Richard Winckel an der dortigen Kunstgewerbe- und Handwerkerschule. Im Jahr 1925 wurde er Mitglied des K\u00fcnstlervereins St. Lukas in Magdeburg, aus dem er jedoch kurz darauf wieder austrat. Als freischaffender Maler und Graphiker erlangte er in Magdeburg hohes Ansehen. 1934 wurde er Mitglied des K\u00fcnstlervereins B\u00f6rde und fungierte bis zur Aufl\u00f6sung 1939 als stellvertretender Vorsitzender. Anschlie\u00dfend \u00fcbernahm er eine f\u00fchrende Position in der \u201egleichgeschalteten\u201c K\u00fcnstlerkameradschaft Magdeburg und war w\u00e4hrend der Kriegsjahre f\u00fcr die Organisation der j\u00e4hrlichen Kunstausstellungen in Magdeburg verantwortlich. F\u00fcr seine k\u00fcnstlerischen Leistungen erhielt er 1942 den Kunstpreis der Stadt Magdeburg.<\/p>\n<p>Nach seinem Einsatz im Wehrdienst und in Lazaretten in Holland zog Wittenbecher 1944 nach Hindelang im Allg\u00e4u. Am Ende des Zweiten Weltkrieges erlitt er beim Luftangriff auf Magdeburg am 16. Januar 1945 den Totalverlust seiner Wohnung samt s\u00e4mtlicher k\u00fcnstlerischer Werke. Im Jahr 1949 zog er nach Worpswede und sp\u00e4ter, 1955, nach Bremen, wo er bis zu seinem Tod als freischaffender Maler t\u00e4tig war.<\/p>\n<p>W\u00e4hrend zahlreicher Reisen, die ihn unter anderem in die Niederlande, nach England, in die Schweiz, nach Italien, Island und vor allem nach Griechenland f\u00fchrten, fand Wittenbecher stets Inspirationen f\u00fcr seine Malerei.<\/p>\n<p>Wittenbecher war mit Hildegard Wittenbecher, geborene Marquardt, verheiratet. Als seine Witwe vermachte sie einen Gro\u00dfteil seines k\u00fcnstlerischen Nachlasses in Form von Aquarellen und \u00d6lbildern der Bremer Heimstiftung.<\/p>\n<p>Die k\u00fcnstlerische Entwicklung von Wittenbecher ist gepr\u00e4gt von einer urspr\u00fcnglichen expressionistischen Phase, \u00fcber naturalistische Landschaftsmalerei bis hin zu einer starken Abstraktion, die schlie\u00dflich zu seinem eigenen unverwechselbaren Stil f\u00fchrte. Seine Arbeit begann stets mit der Zeichnung, aus der oft Aquarelle oder \u00d6lgem\u00e4lde entstanden.<\/p>\n<p>Wittenbecher besch\u00e4ftigte sich auch intensiv mit der Theorie seines Fachs und hielt bereits in jungen Jahren Kurse an der Volkshochschule Magdeburg ab. Sp\u00e4ter gab er auch in Bremen kunstgeschichtliche Vortr\u00e4ge.<\/p>\n<p>Als Liebhaber der Musik malte Wittenbecher gerne Konzertsituationen und verfolgte dabei seinen Leitsatz: \u201eZu h\u00f6ren, was ich sehe \u2013 zu sehen, was ich h\u00f6re\u201c.<\/p>\n<p>Im Laufe der Zeit widmete sich Wittenbecher immer mehr dem Aquarell als seiner ureigensten k\u00fcnstlerischen Ausdrucksform.<\/p>\n<p>Eine W\u00fcrdigung seines Schaffens erfolgte durch Gerhard Gerkens, den Oberkustos der Bremer Kunsthalle, in seiner Trauerrede.<\/p>\n<p>Eine Auswahl seiner \u00d6lgem\u00e4lde umfasst Werke wie \u00ab\u00a0Verwundeter\u00a0\u00bb (1942), ein preisgekr\u00f6ntes Gem\u00e4lde im KHM Magdeburg, \u00ab\u00a0Worpsweder Elegie\u00a0\u00bb (\u00d6l, 1954 im Kunstverein Hannover ausgestellt) und \u00ab\u00a0Konzert, Finale\u00a0\u00bb (\u00d6l, 1970\/71). Seine Landschaftsmalerei, haupts\u00e4chlich in Form von Aquarellen, zeigt unter anderem Motive von der Nordsee, der Ostsee, dem Odenwald, dem Bodensee, Cornwall (England), Griechenland, den Niederlanden und Italien.<\/p>\n<p>Zu den von Wittenbecher portr\u00e4tierten Pers\u00f6nlichkeiten geh\u00f6ren unter anderem Wilhelm Kaisen (B\u00fcrgermeister von Bremen), Mary Wigman (T\u00e4nzerin), Harald Kreutzberg (T\u00e4nzer), Ernst Friedlaender (Publizist), Heinz Frowein (OB Wuppertal) und Hanns Lilje (evangelischer Bischof).<\/p>\n<p>Dar\u00fcber hinaus schuf Wittenbecher Mappen wie \u00ab\u00a0Bremen \u2013 gesehen von Curt Wittenbecher\u00a0\u00bb (8 Federzeichnungen, 1960) und \u00ab\u00a0Bremen \u2013 8 Original-Lithographien\u00a0\u00bb (1961) sowie Wandgestaltungen in St\u00e4dten wie Bremen, Bochum, Magdeburg, Barby und Elmshorn.<\/p>\n<p>Seine Werke sind in \u00f6ffentlichen Sammlungen und Einrichtungen wie dem Goethe-Institut in Athen, der Bremer Stadt und Kunsthalle, der St\u00e4dtischen Kunstsammlung Chemnitz, der Nieders\u00e4chsischen Landesgalerie und Stadt Hannover, der Hamburger Stadt, dem KHM Magdeburg, dem Landesmuseum M\u00fcnster, dem M\u00e4rkischen Museum in Witten\/Ruhr und dem von-der-Heydt-Museum in Wuppertal zu finden.<\/p>\n<p>Zu seinen Ausstellungen geh\u00f6ren unter anderem Kollektivausstellungen in der Kunsthandlung Heinrichshofen\/Magdeburg (1932), im Kaiser-Friedrich-Museum in Magdeburg (1934), im Landesmuseum M\u00fcnster (1948\/1949), der Bremer Kunsthalle (1959), dem Goethe-Institut Athen (1958) und der Kunsthalle Bremerhaven (1969).<\/p>\n","protected":false},"excerpt":{"rendered":"<p>Curt WITTENBECHER (1901-1978)<\/p>\n","protected":false},"featured_media":3684,"template":"","meta":{"site-sidebar-layout":"default","site-content-layout":"","ast-site-content-layout":"default","site-content-style":"default","site-sidebar-style":"default","ast-global-header-display":"","ast-banner-title-visibility":"","ast-main-header-display":"","ast-hfb-above-header-display":"","ast-hfb-below-header-display":"","ast-hfb-mobile-header-display":"","site-post-title":"","ast-breadcrumbs-content":"","ast-featured-img":"","footer-sml-layout":"","ast-disable-related-posts":"","theme-transparent-header-meta":"default","adv-header-id-meta":"","stick-header-meta":"","header-above-stick-meta":"","header-main-stick-meta":"","header-below-stick-meta":"","astra-migrate-meta-layouts":"set","ast-page-background-enabled":"default","ast-page-background-meta":{"desktop":{"background-color":"var(--ast-global-color-4)","background-image":"","background-repeat":"repeat","background-position":"center center","background-size":"auto","background-attachment":"scroll","background-type":"","background-media":"","overlay-type":"","overlay-color":"","overlay-opacity":"","overlay-gradient":""},"tablet":{"background-color":"","background-image":"","background-repeat":"repeat","background-position":"center center","background-size":"auto","background-attachment":"scroll","background-type":"","background-media":"","overlay-type":"","overlay-color":"","overlay-opacity":"","overlay-gradient":""},"mobile":{"background-color":"","background-image":"","background-repeat":"repeat","background-position":"center center","background-size":"auto","background-attachment":"scroll","background-type":"","background-media":"","overlay-type":"","overlay-color":"","overlay-opacity":"","overlay-gradient":""}},"ast-content-background-meta":{"desktop":{"background-color":"var(--ast-global-color-5)","background-image":"","background-repeat":"repeat","background-position":"center center","background-size":"auto","background-attachment":"scroll","background-type":"","background-media":"","overlay-type":"","overlay-color":"","overlay-opacity":"","overlay-gradient":""},"tablet":{"background-color":"var(--ast-global-color-5)","background-image":"","background-repeat":"repeat","background-position":"center center","background-size":"auto","background-attachment":"scroll","background-type":"","background-media":"","overlay-type":"","overlay-color":"","overlay-opacity":"","overlay-gradient":""},"mobile":{"background-color":"var(--ast-global-color-5)","background-image":"","background-repeat":"repeat","background-position":"center center","background-size":"auto","background-attachment":"scroll","background-type":"","background-media":"","overlay-type":"","overlay-color":"","overlay-opacity":"","overlay-gradient":""}}},"product_brand":[],"product_cat":[52,258,25,179,409],"product_tag":[364,362,363,74,361,365],"class_list":{"0":"post-3655","1":"product","2":"type-product","3":"status-publish","4":"has-post-thumbnail","6":"product_cat-20th-century","7":"product_cat-curt-wittenbecher","8":"product_cat-deutsch","9":"product_cat-gemaelde","10":"product_cat-landschaft","11":"product_tag-art","12":"product_tag-gemalde","13":"product_tag-kunst","14":"product_tag-painting","15":"product_tag-peintures","16":"product_tag-pittura","17":"desktop-align-center","18":"tablet-align-left","19":"mobile-align-left","21":"first","22":"instock","23":"taxable","24":"shipping-taxable","25":"product-type-simple"},"_links":{"self":[{"href":"https:\/\/collection.galerie-gerdes.com\/fr\/wp-json\/wp\/v2\/product\/3655","targetHints":{"allow":["GET"]}}],"collection":[{"href":"https:\/\/collection.galerie-gerdes.com\/fr\/wp-json\/wp\/v2\/product"}],"about":[{"href":"https:\/\/collection.galerie-gerdes.com\/fr\/wp-json\/wp\/v2\/types\/product"}],"wp:featuredmedia":[{"embeddable":true,"href":"https:\/\/collection.galerie-gerdes.com\/fr\/wp-json\/wp\/v2\/media\/3684"}],"wp:attachment":[{"href":"https:\/\/collection.galerie-gerdes.com\/fr\/wp-json\/wp\/v2\/media?parent=3655"}],"wp:term":[{"taxonomy":"product_brand","embeddable":true,"href":"https:\/\/collection.galerie-gerdes.com\/fr\/wp-json\/wp\/v2\/product_brand?post=3655"},{"taxonomy":"product_cat","embeddable":true,"href":"https:\/\/collection.galerie-gerdes.com\/fr\/wp-json\/wp\/v2\/product_cat?post=3655"},{"taxonomy":"product_tag","embeddable":true,"href":"https:\/\/collection.galerie-gerdes.com\/fr\/wp-json\/wp\/v2\/product_tag?post=3655"}],"curies":[{"name":"wp","href":"https:\/\/api.w.org\/{rel}","templated":true}]}}