{"id":417325,"date":"2026-02-07T17:05:41","date_gmt":"2026-02-07T16:05:41","guid":{"rendered":"https:\/\/collection.galerie-gerdes.com\/?post_type=product&#038;p=417325"},"modified":"2026-02-07T17:05:41","modified_gmt":"2026-02-07T16:05:41","slug":"schafe-auf-winterweide-gemaelde-von-august-wedel","status":"publish","type":"product","link":"https:\/\/collection.galerie-gerdes.com\/fr\/p\/schafe-auf-winterweide-gemaelde-von-august-wedel\/","title":{"rendered":"Schafe auf Winterweide | Gem\u00e4lde von August Wedel"},"content":{"rendered":"<p data-start=\"89\" data-end=\"492\"><strong data-start=\"89\" data-end=\"105\">August Wedel<\/strong> (* 1885 in Frankfurt am Main; \u2020 1953 ebenda) war ein deutscher Maler und Radierer. Seine k\u00fcnstlerische Ausbildung begann er von 1905 bis 1907 am St\u00e4delschen Kunstinstitut in Frankfurt am Main, wo er bei Wilhelm Amandus Beer und Emil Gies studierte. Ab 1907 setzte er sein Studium an der Akademie der Bildenden K\u00fcnste in M\u00fcnchen fort und wurde dort Meistersch\u00fcler von Heinrich von Z\u00fcgel.<\/p>\n<p data-start=\"494\" data-end=\"797\" data-is-last-node=\"\" data-is-only-node=\"\">Erg\u00e4nzend zu seiner akademischen Ausbildung unternahm Wedel mehrere Studienaufenthalte in Italien, die sein k\u00fcnstlerisches Schaffen nachhaltig pr\u00e4gten. Den Schwerpunkt seiner Arbeit legte er auf Malerei und Radierung. Wedel war \u00fcberwiegend in Frankfurt-Eschersheim t\u00e4tig, wo er auch lebte und arbeitete.<\/p>\n","protected":false},"excerpt":{"rendered":"<p>August Wedel (1885 &#8211; 1953)<\/p>\n","protected":false},"featured_media":417762,"template":"","meta":{"site-sidebar-layout":"default","site-content-layout":"","ast-site-content-layout":"default","site-content-style":"default","site-sidebar-style":"default","ast-global-header-display":"","ast-banner-title-visibility":"","ast-main-header-display":"","ast-hfb-above-header-display":"","ast-hfb-below-header-display":"","ast-hfb-mobile-header-display":"","site-post-title":"","ast-breadcrumbs-content":"","ast-featured-img":"","footer-sml-layout":"","ast-disable-related-posts":"","theme-transparent-header-meta":"default","adv-header-id-meta":"","stick-header-meta":"","header-above-stick-meta":"","header-main-stick-meta":"","header-below-stick-meta":"","astra-migrate-meta-layouts":"set","ast-page-background-enabled":"default","ast-page-background-meta":{"desktop":{"background-color":"var(--ast-global-color-4)","background-image":"","background-repeat":"repeat","background-position":"center center","background-size":"auto","background-attachment":"scroll","background-type":"","background-media":"","overlay-type":"","overlay-color":"","overlay-opacity":"","overlay-gradient":""},"tablet":{"background-color":"","background-image":"","background-repeat":"repeat","background-position":"center center","background-size":"auto","background-attachment":"scroll","background-type":"","background-media":"","overlay-type":"","overlay-color":"","overlay-opacity":"","overlay-gradient":""},"mobile":{"background-color":"","background-image":"","background-repeat":"repeat","background-position":"center center","background-size":"auto","background-attachment":"scroll","background-type":"","background-media":"","overlay-type":"","overlay-color":"","overlay-opacity":"","overlay-gradient":""}},"ast-content-background-meta":{"desktop":{"background-color":"var(--ast-global-color-5)","background-image":"","background-repeat":"repeat","background-position":"center center","background-size":"auto","background-attachment":"scroll","background-type":"","background-media":"","overlay-type":"","overlay-color":"","overlay-opacity":"","overlay-gradient":""},"tablet":{"background-color":"var(--ast-global-color-5)","background-image":"","background-repeat":"repeat","background-position":"center center","background-size":"auto","background-attachment":"scroll","background-type":"","background-media":"","overlay-type":"","overlay-color":"","overlay-opacity":"","overlay-gradient":""},"mobile":{"background-color":"var(--ast-global-color-5)","background-image":"","background-repeat":"repeat","background-position":"center center","background-size":"auto","background-attachment":"scroll","background-type":"","background-media":"","overlay-type":"","overlay-color":"","overlay-opacity":"","overlay-gradient":""}}},"product_brand":[],"product_cat":[15361],"product_tag":[],"class_list":{"0":"post-417325","1":"product","2":"type-product","3":"status-publish","4":"has-post-thumbnail","6":"product_cat-august-wedel","7":"desktop-align-center","8":"tablet-align-left","9":"mobile-align-left","11":"first","12":"instock","13":"taxable","14":"shipping-taxable","15":"product-type-simple"},"_links":{"self":[{"href":"https:\/\/collection.galerie-gerdes.com\/fr\/wp-json\/wp\/v2\/product\/417325","targetHints":{"allow":["GET"]}}],"collection":[{"href":"https:\/\/collection.galerie-gerdes.com\/fr\/wp-json\/wp\/v2\/product"}],"about":[{"href":"https:\/\/collection.galerie-gerdes.com\/fr\/wp-json\/wp\/v2\/types\/product"}],"wp:featuredmedia":[{"embeddable":true,"href":"https:\/\/collection.galerie-gerdes.com\/fr\/wp-json\/wp\/v2\/media\/417762"}],"wp:attachment":[{"href":"https:\/\/collection.galerie-gerdes.com\/fr\/wp-json\/wp\/v2\/media?parent=417325"}],"wp:term":[{"taxonomy":"product_brand","embeddable":true,"href":"https:\/\/collection.galerie-gerdes.com\/fr\/wp-json\/wp\/v2\/product_brand?post=417325"},{"taxonomy":"product_cat","embeddable":true,"href":"https:\/\/collection.galerie-gerdes.com\/fr\/wp-json\/wp\/v2\/product_cat?post=417325"},{"taxonomy":"product_tag","embeddable":true,"href":"https:\/\/collection.galerie-gerdes.com\/fr\/wp-json\/wp\/v2\/product_tag?post=417325"}],"curies":[{"name":"wp","href":"https:\/\/api.w.org\/{rel}","templated":true}]}}