{"id":464,"date":"2023-12-26T11:28:42","date_gmt":"2023-12-26T10:28:42","guid":{"rendered":"https:\/\/collection.galerie-gerdes.com\/?post_type=product&#038;p=464"},"modified":"2024-04-24T14:04:00","modified_gmt":"2024-04-24T12:04:00","slug":"johanneskirche-muenchen-haidhausen-1977","status":"publish","type":"product","link":"https:\/\/collection.galerie-gerdes.com\/fr\/p\/johanneskirche-muenchen-haidhausen-1977\/","title":{"rendered":"Gem\u00e4lde Johanneskirche M\u00fcnchen-Haidhausen, 1977 von Max Wolfgang WEBER"},"content":{"rendered":"<p>Max-Wolfgang Weber wurde 1939 in Dresden geboren. Seine k\u00fcnstlerische Ausbildung begann er im Jahr 1953 mit privatem Mal- und Zeichenunterricht bei Prof. Gerhard David in Dresden. Von 1956 bis 1957 studierte er an der Hochschule f\u00fcr Graphik und Buchkunst in Leipzig bei Prof. W. Mattheuer. Anschlie\u00dfend setzte er sein Studium von 1957 bis 1959 an der Akademie der Bildenden K\u00fcnste in M\u00fcnchen bei Prof. Xaver Fuhr fort. Zur Vertiefung seines k\u00fcnstlerischen Wissens und K\u00f6nnens absolvierte er von 1962 bis 1963 ein weiteres Studienjahr an der Akademie der Bildenden K\u00fcnste in Wien unter der Leitung von Prof. Franz Elsner.<\/p>\n<p>Seit dem Jahr 1960 ist Max-Wolfgang Weber als freischaffender K\u00fcnstler in M\u00fcnchen t\u00e4tig. Sein Schaffen wurde im Jahr 1985 mit dem Ankauf eines Hauptwerkes mit dem Titel \u00ab\u00a0Strandbild Narbonne\u00a0\u00bb durch die Bayerische Staatsgem\u00e4ldesammlung gew\u00fcrdigt. Er ist Mitglied im Berufsverband Bildender K\u00fcnstler (BBK) und der VG BILD-KUNST.<\/p>\n<p>Weber hat im Laufe seiner Karriere an zahlreichen Ausstellungen teilgenommen. Unter anderem stellte er 1977 im Kunstforum der St\u00e4dtischen Galerie in M\u00fcnchen aus und war 1979 an der Gro\u00dfen Kunstausstellung im Haus der Kunst M\u00fcnchen beteiligt. Auch international pr\u00e4sentierte er seine Werke, etwa im Institut Francais de Munich im Jahr 1980 oder in der Galerie Du Loup in Gensac\/Gironde, Frankreich, im Jahr 1990.<\/p>\n<p>Weitere bedeutende Ausstellungen von Max-Wolfgang Weber fanden unter anderem im Jahr 2000 im Trafo in M\u00fcnchen statt, anl\u00e4sslich der Veranstaltung \u00ab\u00a010 Jahre vereint\u00a0\u00bb zwischen Leipzig und M\u00fcnchen. Im Jahr 2010 waren seine Werke unter anderem im Referat f\u00fcr Stadtplanung der Stadt M\u00fcnchen im Rahmen der Ausstellung \u00ab\u00a0Bruder Baum\u00a0\u00bb zu sehen. 2012 pr\u00e4sentierte er seine \u00ab\u00a0Energie-Landschaften\u00a0\u00bb im Max-Planck-Institut f\u00fcr Biochemie in Martinsried.<\/p>\n<p>Zu den j\u00fcngsten Ausstellungen z\u00e4hlen \u00ab\u00a0Im Fluss der Zeit\u00a0\u00bb im Karl-Valentin Geburtshaus in M\u00fcnchen im Jahr 2019 sowie \u00ab\u00a0Herbstkl\u00e4nge\u00a0\u00bb im ZUK (Maierhof) Kloster Benediktbeuern und \u00ab\u00a0Herbstakkord\u00a0\u00bb im Schloss Blutenburg, M\u00fcnchen. Im Jahr 2020 zeigte Max-Wolfgang Weber \u00ab\u00a0Neue Bilder\u00a0\u00bb in seinem Atelier Au e.V. in M\u00fcnchen.<\/p>\n","protected":false},"excerpt":{"rendered":"<p>Max Wolfgang WEBER (*1939)<\/p>\n","protected":false},"featured_media":465,"template":"","meta":{"site-sidebar-layout":"default","site-content-layout":"","ast-site-content-layout":"default","site-content-style":"default","site-sidebar-style":"default","ast-global-header-display":"","ast-banner-title-visibility":"","ast-main-header-display":"","ast-hfb-above-header-display":"","ast-hfb-below-header-display":"","ast-hfb-mobile-header-display":"","site-post-title":"","ast-breadcrumbs-content":"","ast-featured-img":"","footer-sml-layout":"","ast-disable-related-posts":"","theme-transparent-header-meta":"default","adv-header-id-meta":"","stick-header-meta":"","header-above-stick-meta":"","header-main-stick-meta":"","header-below-stick-meta":"","astra-migrate-meta-layouts":"set","ast-page-background-enabled":"default","ast-page-background-meta":{"desktop":{"background-color":"var(--ast-global-color-4)","background-image":"","background-repeat":"repeat","background-position":"center center","background-size":"auto","background-attachment":"scroll","background-type":"","background-media":"","overlay-type":"","overlay-color":"","overlay-opacity":"","overlay-gradient":""},"tablet":{"background-color":"","background-image":"","background-repeat":"repeat","background-position":"center center","background-size":"auto","background-attachment":"scroll","background-type":"","background-media":"","overlay-type":"","overlay-color":"","overlay-opacity":"","overlay-gradient":""},"mobile":{"background-color":"","background-image":"","background-repeat":"repeat","background-position":"center center","background-size":"auto","background-attachment":"scroll","background-type":"","background-media":"","overlay-type":"","overlay-color":"","overlay-opacity":"","overlay-gradient":""}},"ast-content-background-meta":{"desktop":{"background-color":"var(--ast-global-color-5)","background-image":"","background-repeat":"repeat","background-position":"center center","background-size":"auto","background-attachment":"scroll","background-type":"","background-media":"","overlay-type":"","overlay-color":"","overlay-opacity":"","overlay-gradient":""},"tablet":{"background-color":"var(--ast-global-color-5)","background-image":"","background-repeat":"repeat","background-position":"center center","background-size":"auto","background-attachment":"scroll","background-type":"","background-media":"","overlay-type":"","overlay-color":"","overlay-opacity":"","overlay-gradient":""},"mobile":{"background-color":"var(--ast-global-color-5)","background-image":"","background-repeat":"repeat","background-position":"center center","background-size":"auto","background-attachment":"scroll","background-type":"","background-media":"","overlay-type":"","overlay-color":"","overlay-opacity":"","overlay-gradient":""}}},"product_brand":[],"product_cat":[52,25,179,161],"product_tag":[364,362,363,74,361,365],"class_list":{"0":"post-464","1":"product","2":"type-product","3":"status-publish","4":"has-post-thumbnail","6":"product_cat-20th-century","7":"product_cat-deutsch","8":"product_cat-gemaelde","9":"product_cat-max-wolfgang-weber","10":"product_tag-art","11":"product_tag-gemalde","12":"product_tag-kunst","13":"product_tag-painting","14":"product_tag-peintures","15":"product_tag-pittura","16":"desktop-align-center","17":"tablet-align-left","18":"mobile-align-left","20":"first","21":"instock","22":"taxable","23":"shipping-taxable","24":"product-type-simple"},"_links":{"self":[{"href":"https:\/\/collection.galerie-gerdes.com\/fr\/wp-json\/wp\/v2\/product\/464","targetHints":{"allow":["GET"]}}],"collection":[{"href":"https:\/\/collection.galerie-gerdes.com\/fr\/wp-json\/wp\/v2\/product"}],"about":[{"href":"https:\/\/collection.galerie-gerdes.com\/fr\/wp-json\/wp\/v2\/types\/product"}],"wp:featuredmedia":[{"embeddable":true,"href":"https:\/\/collection.galerie-gerdes.com\/fr\/wp-json\/wp\/v2\/media\/465"}],"wp:attachment":[{"href":"https:\/\/collection.galerie-gerdes.com\/fr\/wp-json\/wp\/v2\/media?parent=464"}],"wp:term":[{"taxonomy":"product_brand","embeddable":true,"href":"https:\/\/collection.galerie-gerdes.com\/fr\/wp-json\/wp\/v2\/product_brand?post=464"},{"taxonomy":"product_cat","embeddable":true,"href":"https:\/\/collection.galerie-gerdes.com\/fr\/wp-json\/wp\/v2\/product_cat?post=464"},{"taxonomy":"product_tag","embeddable":true,"href":"https:\/\/collection.galerie-gerdes.com\/fr\/wp-json\/wp\/v2\/product_tag?post=464"}],"curies":[{"name":"wp","href":"https:\/\/api.w.org\/{rel}","templated":true}]}}