{"id":466534,"date":"2026-04-01T11:25:14","date_gmt":"2026-04-01T09:25:14","guid":{"rendered":"https:\/\/collection.galerie-gerdes.com\/?post_type=product&#038;p=466534"},"modified":"2026-04-01T11:34:04","modified_gmt":"2026-04-01T09:34:04","slug":"gebirgslandschaft-gemaelde-von-ivo-salinger","status":"publish","type":"product","link":"https:\/\/collection.galerie-gerdes.com\/fr\/p\/gebirgslandschaft-gemaelde-von-ivo-salinger\/","title":{"rendered":"Gebirgslandschaft | Gem\u00e4lde von Ivo Salinger"},"content":{"rendered":"<p>Ivo Saliger (* 21. Oktober 1894 in K\u00f6nigsberg-Wagstadt; \u2020 14. Januar 1987 in Wien) war ein \u00f6sterreichischer Maler und Radierer, der gelegentlich das Pseudonym Ovid Seralgi verwendete.<\/p>\n<p>Saliger wurde in K\u00f6nigsberg in Schlesien (M\u00e4hrisch-Schlesien) geboren. Er war der Sohn des Gerichtssekret\u00e4rs Robert Saliger und der Kaufmannstochter Ida Saliger, geb. M\u00fcck. Mit sieben Jahren zog die Familie nach Iglau, wo Saliger \u00fcber einen befreundeten Maler zur Kunst fand und mit dem Zeichnen begann. Nach dem Tod seines Vaters zog die Familie nach Olm\u00fctz, wo Saliger ersten Unterricht bei einer Malerin erhielt. Er besuchte Gymnasien in Olm\u00fctz und Wien, wo er ab 1908 dauerhaft lebte. Anschlie\u00dfend studierte er an der Graphischen Lehr- und Versuchsanstalt in Wien bei Ludwig Michalek. Von 1912 bis 1917 studierte er Malerei und Radierung an der Akademie der bildenden K\u00fcnste Wien unter Rudolf Jettmar und Ferdinand Schmutzer. 1913 stellte Saliger im Wiener K\u00fcnstlerhaus aus und pr\u00e4sentierte bei der Bugra 1914 mehrere Radierungen. 1917 erhielt er den Staatspreis der Akademie.<\/p>\n<p>1917\/1918 arbeitete Saliger als Assistent von Michalek an der Graphischen Lehr- und Versuchsanstalt und war bis 1919 staatlich bestellter Leiter des Radierkurses und des grafischen Lehrkurses. Sp\u00e4ter lebte er als freischaffender K\u00fcnstler in Wien. 1930 studierte er an der \u00ab\u00a0Academie moderne\u00a0\u00bb in Paris, um seine \u00d6lmalerei und die Darstellung des weiblichen Aktes bei Fernand L\u00e9ger und Am\u00e9d\u00e9e Ozenfant zu vervollkommnen. 1933 erhielt er f\u00fcr sein Bild \u00ab\u00a0Morgenbad\u00a0\u00bb die Medaille der Stadt Graz.<\/p>\n<p>Saliger war seit 1936 illegales NSDAP-Mitglied und beantragte am 13. Juni 1938 die regul\u00e4re Aufnahme in die Partei, die ihm r\u00fcckwirkend zum 1. Mai desselben Jahres gew\u00e4hrt wurde (Mitgliedsnummer 6.309.213). Seine pathetische Bildsprache entsprach dem Geschmack der Nationalsozialisten, wodurch seine Gem\u00e4lde auf den Gro\u00dfen Deutschen Kunstausstellungen zwischen 1937 und 1944 gezeigt wurden.<\/p>\n<p>\u00dcber Salingers k\u00fcnstlerisches Wirken nach 1945 ist wenig bekannt. Er starb 1987 im Alter von 92 Jahren, laut einigen Quellen in Wien, laut anderen in Bad Goisern. Sein Grab befindet sich auf dem Hernalser Friedhof.<\/p>\n<p>Saliger war als Maler und Radierer t\u00e4tig und schuf bevorzugt weibliche Akte, oft vor Landschaften, sowie Gruppenbilder. Zu seinem Gesamtwerk geh\u00f6ren au\u00dferdem Landschaftsbilder und Portr\u00e4ts. In fr\u00fchen Arbeiten griff er das Thema Medizin auf, m\u00f6glicherweise inspiriert durch die Leuk\u00e4mie-Erkrankung seiner Schwester (z. B. Radierung \u00ab\u00a0Der R\u00f6ntgenologe schie\u00dft mit R\u00f6ntgenstrahlen auf den Tod\u00a0\u00bb, 1921). Seine sp\u00e4teren Akt-Gem\u00e4lde zeigen h\u00e4ufig Szenen aus der griechisch-r\u00f6mischen Mythologie, wobei die Figuren oft modische Frisuren oder andere Verweise auf die Gegenwart tragen (z. B. \u00ab\u00a0Rast der Diana\u00a0\u00bb, \u00ab\u00a0Das Urteil des Paris\u00a0\u00bb, 1939), wodurch eine irritierende Wirkung erzielt wird. Seine Werke zeichnen sich oft durch einen hohen Grad an Pathos aus. Saligers Entscheidung, sich den \u00e4sthetischen Normen der NS-Kunstpolitik anzupassen und die Errungenschaften der Moderne zu ignorieren, f\u00fchrte zu einem kraftlosen Malstil mit vergleichsweise matter Farbpalette und tendenziell fl\u00e4chiger Modellierung der K\u00f6rper.<\/p>\n","protected":false},"excerpt":{"rendered":"<p>Ivo SALIGER (1894-1987)<\/p>\n","protected":false},"featured_media":466967,"template":"","meta":{"site-sidebar-layout":"default","site-content-layout":"","ast-site-content-layout":"default","site-content-style":"default","site-sidebar-style":"default","ast-global-header-display":"","ast-banner-title-visibility":"","ast-main-header-display":"","ast-hfb-above-header-display":"","ast-hfb-below-header-display":"","ast-hfb-mobile-header-display":"","site-post-title":"","ast-breadcrumbs-content":"","ast-featured-img":"","footer-sml-layout":"","ast-disable-related-posts":"","theme-transparent-header-meta":"default","adv-header-id-meta":"","stick-header-meta":"","header-above-stick-meta":"","header-main-stick-meta":"","header-below-stick-meta":"","astra-migrate-meta-layouts":"set","ast-page-background-enabled":"default","ast-page-background-meta":{"desktop":{"background-color":"var(--ast-global-color-4)","background-image":"","background-repeat":"repeat","background-position":"center center","background-size":"auto","background-attachment":"scroll","background-type":"","background-media":"","overlay-type":"","overlay-color":"","overlay-opacity":"","overlay-gradient":""},"tablet":{"background-color":"","background-image":"","background-repeat":"repeat","background-position":"center center","background-size":"auto","background-attachment":"scroll","background-type":"","background-media":"","overlay-type":"","overlay-color":"","overlay-opacity":"","overlay-gradient":""},"mobile":{"background-color":"","background-image":"","background-repeat":"repeat","background-position":"center center","background-size":"auto","background-attachment":"scroll","background-type":"","background-media":"","overlay-type":"","overlay-color":"","overlay-opacity":"","overlay-gradient":""}},"ast-content-background-meta":{"desktop":{"background-color":"var(--ast-global-color-5)","background-image":"","background-repeat":"repeat","background-position":"center center","background-size":"auto","background-attachment":"scroll","background-type":"","background-media":"","overlay-type":"","overlay-color":"","overlay-opacity":"","overlay-gradient":""},"tablet":{"background-color":"var(--ast-global-color-5)","background-image":"","background-repeat":"repeat","background-position":"center center","background-size":"auto","background-attachment":"scroll","background-type":"","background-media":"","overlay-type":"","overlay-color":"","overlay-opacity":"","overlay-gradient":""},"mobile":{"background-color":"var(--ast-global-color-5)","background-image":"","background-repeat":"repeat","background-position":"center center","background-size":"auto","background-attachment":"scroll","background-type":"","background-media":"","overlay-type":"","overlay-color":"","overlay-opacity":"","overlay-gradient":""}}},"product_brand":[],"product_cat":[15,52,179,181],"product_tag":[364,362,363,74,361,365,14383,14382],"class_list":{"0":"post-466534","1":"product","2":"type-product","3":"status-publish","4":"has-post-thumbnail","6":"product_cat-oesterreichisch","7":"product_cat-20th-century","8":"product_cat-gemaelde","9":"product_cat-ivo-saliger","10":"product_tag-art","11":"product_tag-gemalde","12":"product_tag-kunst","13":"product_tag-painting","14":"product_tag-peintures","15":"product_tag-pittura","16":"product_tag-sehr-gross","17":"product_tag-speditionsversand","18":"desktop-align-center","19":"tablet-align-left","20":"mobile-align-left","22":"first","23":"instock","24":"taxable","25":"shipping-taxable","26":"product-type-simple"},"_links":{"self":[{"href":"https:\/\/collection.galerie-gerdes.com\/fr\/wp-json\/wp\/v2\/product\/466534","targetHints":{"allow":["GET"]}}],"collection":[{"href":"https:\/\/collection.galerie-gerdes.com\/fr\/wp-json\/wp\/v2\/product"}],"about":[{"href":"https:\/\/collection.galerie-gerdes.com\/fr\/wp-json\/wp\/v2\/types\/product"}],"wp:featuredmedia":[{"embeddable":true,"href":"https:\/\/collection.galerie-gerdes.com\/fr\/wp-json\/wp\/v2\/media\/466967"}],"wp:attachment":[{"href":"https:\/\/collection.galerie-gerdes.com\/fr\/wp-json\/wp\/v2\/media?parent=466534"}],"wp:term":[{"taxonomy":"product_brand","embeddable":true,"href":"https:\/\/collection.galerie-gerdes.com\/fr\/wp-json\/wp\/v2\/product_brand?post=466534"},{"taxonomy":"product_cat","embeddable":true,"href":"https:\/\/collection.galerie-gerdes.com\/fr\/wp-json\/wp\/v2\/product_cat?post=466534"},{"taxonomy":"product_tag","embeddable":true,"href":"https:\/\/collection.galerie-gerdes.com\/fr\/wp-json\/wp\/v2\/product_tag?post=466534"}],"curies":[{"name":"wp","href":"https:\/\/api.w.org\/{rel}","templated":true}]}}