{"id":217754,"date":"2024-08-05T18:47:59","date_gmt":"2024-08-05T16:47:59","guid":{"rendered":"https:\/\/www.collection.galerie-gerdes.com\/?post_type=product&#038;p=217754"},"modified":"2024-08-17T15:02:30","modified_gmt":"2024-08-17T13:02:30","slug":"plomin-dorf-in-kroatien-aquarell-in-herbert-pass","status":"publish","type":"product","link":"https:\/\/collection.galerie-gerdes.com\/hu\/p\/plomin-dorf-in-kroatien-aquarell-in-herbert-pass\/","title":{"rendered":"Plomin, Dorf in Kroatien, 1969 | Aquarell in Herbert Pass"},"content":{"rendered":"<p>Herbert Pass (* 18. Februar 1913 in Wien; \u2020 1983 ebenda) war ein \u00f6sterreichischer Zeichner, Maler und Grafiker. Er absolvierte seine k\u00fcnstlerische Ausbildung an der Wiener Akademie der bildenden K\u00fcnste, wo er bei Carl Fahringer studierte. Ab 1949 war er Mitglied des Wiener K\u00fcnstlerhauses. Pass hatte eine aktive Ausstellungst\u00e4tigkeit sowohl in \u00d6sterreich als auch international. Zu seinen bedeutenden Ausstellungen z\u00e4hlen die Teilnahme an der Biennale in Venedig 1950 und der Biennale in S\u00e3o Paulo 1951. F\u00fcr seine Werke erhielt er zahlreiche Auszeichnungen, darunter den \u00d6sterreichischen Staatspreis 1948 und 1950, den Ehrenpreis des Wiener K\u00fcnstlerhauses 1958 und den Preis des Bundesministeriums f\u00fcr Unterricht 1959.<\/p>\n","protected":false},"excerpt":{"rendered":"<p>Herbert Pass (1913\u20131983)<\/p>\n","protected":false},"featured_media":217818,"template":"","meta":{"site-sidebar-layout":"default","site-content-layout":"","ast-site-content-layout":"default","site-content-style":"default","site-sidebar-style":"default","ast-global-header-display":"","ast-banner-title-visibility":"","ast-main-header-display":"","ast-hfb-above-header-display":"","ast-hfb-below-header-display":"","ast-hfb-mobile-header-display":"","site-post-title":"","ast-breadcrumbs-content":"","ast-featured-img":"","footer-sml-layout":"","ast-disable-related-posts":"","theme-transparent-header-meta":"default","adv-header-id-meta":"","stick-header-meta":"","header-above-stick-meta":"","header-main-stick-meta":"","header-below-stick-meta":"","astra-migrate-meta-layouts":"set","ast-page-background-enabled":"default","ast-page-background-meta":{"desktop":{"background-color":"var(--ast-global-color-4)","background-image":"","background-repeat":"repeat","background-position":"center center","background-size":"auto","background-attachment":"scroll","background-type":"","background-media":"","overlay-type":"","overlay-color":"","overlay-opacity":"","overlay-gradient":""},"tablet":{"background-color":"","background-image":"","background-repeat":"repeat","background-position":"center center","background-size":"auto","background-attachment":"scroll","background-type":"","background-media":"","overlay-type":"","overlay-color":"","overlay-opacity":"","overlay-gradient":""},"mobile":{"background-color":"","background-image":"","background-repeat":"repeat","background-position":"center center","background-size":"auto","background-attachment":"scroll","background-type":"","background-media":"","overlay-type":"","overlay-color":"","overlay-opacity":"","overlay-gradient":""}},"ast-content-background-meta":{"desktop":{"background-color":"var(--ast-global-color-5)","background-image":"","background-repeat":"repeat","background-position":"center center","background-size":"auto","background-attachment":"scroll","background-type":"","background-media":"","overlay-type":"","overlay-color":"","overlay-opacity":"","overlay-gradient":""},"tablet":{"background-color":"var(--ast-global-color-5)","background-image":"","background-repeat":"repeat","background-position":"center center","background-size":"auto","background-attachment":"scroll","background-type":"","background-media":"","overlay-type":"","overlay-color":"","overlay-opacity":"","overlay-gradient":""},"mobile":{"background-color":"var(--ast-global-color-5)","background-image":"","background-repeat":"repeat","background-position":"center center","background-size":"auto","background-attachment":"scroll","background-type":"","background-media":"","overlay-type":"","overlay-color":"","overlay-opacity":"","overlay-gradient":""}}},"product_brand":[],"product_cat":[14322],"product_tag":[],"class_list":{"0":"post-217754","1":"product","2":"type-product","3":"status-publish","4":"has-post-thumbnail","6":"product_cat-herbert-pass","7":"desktop-align-center","8":"tablet-align-left","9":"mobile-align-left","11":"first","12":"instock","13":"taxable","14":"shipping-taxable","15":"product-type-simple"},"_links":{"self":[{"href":"https:\/\/collection.galerie-gerdes.com\/hu\/wp-json\/wp\/v2\/product\/217754","targetHints":{"allow":["GET"]}}],"collection":[{"href":"https:\/\/collection.galerie-gerdes.com\/hu\/wp-json\/wp\/v2\/product"}],"about":[{"href":"https:\/\/collection.galerie-gerdes.com\/hu\/wp-json\/wp\/v2\/types\/product"}],"wp:featuredmedia":[{"embeddable":true,"href":"https:\/\/collection.galerie-gerdes.com\/hu\/wp-json\/wp\/v2\/media\/217818"}],"wp:attachment":[{"href":"https:\/\/collection.galerie-gerdes.com\/hu\/wp-json\/wp\/v2\/media?parent=217754"}],"wp:term":[{"taxonomy":"product_brand","embeddable":true,"href":"https:\/\/collection.galerie-gerdes.com\/hu\/wp-json\/wp\/v2\/product_brand?post=217754"},{"taxonomy":"product_cat","embeddable":true,"href":"https:\/\/collection.galerie-gerdes.com\/hu\/wp-json\/wp\/v2\/product_cat?post=217754"},{"taxonomy":"product_tag","embeddable":true,"href":"https:\/\/collection.galerie-gerdes.com\/hu\/wp-json\/wp\/v2\/product_tag?post=217754"}],"curies":[{"name":"wp","href":"https:\/\/api.w.org\/{rel}","templated":true}]}}