{"id":236286,"date":"2024-09-10T08:49:21","date_gmt":"2024-09-10T06:49:21","guid":{"rendered":"https:\/\/www.collection.galerie-gerdes.com\/?post_type=product&#038;p=236286"},"modified":"2024-09-25T15:10:39","modified_gmt":"2024-09-25T13:10:39","slug":"rosen-stillleben-1939-gemaelde-von-ludwig-wuertele-eingeliefert-1940-fuer-die-grosse-deutsche-kunstausstellung","status":"publish","type":"product","link":"https:\/\/collection.galerie-gerdes.com\/hu\/p\/rosen-stillleben-1939-gemaelde-von-ludwig-wuertele-eingeliefert-1940-fuer-die-grosse-deutsche-kunstausstellung\/","title":{"rendered":"Rosen Stillleben, 1939 | Gem\u00e4lde von Ludwig W\u00fcrtele | Eingeliefert 1940 f\u00fcr die gro\u00dfe Deutsche Kunstausstellung"},"content":{"rendered":"<p>Ludwig W\u00fcrtele (1884 Heidelberg \u2013 1953) war ein deutscher Maler und Zeichner. Urspr\u00fcnglich von Beruf Retoucheur (Reprograf), bildete er sich parallel dazu privat in der Malerei weiter. Ab 1912 war er in Heidelberg ans\u00e4ssig und t\u00e4tig. W\u00e4hrend des Ersten Weltkriegs diente er von 1915 bis 1918 im Kriegsdienst. Nach dem Krieg studierte er von 1920 bis 1924 an der Kunstakademie Karlsruhe bei Albert Haueisen.<\/p>\n<p>W\u00fcrtele schuf 1928 ein Portr\u00e4t des Kunsthistorikers Karl Lohmeyer, das sich heute im Besitz des Kurpf\u00e4lzischen Museums Heidelberg befindet. Er nahm an mehreren Ausstellungen teil, darunter 1934 und 1936 an der \u201eSt\u00e4ndigen Kunstausstellung\u201c in Baden-Baden, 1941 an der \u201eOberrheinischen Kunstausstellung\u201c in der Kunsthalle Baden-Baden und 1945 an der Ausstellung \u201eBadische K\u00fcnstler \u2013 Maler, Graphiker und Bildhauer aus Nordbaden\u201c im Kunstverein Karlsruhe, der ersten Ausstellung nach dem Zweiten Weltkrieg in Karlsruhe. Zudem unternahm er Studienreisen nach Italien und Frankreich.<\/p>\n","protected":false},"excerpt":{"rendered":"<p>Ludwig W\u00fcrtele (1884 &#8211; 1953)<br \/>\nLeinwand mit Dellen<\/p>\n","protected":false},"featured_media":236618,"template":"","meta":{"site-sidebar-layout":"default","site-content-layout":"","ast-site-content-layout":"default","site-content-style":"default","site-sidebar-style":"default","ast-global-header-display":"","ast-banner-title-visibility":"","ast-main-header-display":"","ast-hfb-above-header-display":"","ast-hfb-below-header-display":"","ast-hfb-mobile-header-display":"","site-post-title":"","ast-breadcrumbs-content":"","ast-featured-img":"","footer-sml-layout":"","ast-disable-related-posts":"","theme-transparent-header-meta":"default","adv-header-id-meta":"","stick-header-meta":"","header-above-stick-meta":"","header-main-stick-meta":"","header-below-stick-meta":"","astra-migrate-meta-layouts":"set","ast-page-background-enabled":"default","ast-page-background-meta":{"desktop":{"background-color":"var(--ast-global-color-4)","background-image":"","background-repeat":"repeat","background-position":"center center","background-size":"auto","background-attachment":"scroll","background-type":"","background-media":"","overlay-type":"","overlay-color":"","overlay-opacity":"","overlay-gradient":""},"tablet":{"background-color":"","background-image":"","background-repeat":"repeat","background-position":"center center","background-size":"auto","background-attachment":"scroll","background-type":"","background-media":"","overlay-type":"","overlay-color":"","overlay-opacity":"","overlay-gradient":""},"mobile":{"background-color":"","background-image":"","background-repeat":"repeat","background-position":"center center","background-size":"auto","background-attachment":"scroll","background-type":"","background-media":"","overlay-type":"","overlay-color":"","overlay-opacity":"","overlay-gradient":""}},"ast-content-background-meta":{"desktop":{"background-color":"var(--ast-global-color-5)","background-image":"","background-repeat":"repeat","background-position":"center center","background-size":"auto","background-attachment":"scroll","background-type":"","background-media":"","overlay-type":"","overlay-color":"","overlay-opacity":"","overlay-gradient":""},"tablet":{"background-color":"var(--ast-global-color-5)","background-image":"","background-repeat":"repeat","background-position":"center center","background-size":"auto","background-attachment":"scroll","background-type":"","background-media":"","overlay-type":"","overlay-color":"","overlay-opacity":"","overlay-gradient":""},"mobile":{"background-color":"var(--ast-global-color-5)","background-image":"","background-repeat":"repeat","background-position":"center center","background-size":"auto","background-attachment":"scroll","background-type":"","background-media":"","overlay-type":"","overlay-color":"","overlay-opacity":"","overlay-gradient":""}}},"product_brand":[],"product_cat":[14375],"product_tag":[],"class_list":{"0":"post-236286","1":"product","2":"type-product","3":"status-publish","4":"has-post-thumbnail","6":"product_cat-ludwig-wuertele","7":"desktop-align-center","8":"tablet-align-left","9":"mobile-align-left","11":"first","12":"instock","13":"taxable","14":"shipping-taxable","15":"product-type-simple"},"_links":{"self":[{"href":"https:\/\/collection.galerie-gerdes.com\/hu\/wp-json\/wp\/v2\/product\/236286","targetHints":{"allow":["GET"]}}],"collection":[{"href":"https:\/\/collection.galerie-gerdes.com\/hu\/wp-json\/wp\/v2\/product"}],"about":[{"href":"https:\/\/collection.galerie-gerdes.com\/hu\/wp-json\/wp\/v2\/types\/product"}],"wp:featuredmedia":[{"embeddable":true,"href":"https:\/\/collection.galerie-gerdes.com\/hu\/wp-json\/wp\/v2\/media\/236618"}],"wp:attachment":[{"href":"https:\/\/collection.galerie-gerdes.com\/hu\/wp-json\/wp\/v2\/media?parent=236286"}],"wp:term":[{"taxonomy":"product_brand","embeddable":true,"href":"https:\/\/collection.galerie-gerdes.com\/hu\/wp-json\/wp\/v2\/product_brand?post=236286"},{"taxonomy":"product_cat","embeddable":true,"href":"https:\/\/collection.galerie-gerdes.com\/hu\/wp-json\/wp\/v2\/product_cat?post=236286"},{"taxonomy":"product_tag","embeddable":true,"href":"https:\/\/collection.galerie-gerdes.com\/hu\/wp-json\/wp\/v2\/product_tag?post=236286"}],"curies":[{"name":"wp","href":"https:\/\/api.w.org\/{rel}","templated":true}]}}